{"id":194,"date":"2023-07-15T08:09:36","date_gmt":"2023-07-15T06:09:36","guid":{"rendered":"https:\/\/redfoxaffiliates.com\/inicio\/"},"modified":"2026-01-03T11:02:13","modified_gmt":"2026-01-03T10:02:13","slug":"inicio","status":"publish","type":"page","link":"https:\/\/redfoxaffiliates.com\/es\/","title":{"rendered":"Inicio"},"content":{"rendered":"&#13;\n<p>RedFoxAffiliates.com es el programa de afiliados de RedFoxLotto.com. RedFoxLotto es un servicio de mensajer\u00eda para boletos de loter\u00eda. A trav\u00e9s del sitio web RedFoxLotto.com, los aficionados a la loter\u00eda de todo el mundo pueden pedir boletos reales para un gran n\u00famero de loter\u00edas internacionales.<\/p>&#13;\n<h2>\u00bfPuede atraer tr\u00e1fico?<\/h2>&#13;\n<p>Si puede atraer tr\u00e1fico (nuevos clientes potenciales) a nuestro sitio web, ganar\u00e1 comisiones. Usted nos env\u00eda tr\u00e1fico y nosotros lo convertimos. M\u00e1s tr\u00e1fico significa m\u00e1s clientes que pagan y mayores comisiones para usted.&#13;\n<\/p>&#13;\n<h2>Nuestro servicio de boletos de loter\u00eda es el producto ideal para promocionar en l\u00ednea<\/h2>&#13;\n<p>Es un producto sencillo que todo el mundo conoce. Los enormes botes generan un gran inter\u00e9s entre el p\u00fablico global.&#13;\n<\/p>&#13;\n<h2>F\u00e1cil conversi\u00f3n: de visitante a cliente<\/h2>&#13;\n<p>Comprar boletos en l\u00ednea a trav\u00e9s de nuestro sitio web es muy f\u00e1cil. Registrarse en redfoxlotto.com solo lleva unos segundos, y pedir un boleto y pagar en l\u00ednea es igual de r\u00e1pido y sencillo. T\u00fa nos env\u00edas a tus visitantes y nosotros los convertimos.&#13;\n<\/p>&#13;\n<h2>Nuestros clientes son fieles: vuelven y compran m\u00e1s boletos durante mucho tiempo.<\/h2>&#13;\n<p>Una vez que sus visitantes realizan su primera compra, seguir\u00e1n volviendo para comprar boletos adicionales. Muchos de nuestros clientes llevan con nosotros diez a\u00f1os o incluso m\u00e1s. Si nos recomienda a un cliente, es probable que gane comisiones por las compras de ese cliente durante los pr\u00f3ximos a\u00f1os.&#13;\n<\/p>&#13;\n<p>Reg\u00edstrese ahora en nuestro programa de afiliados. La inscripci\u00f3n es gratuita. Si tiene alguna pregunta, consulte primero nuestra p\u00e1gina de preguntas frecuentes. P\u00f3ngase en contacto con nosotros si tiene m\u00e1s preguntas.&#13;\n<\/p>&#13;\n<p>Siga este enlace para unirse a nuestro programa de afiliados. Una vez que se haya registrado, recibir\u00e1 un correo electr\u00f3nico nuestro. No olvide hacer clic en el enlace de confirmaci\u00f3n que aparece en ese correo electr\u00f3nico. Su registro ser\u00e1 revisado y su cuenta de afiliado se activar\u00e1 en un plazo de 48 horas.<\/p>&#13;\n<p>\u00a0<\/p>&#13;\n","protected":false},"excerpt":{"rendered":"<p>&#13; RedFoxAffiliates.com es el programa de afiliados de RedFoxLotto.com. RedFoxLotto es un servicio de mensajer\u00eda para boletos de loter\u00eda. A trav\u00e9s del sitio web RedFoxLotto.com, los aficionados a la loter\u00eda de todo el mundo pueden pedir boletos reales para un gran n\u00famero de loter\u00edas internacionales. &#13; \u00bfPuede atraer tr\u00e1fico? &#13;<\/p>\n<p><a href=\"https:\/\/redfoxaffiliates.com\/es\/\" class=\"more-link\">Continue Reading<span class=\"screen-reader-text\">Inicio<\/span><\/a><\/p>\n","protected":false},"author":1,"featured_media":0,"parent":0,"menu_order":0,"comment_status":"closed","ping_status":"closed","template":"","meta":{"footnotes":""},"class_list":["post-194","page","type-page","status-publish","hentry"],"yoast_head":"<!-- This site is optimized with the Yoast SEO plugin v22.4 - https:\/\/yoast.com\/wordpress\/plugins\/seo\/ -->\n<title>Programa de afiliados de RedFoxLotto.com<\/title>\n<meta name=\"description\" content=\"Nuestro programa de afiliados permite a los socios de RedFoxLotto ganar comisiones por sus referencias. \u00a1Convi\u00e9rtase en socio comercial y comience a promocionar nuestro servicio de venta de boletos de loter\u00eda en l\u00ednea hoy mismo!\" \/>\n<meta name=\"robots\" content=\"index, follow, max-snippet:-1, max-image-preview:large, max-video-preview:-1\" \/>\n<link rel=\"canonical\" href=\"https:\/\/redfoxaffiliates.com\/es\/inicio\/\" \/>\n<meta property=\"og:locale\" content=\"es_ES\" \/>\n<meta property=\"og:type\" content=\"article\" \/>\n<meta property=\"og:title\" content=\"Programa de afiliados de RedFoxLotto.com\" \/>\n<meta property=\"og:description\" content=\"Nuestro programa de afiliados permite a los socios de RedFoxLotto ganar comisiones por sus referencias. \u00a1Convi\u00e9rtase en socio comercial y comience a promocionar nuestro servicio de venta de boletos de loter\u00eda en l\u00ednea hoy mismo!\" \/>\n<meta property=\"og:url\" content=\"https:\/\/redfoxaffiliates.com\/es\/inicio\/\" \/>\n<meta property=\"og:site_name\" content=\"RedFoxLotto Affiliate Program\" \/>\n<meta property=\"article:modified_time\" content=\"2026-01-03T10:02:13+00:00\" \/>\n<meta name=\"twitter:card\" content=\"summary_large_image\" \/>\n<meta name=\"twitter:label1\" content=\"Tiempo de lectura\" \/>\n\t<meta name=\"twitter:data1\" content=\"2 minutos\" \/>\n<script type=\"application\/ld+json\" class=\"yoast-schema-graph\">{\"@context\":\"https:\/\/schema.org\",\"@graph\":[{\"@type\":\"WebPage\",\"@id\":\"https:\/\/redfoxaffiliates.com\/es\/inicio\/\",\"url\":\"https:\/\/redfoxaffiliates.com\/es\/inicio\/\",\"name\":\"Programa de afiliados de RedFoxLotto.com\",\"isPartOf\":{\"@id\":\"https:\/\/redfoxaffiliates.com\/#website\"},\"datePublished\":\"2023-07-15T06:09:36+00:00\",\"dateModified\":\"2026-01-03T10:02:13+00:00\",\"description\":\"Nuestro programa de afiliados permite a los socios de RedFoxLotto ganar comisiones por sus referencias. \u00a1Convi\u00e9rtase en socio comercial y comience a promocionar nuestro servicio de venta de boletos de loter\u00eda en l\u00ednea hoy mismo!\",\"breadcrumb\":{\"@id\":\"https:\/\/redfoxaffiliates.com\/es\/inicio\/#breadcrumb\"},\"inLanguage\":\"es\",\"potentialAction\":[{\"@type\":\"ReadAction\",\"target\":[\"https:\/\/redfoxaffiliates.com\/es\/inicio\/\"]}]},{\"@type\":\"BreadcrumbList\",\"@id\":\"https:\/\/redfoxaffiliates.com\/es\/inicio\/#breadcrumb\",\"itemListElement\":[{\"@type\":\"ListItem\",\"position\":1,\"name\":\"Home\",\"item\":\"https:\/\/redfoxaffiliates.com\/es\/inicio\/\"},{\"@type\":\"ListItem\",\"position\":2,\"name\":\"Inicio\"}]},{\"@type\":\"WebSite\",\"@id\":\"https:\/\/redfoxaffiliates.com\/#website\",\"url\":\"https:\/\/redfoxaffiliates.com\/\",\"name\":\"RedFoxLotto Affiliate Program\",\"description\":\"The site for marketing partners of RedFoxLotto.com\",\"potentialAction\":[{\"@type\":\"SearchAction\",\"target\":{\"@type\":\"EntryPoint\",\"urlTemplate\":\"https:\/\/redfoxaffiliates.com\/?s={search_term_string}\"},\"query-input\":\"required name=search_term_string\"}],\"inLanguage\":\"es\"}]}<\/script>\n<!-- \/ Yoast SEO plugin. -->","yoast_head_json":{"title":"Programa de afiliados de RedFoxLotto.com","description":"Nuestro programa de afiliados permite a los socios de RedFoxLotto ganar comisiones por sus referencias. \u00a1Convi\u00e9rtase en socio comercial y comience a promocionar nuestro servicio de venta de boletos de loter\u00eda en l\u00ednea hoy mismo!","robots":{"index":"index","follow":"follow","max-snippet":"max-snippet:-1","max-image-preview":"max-image-preview:large","max-video-preview":"max-video-preview:-1"},"canonical":"https:\/\/redfoxaffiliates.com\/es\/inicio\/","og_locale":"es_ES","og_type":"article","og_title":"Programa de afiliados de RedFoxLotto.com","og_description":"Nuestro programa de afiliados permite a los socios de RedFoxLotto ganar comisiones por sus referencias. \u00a1Convi\u00e9rtase en socio comercial y comience a promocionar nuestro servicio de venta de boletos de loter\u00eda en l\u00ednea hoy mismo!","og_url":"https:\/\/redfoxaffiliates.com\/es\/inicio\/","og_site_name":"RedFoxLotto Affiliate Program","article_modified_time":"2026-01-03T10:02:13+00:00","twitter_card":"summary_large_image","twitter_misc":{"Tiempo de lectura":"2 minutos"},"schema":{"@context":"https:\/\/schema.org","@graph":[{"@type":"WebPage","@id":"https:\/\/redfoxaffiliates.com\/es\/inicio\/","url":"https:\/\/redfoxaffiliates.com\/es\/inicio\/","name":"Programa de afiliados de RedFoxLotto.com","isPartOf":{"@id":"https:\/\/redfoxaffiliates.com\/#website"},"datePublished":"2023-07-15T06:09:36+00:00","dateModified":"2026-01-03T10:02:13+00:00","description":"Nuestro programa de afiliados permite a los socios de RedFoxLotto ganar comisiones por sus referencias. \u00a1Convi\u00e9rtase en socio comercial y comience a promocionar nuestro servicio de venta de boletos de loter\u00eda en l\u00ednea hoy mismo!","breadcrumb":{"@id":"https:\/\/redfoxaffiliates.com\/es\/inicio\/#breadcrumb"},"inLanguage":"es","potentialAction":[{"@type":"ReadAction","target":["https:\/\/redfoxaffiliates.com\/es\/inicio\/"]}]},{"@type":"BreadcrumbList","@id":"https:\/\/redfoxaffiliates.com\/es\/inicio\/#breadcrumb","itemListElement":[{"@type":"ListItem","position":1,"name":"Home","item":"https:\/\/redfoxaffiliates.com\/es\/inicio\/"},{"@type":"ListItem","position":2,"name":"Inicio"}]},{"@type":"WebSite","@id":"https:\/\/redfoxaffiliates.com\/#website","url":"https:\/\/redfoxaffiliates.com\/","name":"RedFoxLotto Affiliate Program","description":"The site for marketing partners of RedFoxLotto.com","potentialAction":[{"@type":"SearchAction","target":{"@type":"EntryPoint","urlTemplate":"https:\/\/redfoxaffiliates.com\/?s={search_term_string}"},"query-input":"required name=search_term_string"}],"inLanguage":"es"}]}},"_links":{"self":[{"href":"https:\/\/redfoxaffiliates.com\/es\/wp-json\/wp\/v2\/pages\/194","targetHints":{"allow":["GET"]}}],"collection":[{"href":"https:\/\/redfoxaffiliates.com\/es\/wp-json\/wp\/v2\/pages"}],"about":[{"href":"https:\/\/redfoxaffiliates.com\/es\/wp-json\/wp\/v2\/types\/page"}],"author":[{"embeddable":true,"href":"https:\/\/redfoxaffiliates.com\/es\/wp-json\/wp\/v2\/users\/1"}],"replies":[{"embeddable":true,"href":"https:\/\/redfoxaffiliates.com\/es\/wp-json\/wp\/v2\/comments?post=194"}],"version-history":[{"count":1,"href":"https:\/\/redfoxaffiliates.com\/es\/wp-json\/wp\/v2\/pages\/194\/revisions"}],"predecessor-version":[{"id":195,"href":"https:\/\/redfoxaffiliates.com\/es\/wp-json\/wp\/v2\/pages\/194\/revisions\/195"}],"wp:attachment":[{"href":"https:\/\/redfoxaffiliates.com\/es\/wp-json\/wp\/v2\/media?parent=194"}],"curies":[{"name":"wp","href":"https:\/\/api.w.org\/{rel}","templated":true}]}}