{"id":351,"date":"2026-01-01T21:16:49","date_gmt":"2026-01-01T20:16:49","guid":{"rendered":"https:\/\/redfoxaffiliates.com\/om-etik-i-affiliate-marketing-programmer\/"},"modified":"2026-01-01T21:16:49","modified_gmt":"2026-01-01T20:16:49","slug":"om-etik-i-affiliate-marketing-programmer","status":"publish","type":"page","link":"https:\/\/redfoxaffiliates.com\/da\/om-etik-i-affiliate-marketing-programmer\/","title":{"rendered":"Om etik i affiliate marketing-programmer"},"content":{"rendered":"<p>Du bliver m\u00e5ske overrasket over at finde en henvisning til etik p\u00e5 et affiliate-programs hjemmeside. Vi er enige i, at det er us\u00e6dvanligt.<\/p>\n<p>Men det er et vigtigt emne for os. Tidligere affiliates driver b\u00e5de RedFoxLotto.com og dette affiliate-program. Vi har arbejdet med de samme virksomheder, som du har arbejdet med (eller m\u00e5ske stadig arbejder med). Efter mere end 12 \u00e5r i affiliate-branchen inden for spil har vi set mange d\u00e5rlige ting. Indt\u00e6gtsreduktion, \u00e6ndringer i vilk\u00e5r og betingelser, der resulterer i tab af indt\u00e6gter for affiliate-partneren, forsinkede eller manglende betalinger, at vores kunder bliver stj\u00e5let fra os (eller fra andre affiliate-partnere) \u2013 vi har set det hele.<\/p>\n<p>Desv\u00e6rre er dette en branche, hvor h\u00e5rdtarbejdende partnere hele tiden uds\u00e6ttes for d\u00e5rlige ting. Derfor besluttede vi at tage det n\u00e6ste skridt. Vi lancerede vores eget produkt, RedFoxLotto.com. Vores markedsf\u00f8ringsplan er enkel: 100 % baseret p\u00e5 SEO og online affiliate marketing.<\/p>\n<p>Da vi selv har v\u00e6ret affiliate-partnere, lover vi at drive et 100 % etisk og \u00e6rligt affiliate-program. Ja, de siger alle sammen, at vi ikke vil g\u00f8re dette eller hint. Men vi mener, hvad vi siger.<\/p>\n<p>Her er, hvad du kan forvente af os<br \/>\nEn aftale er en aftale! Det betyder, at hvis vi siger, at du vil modtage en andel af den indt\u00e6gt, du genererer i hele den periode, hvor de kunder, du har skaffet, er aktive, s\u00e5 mener vi det. Vi vil aldrig \u00e6ndre mening om det.<br \/>\nVi vil aldrig manipulere indtjeningsrapporter for at reducere vores omkostninger. Vi vil heller aldrig fjerne kunder fra din konto. Vi \u00f8nsker, at du f\u00e5r s\u00e5 stor succes som muligt. Du er vores forretningspartner, og vores succes afh\u00e6nger af dig!<br \/>\nVi betaler dig til tiden. Du har ogs\u00e5 forpligtelser og udgifter, og det forst\u00e5r vi godt.<br \/>\nKontakt os, hvis du har sp\u00f8rgsm\u00e5l eller brug for vores hj\u00e6lp. Brug kontaktformularen i den \u00f8verste menulinje. Lad os m\u00f8des og se, om vi begge kan tjene nogle penge!<\/p>\n","protected":false},"excerpt":{"rendered":"<p>Du bliver m\u00e5ske overrasket over at finde en henvisning til etik p\u00e5 et affiliate-programs hjemmeside. Vi er enige i, at det er us\u00e6dvanligt. Men det er et vigtigt emne for os. Tidligere affiliates driver b\u00e5de RedFoxLotto.com og dette affiliate-program. Vi har arbejdet med de samme virksomheder, som du har arbejdet<\/p>\n<p><a href=\"https:\/\/redfoxaffiliates.com\/da\/om-etik-i-affiliate-marketing-programmer\/\" class=\"more-link\">Continue Reading<span class=\"screen-reader-text\">Om etik i affiliate marketing-programmer<\/span><\/a><\/p>\n","protected":false},"author":1,"featured_media":0,"parent":0,"menu_order":7,"comment_status":"closed","ping_status":"closed","template":"","meta":{"footnotes":""},"class_list":["post-351","page","type-page","status-publish","hentry"],"yoast_head":"<!-- This site is optimized with the Yoast SEO plugin v22.4 - https:\/\/yoast.com\/wordpress\/plugins\/seo\/ -->\n<title>Etik og tilknytning til lotterimarkedet<\/title>\n<meta name=\"description\" content=\"Der findes mange lotteri-affiliateprogrammer, der stj\u00e6ler penge fra deres affiliates. Derfor er emnet etisk forretning vigtigt for os.\" \/>\n<meta name=\"robots\" content=\"index, follow, max-snippet:-1, max-image-preview:large, max-video-preview:-1\" \/>\n<link rel=\"canonical\" href=\"https:\/\/redfoxaffiliates.com\/ethics-and-affiliate-marketing-programs\/\" \/>\n<meta property=\"og:locale\" content=\"da_DK\" \/>\n<meta property=\"og:type\" content=\"article\" \/>\n<meta property=\"og:title\" content=\"Etik og tilknytning til lotterimarkedet\" \/>\n<meta property=\"og:description\" content=\"Der findes mange lotteri-affiliateprogrammer, der stj\u00e6ler penge fra deres affiliates. Derfor er emnet etisk forretning vigtigt for os.\" \/>\n<meta property=\"og:url\" content=\"https:\/\/redfoxaffiliates.com\/ethics-and-affiliate-marketing-programs\/\" \/>\n<meta property=\"og:site_name\" content=\"RedFoxLotto Affiliate Program\" \/>\n<meta name=\"twitter:card\" content=\"summary_large_image\" \/>\n<meta name=\"twitter:label1\" content=\"Estimeret l\u00e6setid\" \/>\n\t<meta name=\"twitter:data1\" content=\"2 minutter\" \/>\n<script type=\"application\/ld+json\" class=\"yoast-schema-graph\">{\"@context\":\"https:\/\/schema.org\",\"@graph\":[{\"@type\":\"WebPage\",\"@id\":\"https:\/\/redfoxaffiliates.com\/ethics-and-affiliate-marketing-programs\/\",\"url\":\"https:\/\/redfoxaffiliates.com\/ethics-and-affiliate-marketing-programs\/\",\"name\":\"Etik og tilknytning til lotterimarkedet\",\"isPartOf\":{\"@id\":\"https:\/\/redfoxaffiliates.com\/#website\"},\"datePublished\":\"2026-01-01T20:16:49+00:00\",\"dateModified\":\"2026-01-01T20:16:49+00:00\",\"description\":\"Der findes mange lotteri-affiliateprogrammer, der stj\u00e6ler penge fra deres affiliates. Derfor er emnet etisk forretning vigtigt for os.\",\"breadcrumb\":{\"@id\":\"https:\/\/redfoxaffiliates.com\/ethics-and-affiliate-marketing-programs\/#breadcrumb\"},\"inLanguage\":\"da-DK\",\"potentialAction\":[{\"@type\":\"ReadAction\",\"target\":[\"https:\/\/redfoxaffiliates.com\/ethics-and-affiliate-marketing-programs\/\"]}]},{\"@type\":\"BreadcrumbList\",\"@id\":\"https:\/\/redfoxaffiliates.com\/ethics-and-affiliate-marketing-programs\/#breadcrumb\",\"itemListElement\":[{\"@type\":\"ListItem\",\"position\":1,\"name\":\"Home\",\"item\":\"https:\/\/redfoxaffiliates.com\/da\/hjem\/\"},{\"@type\":\"ListItem\",\"position\":2,\"name\":\"Om etik i affiliate marketing-programmer\"}]},{\"@type\":\"WebSite\",\"@id\":\"https:\/\/redfoxaffiliates.com\/#website\",\"url\":\"https:\/\/redfoxaffiliates.com\/\",\"name\":\"RedFoxLotto Affiliate Program\",\"description\":\"The site for marketing partners of RedFoxLotto.com\",\"potentialAction\":[{\"@type\":\"SearchAction\",\"target\":{\"@type\":\"EntryPoint\",\"urlTemplate\":\"https:\/\/redfoxaffiliates.com\/?s={search_term_string}\"},\"query-input\":\"required name=search_term_string\"}],\"inLanguage\":\"da-DK\"}]}<\/script>\n<!-- \/ Yoast SEO plugin. -->","yoast_head_json":{"title":"Etik og tilknytning til lotterimarkedet","description":"Der findes mange lotteri-affiliateprogrammer, der stj\u00e6ler penge fra deres affiliates. Derfor er emnet etisk forretning vigtigt for os.","robots":{"index":"index","follow":"follow","max-snippet":"max-snippet:-1","max-image-preview":"max-image-preview:large","max-video-preview":"max-video-preview:-1"},"canonical":"https:\/\/redfoxaffiliates.com\/ethics-and-affiliate-marketing-programs\/","og_locale":"da_DK","og_type":"article","og_title":"Etik og tilknytning til lotterimarkedet","og_description":"Der findes mange lotteri-affiliateprogrammer, der stj\u00e6ler penge fra deres affiliates. Derfor er emnet etisk forretning vigtigt for os.","og_url":"https:\/\/redfoxaffiliates.com\/ethics-and-affiliate-marketing-programs\/","og_site_name":"RedFoxLotto Affiliate Program","twitter_card":"summary_large_image","twitter_misc":{"Estimeret l\u00e6setid":"2 minutter"},"schema":{"@context":"https:\/\/schema.org","@graph":[{"@type":"WebPage","@id":"https:\/\/redfoxaffiliates.com\/ethics-and-affiliate-marketing-programs\/","url":"https:\/\/redfoxaffiliates.com\/ethics-and-affiliate-marketing-programs\/","name":"Etik og tilknytning til lotterimarkedet","isPartOf":{"@id":"https:\/\/redfoxaffiliates.com\/#website"},"datePublished":"2026-01-01T20:16:49+00:00","dateModified":"2026-01-01T20:16:49+00:00","description":"Der findes mange lotteri-affiliateprogrammer, der stj\u00e6ler penge fra deres affiliates. Derfor er emnet etisk forretning vigtigt for os.","breadcrumb":{"@id":"https:\/\/redfoxaffiliates.com\/ethics-and-affiliate-marketing-programs\/#breadcrumb"},"inLanguage":"da-DK","potentialAction":[{"@type":"ReadAction","target":["https:\/\/redfoxaffiliates.com\/ethics-and-affiliate-marketing-programs\/"]}]},{"@type":"BreadcrumbList","@id":"https:\/\/redfoxaffiliates.com\/ethics-and-affiliate-marketing-programs\/#breadcrumb","itemListElement":[{"@type":"ListItem","position":1,"name":"Home","item":"https:\/\/redfoxaffiliates.com\/da\/hjem\/"},{"@type":"ListItem","position":2,"name":"Om etik i affiliate marketing-programmer"}]},{"@type":"WebSite","@id":"https:\/\/redfoxaffiliates.com\/#website","url":"https:\/\/redfoxaffiliates.com\/","name":"RedFoxLotto Affiliate Program","description":"The site for marketing partners of RedFoxLotto.com","potentialAction":[{"@type":"SearchAction","target":{"@type":"EntryPoint","urlTemplate":"https:\/\/redfoxaffiliates.com\/?s={search_term_string}"},"query-input":"required name=search_term_string"}],"inLanguage":"da-DK"}]}},"_links":{"self":[{"href":"https:\/\/redfoxaffiliates.com\/da\/wp-json\/wp\/v2\/pages\/351","targetHints":{"allow":["GET"]}}],"collection":[{"href":"https:\/\/redfoxaffiliates.com\/da\/wp-json\/wp\/v2\/pages"}],"about":[{"href":"https:\/\/redfoxaffiliates.com\/da\/wp-json\/wp\/v2\/types\/page"}],"author":[{"embeddable":true,"href":"https:\/\/redfoxaffiliates.com\/da\/wp-json\/wp\/v2\/users\/1"}],"replies":[{"embeddable":true,"href":"https:\/\/redfoxaffiliates.com\/da\/wp-json\/wp\/v2\/comments?post=351"}],"version-history":[{"count":0,"href":"https:\/\/redfoxaffiliates.com\/da\/wp-json\/wp\/v2\/pages\/351\/revisions"}],"wp:attachment":[{"href":"https:\/\/redfoxaffiliates.com\/da\/wp-json\/wp\/v2\/media?parent=351"}],"curies":[{"name":"wp","href":"https:\/\/api.w.org\/{rel}","templated":true}]}}