{"id":328,"date":"2026-01-01T21:15:19","date_gmt":"2026-01-01T20:15:19","guid":{"rendered":"https:\/\/redfoxaffiliates.com\/saadan-starter-du-en-online-affiliate-virksomhed\/"},"modified":"2026-01-01T21:15:19","modified_gmt":"2026-01-01T20:15:19","slug":"saadan-starter-du-en-online-affiliate-virksomhed","status":"publish","type":"page","link":"https:\/\/redfoxaffiliates.com\/da\/saadan-starter-du-en-online-affiliate-virksomhed\/","title":{"rendered":"S\u00e5dan starter du en online affiliate-virksomhed"},"content":{"rendered":"<h2>Hvad er affiliate marketing?<\/h2>\n<p>Mange online-leverand\u00f8rer har s\u00e5kaldte affiliateprogrammer. Alle kan oprette en affiliate-konto der og begynde at promovere deres produkter online. Promot\u00f8ren (dig) f\u00e5r en provision for at henvise betalende kunder til leverand\u00f8ren.<\/p>\n<p>Se menuen til h\u00f8jre. Der er et link til en PDF-begyndervejledning om, hvordan man kommer i gang med en affiliate-virksomhed fra bunden og med minimal investering.<\/p>\n<h2>Hvordan f\u00e5r du betaling?<\/h2>\n<p>N\u00e5r du er tilmeldt affiliateprogrammet, kan du downloade s\u00e5kaldte tracking-links og\/eller bannere med &#8220;tracked links&#8221; p\u00e5 affiliate-webstedet. Disse kan integreres p\u00e5 dit websted, og n\u00e5r en bes\u00f8gende klikker p\u00e5 linket, ved s\u00e6lgeren, hvilken affiliate der henviste kunden baseret p\u00e5 ID-nummeret i linket.<\/p>\n<p>Der er to grundl\u00e6ggende modeller for dit samarbejde med affiliateprogrammet:<\/p>\n<p>CPA (Cost per Acquisition), hvor affiliaten modtager et fast bel\u00f8b, n\u00e5r en ny kunde n\u00e5r en defineret salgst\u00e6rskel.<\/p>\n<p>Revenue Share (ogs\u00e5 ofte omtalt som MGR), hvor affiliaten f\u00e5r udbetalt en procentdel af salgsindt\u00e6gterne. Afh\u00e6ngigt af vilk\u00e5rene og betingelserne vil du blive betalt en provisionsprocent p\u00e5 alle fremtidige salg, eller kun i en bestemt periode.<\/p>\n<h2>Hvordan promoverer du disse leverand\u00f8rer?<\/h2>\n<p>Det, du har mest brug for for at starte med affiliate marketing, er en hjemmeside, der driver trafik. Se afsnittet &#8220;Lav en plan&#8221; nedenfor! At f\u00e5 &#8220;trafik&#8221; til din hjemmeside er det vigtigste.<\/p>\n<p>Denne hjemmeside kan enten v\u00e6re en hjemmeside relateret til et specifikt produkt (det produkt, du vil promovere) eller bare en hjemmeside om et hvilket som helst emne, s\u00e5 l\u00e6nge den genererer nok trafik. Eksempel: Du bygger en hjemmeside om et emne, du kender godt, s\u00e5som dykning. Du skriver godt indhold, og folk bes\u00f8ger din hjemmeside. Derefter begynder du at promovere en online salgsside, der specialiserer sig i dykkerudstyr. Hver gang en bes\u00f8gende g\u00e5r fra din hjemmeside til s\u00e6lgerens hjemmeside og k\u00f8ber noget, f\u00e5r du en provision.<\/p>\n<h2>Social Media Marketing<\/h2>\n<p>Hvis du har et publikum p\u00e5 sociale medier, har du m\u00e5ske ikke engang brug for en hjemmeside. Du kan bruge de samme sporede affiliate links til at begynde at promovere s\u00e6lgerens produkter. Og hvis din m\u00e5lgruppe er global, er det s\u00e5 meget desto bedre. Mange lande har lotterier med lave udbetalinger eller slet ingen lotterier. Indbyggere i disse lande er det ideelle publikum for vores lotteritjeneste.<\/p>\n<h2>Der er prim\u00e6rt to scenarier:<\/h2>\n<p>Hvis du havde en hjemmeside med en bred vifte af emner, og den hjemmeside havde tusindvis af bes\u00f8gende hver dag, kunne du mere eller mindre s\u00e6lge ethvert produkt, du \u00f8nskede. Det store antal bes\u00f8gende ville generere betydelige indt\u00e6gter. Og vores affiliateprogram er et glimrende match for enhver hjemmeside, fordi alle elsker jo lotteriet, ikke?<\/p>\n<p>Hvis du for eksempel havde en lotteri-relateret hjemmeside, ville du sandsynligvis have f\u00e6rre bes\u00f8gende. Trafikken er dog mere &#8220;m\u00e5lrettet&#8221;, dvs. dine bes\u00f8gende er mere tilb\u00f8jelige til at k\u00f8be de lotterikuponer, du promoverer. Selv hvis du kun havde 10 bes\u00f8gende om dagen, ville du stadig se en vis indt\u00e6gt. Og der er \u00e9n ting ved at spille lotteri: folk har en tendens til at blive ved med at spille i lang, lang tid. N\u00e5r du har henvist et vist antal kunder til vores affiliateprogram, vil du se en relativt stabil indt\u00e6gtsstr\u00f8m.<\/p>\n<h2>Hvordan f\u00e5r du bes\u00f8gende til din hjemmeside?<\/h2>\n<p>For at tiltr\u00e6kke bes\u00f8gende skal du have artikler af h\u00f8j kvalitet p\u00e5 din hjemmeside, der giver l\u00e6serne nyttige oplysninger. Du skal ogs\u00e5 l\u00e6re det grundl\u00e6ggende i SEO (s\u00f8gemaskineoptimering). Dette er vigtigt, fordi der er specifikke &#8220;regler&#8221;, du skal kende for at sikre, at siderne p\u00e5 din hjemmeside rangerer h\u00f8jt p\u00e5 Google for s\u00f8geord, der kan bringe dig bes\u00f8gende. Affiliates kalder det at &#8220;drive trafik&#8221; til din hjemmeside.<\/p>\n<p>SEO er ikke raketvidenskab. Bare google &#8220;SEO basics&#8221; og l\u00e6s lidt for at l\u00e6re de vigtigste regler for at oprette dine artikler og forbedre dine f\u00e6rdigheder senere.<\/p>\n<h2>Styrken ved at have en e-mailliste<\/h2>\n<p>Ops\u00e6t altid din hjemmeside, s\u00e5 bes\u00f8gende har en grund til at tilmelde sig eller efterlade deres e-mailadresser. Opbyg en liste og brug den til at sende e-mails, der promoverer s\u00e6rlige begivenheder, udsalg og mere. Hvis du allerede har en liste, beh\u00f8ver du m\u00e5ske ikke engang en hjemmeside for at v\u00e6re affiliate. Men k\u00f8b ikke lister fra spam-baserede e-mailadressesalgssider &#8211; de er ikke det v\u00e6rd.<\/p>\n<h2>Hvor meget koster det at komme i gang med affiliate marketing?<\/h2>\n<p>Simpelt svar: intet eller n\u00e6sten ingenting!<\/p>\n<p>Alt du beh\u00f8ver er et dom\u00e6nenavn og en hostingplan til webhotel. Som nybegynder beh\u00f8ver du ikke din egen server; grundl\u00e6ggende webhosting, tilg\u00e6ngelig fra \u20ac 2 om m\u00e5neden, er tilstr\u00e6kkeligt til at komme i gang.<\/p>\n<p>V\u00e6lg en p\u00e5lidelig hostingudbyder, og v\u00e6lg et tilg\u00e6ngeligt dom\u00e6nenavn. T\u00e6nk venligst over navnet p\u00e5 dit dom\u00e6ne, f\u00f8r du bestiller det. V\u00e6lg derefter en grundl\u00e6ggende hostingplan. Registrer dig og betal for kontoen. Log derefter ind p\u00e5 din klientkonto, og kig dig omkring. Et tip: Kig efter en ekstra funktion kaldet &#8220;Dom\u00e6neprivatliv&#8221; &#8211; dette er noget at overveje, hvis du af en eller anden grund ikke \u00f8nsker, at nogen skal vide, at du ejer og driver denne hjemmeside og affiliaten.<\/p>\n<h2>spiste forretning forbundet med det.<\/h2>\n<p>Vi anbefaler at starte med at installere et WordPress-websted ved hj\u00e6lp af en gratis skabelon (et layout). WordPress er et Content Management System (CMS), der automatisk bygger dit websted og lader dig administrere det. Webhoteludbydere har enkle funktioner, som du kan bruge til at oprette et WordPress-websted p\u00e5 f\u00e5 sekunder. Der kr\u00e6ves slet ingen programmeringsf\u00e6rdigheder!<\/p>\n<p>L\u00e6s den introducerende vejledning for at l\u00e6re de mest essentielle funktioner i WordPress. Du beh\u00f8ver kun et par timer for at tilegne dig de grundl\u00e6ggende f\u00e6rdigheder, der kr\u00e6ves for at administrere et simpelt websted. Der er detaljeret dokumentation p\u00e5 WordPress-webstedet og et forum, hvor du kan bede mere erfarne brugere om hj\u00e6lp.<\/p>\n<h2>Hvor mange penge kan du tjene som affiliate?<\/h2>\n<p>Det afh\u00e6nger meget af, hvor engageret du er, og hvor god du er. Nogle affiliates tjener millioner, andre tjener meget lidt, men mange tjener flere hundrede euro om m\u00e5neden. Forvent ikke at tjene penge med det samme. Det tager tid for dit websted at tiltr\u00e6kke bes\u00f8gende. Hvis du investerer det n\u00f8dvendige arbejde, vil du kunne leve af det i det lange l\u00f8b.<\/p>\n<h2>Skal\/kan man g\u00f8re dette p\u00e5 fuld tid eller deltid?<\/h2>\n<p>Det m\u00e5 alle selv afg\u00f8re. Men 90 procent af affiliates starter i branchen p\u00e5 deltid. En stor procentdel af affiliates overg\u00e5r til fuldtidsstillinger efter at have opn\u00e5et tilstr\u00e6kkelig succes og brancheerfaring.<\/p>\n<h2>Er dette lovligt?<\/h2>\n<p>Absolut, medmindre du promoverer produkter, der er ulovlige i dit bop\u00e6lsland. Hvis det er tilf\u00e6ldet, skal du tr\u00e6ffe foranstaltninger for at beskytte dig selv mod potentielle problemer. Se blandt andet &#8220;Dom\u00e6nebeskyttelse&#8221; ovenfor. S\u00f8rg for ikke at v\u00e6lge en dom\u00e6neregistrator og\/eller hostingtjeneste i et land, hvor dit websted ville v\u00e6re ulovligt!<\/p>\n<h2>Vigtigst af alt: Lav en plan!<\/h2>\n<p>F\u00f8r du kan tjene penge gennem et affiliateprogram, skal du udvikle en solid plan og indsamle de vigtigste oplysninger. Du har m\u00e5ske set Kevin Costner-filmen &#8220;Field of Dreams&#8221;, hvor en stemme fra himlen siger: &#8220;Byg det, og de vil komme.&#8221; Hvis du tror, \u200b\u200bdu kan lave et websted om et hvilket som helst emne og forventer, at pengene snart ruller ind, vil du ende med at blive frustreret.<\/p>\n<p>Men hvis du griber sagen an med en plan, kan du tjene gode penge, og det er utrolig sjovt at reklamere for et affiliateprogram. Det er ideelt at starte i en deltidsstilling, og hvis det g\u00e5r godt, kan du nemt overg\u00e5 til fuldtid.<\/p>\n<h2>Din plan skal indeholde f\u00f8lgende ting:<\/h2>\n<p>V\u00e6lg et emne, du br\u00e6nder for, og som du kan give dine l\u00e6sere v\u00e6rdifuld information om. Hvis du er ny inden for dette, skal du altid v\u00e6lge et &#8220;niche&#8221;-emne &#8211; hvis der er tonsvis af andre websteder om det emne, vil du have sv\u00e6rt ved at konkurrere med dem. Det vil ogs\u00e5 v\u00e6re udfordrende at rangere for alle s\u00f8geord. Du skal selvf\u00f8lgelig v\u00e6lge et emne, der passer til et produkt, der kan k\u00f8bes online og har et affiliateprogram.<\/p>\n<p>Lav en liste over s\u00f8geordskombinationer, som potentielle bes\u00f8gende m\u00e5ske s\u00f8ger efter p\u00e5 Google. V\u00e6r opm\u00e6rksom p\u00e5, at det er n\u00e6sten umuligt at opn\u00e5 h\u00f8je placeringer for \u00e5benlyse s\u00f8geord som &#8220;lotto online&#8221;. G\u00e5 efter mere specifikke s\u00e6tninger. Et ekstremt eksempel ville v\u00e6re &#8220;Kan folk deltage i Powerball, hvis de ikke bor i USA?&#8221;<\/p>\n<p>Beslut derefter, hvilken s\u00f8geordskombination du vil m\u00e5lrette mod p\u00e5 din hjemmesides startside. Skriv en artikel til din hjemmeside for den p\u00e5g\u00e6ldende s\u00f8geordskombination. Udvikl derefter en plan for din hjemmesides struktur. Skriv et par flere artikler for andre s\u00f8geordskombinationer, som du kan komme p\u00e5.<\/p>\n<h2>Fra da af skal dit fokus v\u00e6re p\u00e5 to ting:<\/h2>\n<p>Byg links, der peger p\u00e5 din hjemmeside. Links er som positive stemmer for din hjemmeside; links af h\u00f8j kvalitet kan forbedre din placering i s\u00f8gemaskinerne. Sp\u00f8rg venner med hjemmesider om links, kontakt andre webmastere, og tilbyd at skrive en artikel til geng\u00e6ld for links osv. De bedste links kommer dog naturligt, n\u00e5r folk l\u00e6ser dine artikler og linker til din side, fordi de kunne lide det, du skrev!<\/p>\n<p>Skab mere indhold (artikler) med god SEO. Brug din fantasi, og skriv nye artikler regelm\u00e6ssigt. Overvej at tilf\u00f8je 2-3 artikler om ugen til at begynde med.<\/p>\n<p>Mens du udf\u00f8rer ovenst\u00e5ende, vil du blive mere og mere dygtig, og de f\u00f8rste bes\u00f8gende vil ankomme til din hjemmeside. Brug en (gratis) tjeneste som www.clicky.com eller Google Analytics til at overv\u00e5ge dine bes\u00f8gstal og deres adf\u00e6rd. Tjek din affiliateprogramkonto med j\u00e6vne mellemrum for at se, om du genererer indt\u00e6gter.<\/p>\n<p>Brug en SEO-tjeneste til at hj\u00e6lpe dig med at finde flere s\u00f8geord relateret til dit prim\u00e6re s\u00f8geord. Skab SEO-optimeret indhold, der er m\u00e5lrettet mod disse s\u00f8geord. Mere indhold driver mere trafik til dit websted og \u00f8ger dine provisioner.<\/p>\n<p>Over tid, efterh\u00e5nden som du l\u00e6gger arbejdet i det, vil du n\u00e6sten helt sikkert se en positiv effekt p\u00e5 dit bes\u00f8gstal og din oms\u00e6tning.<\/p>\n<p><em>Personligt talt<\/em>: Folkene bag RedFoxLotto og affiliateprogrammet startede som affiliates for mere end 15 \u00e5r siden. De har haft ret stor succes lige siden. Og hvis du sp\u00f8rger dem, hvad de kan lide ved denne forretning, vil de fort\u00e6lle dig dette:<\/p>\n<ul>\n<li>Ubegr\u00e6nset og globalt indtjeningspotentiale<\/li>\n<li>Du kan starte din affiliate marketing-virksomhed n\u00e6sten uden investeringer<\/li>\n<li>Det kan give dig \u00f8konomisk uafh\u00e6ngighed<\/li>\n<li>Du kan arbejde online, hvor som helst du vil<\/li>\n<\/ul>\n","protected":false},"excerpt":{"rendered":"<p>Hvad er affiliate marketing? Mange online-leverand\u00f8rer har s\u00e5kaldte affiliateprogrammer. Alle kan oprette en affiliate-konto der og begynde at promovere deres produkter online. Promot\u00f8ren (dig) f\u00e5r en provision for at henvise betalende kunder til leverand\u00f8ren. Se menuen til h\u00f8jre. Der er et link til en PDF-begyndervejledning om, hvordan man kommer i<\/p>\n<p><a href=\"https:\/\/redfoxaffiliates.com\/da\/saadan-starter-du-en-online-affiliate-virksomhed\/\" class=\"more-link\">Continue Reading<span class=\"screen-reader-text\">S\u00e5dan starter du en online affiliate-virksomhed<\/span><\/a><\/p>\n","protected":false},"author":1,"featured_media":0,"parent":0,"menu_order":6,"comment_status":"closed","ping_status":"closed","template":"","meta":{"footnotes":""},"class_list":["post-328","page","type-page","status-publish","hentry"],"yoast_head":"<!-- This site is optimized with the Yoast SEO plugin v22.4 - https:\/\/yoast.com\/wordpress\/plugins\/seo\/ -->\n<title>S\u00e5dan kommer du i gang og udvider din online affiliate-marketingvirksomhed<\/title>\n<meta name=\"description\" content=\"En k\u00f8replan til succes for en affiliate-virksomhed. Begynd at tjene provision online ved at blive affiliate og marketingpartner\" \/>\n<meta name=\"robots\" content=\"index, follow, max-snippet:-1, max-image-preview:large, max-video-preview:-1\" \/>\n<link rel=\"canonical\" href=\"https:\/\/redfoxaffiliates.com\/how-to-start-an-online-affiliate-marketing-business\/\" \/>\n<meta property=\"og:locale\" content=\"da_DK\" \/>\n<meta property=\"og:type\" content=\"article\" \/>\n<meta property=\"og:title\" content=\"S\u00e5dan kommer du i gang og udvider din online affiliate-marketingvirksomhed\" \/>\n<meta property=\"og:description\" content=\"En k\u00f8replan til succes for en affiliate-virksomhed. Begynd at tjene provision online ved at blive affiliate og marketingpartner\" \/>\n<meta property=\"og:url\" content=\"https:\/\/redfoxaffiliates.com\/how-to-start-an-online-affiliate-marketing-business\/\" \/>\n<meta property=\"og:site_name\" content=\"RedFoxLotto Affiliate Program\" \/>\n<meta name=\"twitter:card\" content=\"summary_large_image\" \/>\n<meta name=\"twitter:label1\" content=\"Estimeret l\u00e6setid\" \/>\n\t<meta name=\"twitter:data1\" content=\"9 minutter\" \/>\n<script type=\"application\/ld+json\" class=\"yoast-schema-graph\">{\"@context\":\"https:\/\/schema.org\",\"@graph\":[{\"@type\":\"WebPage\",\"@id\":\"https:\/\/redfoxaffiliates.com\/how-to-start-an-online-affiliate-marketing-business\/\",\"url\":\"https:\/\/redfoxaffiliates.com\/how-to-start-an-online-affiliate-marketing-business\/\",\"name\":\"S\u00e5dan kommer du i gang og udvider din online affiliate-marketingvirksomhed\",\"isPartOf\":{\"@id\":\"https:\/\/redfoxaffiliates.com\/#website\"},\"datePublished\":\"2026-01-01T20:15:19+00:00\",\"dateModified\":\"2026-01-01T20:15:19+00:00\",\"description\":\"En k\u00f8replan til succes for en affiliate-virksomhed. Begynd at tjene provision online ved at blive affiliate og marketingpartner\",\"breadcrumb\":{\"@id\":\"https:\/\/redfoxaffiliates.com\/how-to-start-an-online-affiliate-marketing-business\/#breadcrumb\"},\"inLanguage\":\"da-DK\",\"potentialAction\":[{\"@type\":\"ReadAction\",\"target\":[\"https:\/\/redfoxaffiliates.com\/how-to-start-an-online-affiliate-marketing-business\/\"]}]},{\"@type\":\"BreadcrumbList\",\"@id\":\"https:\/\/redfoxaffiliates.com\/how-to-start-an-online-affiliate-marketing-business\/#breadcrumb\",\"itemListElement\":[{\"@type\":\"ListItem\",\"position\":1,\"name\":\"Home\",\"item\":\"https:\/\/redfoxaffiliates.com\/da\/hjem\/\"},{\"@type\":\"ListItem\",\"position\":2,\"name\":\"S\u00e5dan starter du en online affiliate-virksomhed\"}]},{\"@type\":\"WebSite\",\"@id\":\"https:\/\/redfoxaffiliates.com\/#website\",\"url\":\"https:\/\/redfoxaffiliates.com\/\",\"name\":\"RedFoxLotto Affiliate Program\",\"description\":\"The site for marketing partners of RedFoxLotto.com\",\"potentialAction\":[{\"@type\":\"SearchAction\",\"target\":{\"@type\":\"EntryPoint\",\"urlTemplate\":\"https:\/\/redfoxaffiliates.com\/?s={search_term_string}\"},\"query-input\":\"required name=search_term_string\"}],\"inLanguage\":\"da-DK\"}]}<\/script>\n<!-- \/ Yoast SEO plugin. -->","yoast_head_json":{"title":"S\u00e5dan kommer du i gang og udvider din online affiliate-marketingvirksomhed","description":"En k\u00f8replan til succes for en affiliate-virksomhed. Begynd at tjene provision online ved at blive affiliate og marketingpartner","robots":{"index":"index","follow":"follow","max-snippet":"max-snippet:-1","max-image-preview":"max-image-preview:large","max-video-preview":"max-video-preview:-1"},"canonical":"https:\/\/redfoxaffiliates.com\/how-to-start-an-online-affiliate-marketing-business\/","og_locale":"da_DK","og_type":"article","og_title":"S\u00e5dan kommer du i gang og udvider din online affiliate-marketingvirksomhed","og_description":"En k\u00f8replan til succes for en affiliate-virksomhed. Begynd at tjene provision online ved at blive affiliate og marketingpartner","og_url":"https:\/\/redfoxaffiliates.com\/how-to-start-an-online-affiliate-marketing-business\/","og_site_name":"RedFoxLotto Affiliate Program","twitter_card":"summary_large_image","twitter_misc":{"Estimeret l\u00e6setid":"9 minutter"},"schema":{"@context":"https:\/\/schema.org","@graph":[{"@type":"WebPage","@id":"https:\/\/redfoxaffiliates.com\/how-to-start-an-online-affiliate-marketing-business\/","url":"https:\/\/redfoxaffiliates.com\/how-to-start-an-online-affiliate-marketing-business\/","name":"S\u00e5dan kommer du i gang og udvider din online affiliate-marketingvirksomhed","isPartOf":{"@id":"https:\/\/redfoxaffiliates.com\/#website"},"datePublished":"2026-01-01T20:15:19+00:00","dateModified":"2026-01-01T20:15:19+00:00","description":"En k\u00f8replan til succes for en affiliate-virksomhed. Begynd at tjene provision online ved at blive affiliate og marketingpartner","breadcrumb":{"@id":"https:\/\/redfoxaffiliates.com\/how-to-start-an-online-affiliate-marketing-business\/#breadcrumb"},"inLanguage":"da-DK","potentialAction":[{"@type":"ReadAction","target":["https:\/\/redfoxaffiliates.com\/how-to-start-an-online-affiliate-marketing-business\/"]}]},{"@type":"BreadcrumbList","@id":"https:\/\/redfoxaffiliates.com\/how-to-start-an-online-affiliate-marketing-business\/#breadcrumb","itemListElement":[{"@type":"ListItem","position":1,"name":"Home","item":"https:\/\/redfoxaffiliates.com\/da\/hjem\/"},{"@type":"ListItem","position":2,"name":"S\u00e5dan starter du en online affiliate-virksomhed"}]},{"@type":"WebSite","@id":"https:\/\/redfoxaffiliates.com\/#website","url":"https:\/\/redfoxaffiliates.com\/","name":"RedFoxLotto Affiliate Program","description":"The site for marketing partners of RedFoxLotto.com","potentialAction":[{"@type":"SearchAction","target":{"@type":"EntryPoint","urlTemplate":"https:\/\/redfoxaffiliates.com\/?s={search_term_string}"},"query-input":"required name=search_term_string"}],"inLanguage":"da-DK"}]}},"_links":{"self":[{"href":"https:\/\/redfoxaffiliates.com\/da\/wp-json\/wp\/v2\/pages\/328","targetHints":{"allow":["GET"]}}],"collection":[{"href":"https:\/\/redfoxaffiliates.com\/da\/wp-json\/wp\/v2\/pages"}],"about":[{"href":"https:\/\/redfoxaffiliates.com\/da\/wp-json\/wp\/v2\/types\/page"}],"author":[{"embeddable":true,"href":"https:\/\/redfoxaffiliates.com\/da\/wp-json\/wp\/v2\/users\/1"}],"replies":[{"embeddable":true,"href":"https:\/\/redfoxaffiliates.com\/da\/wp-json\/wp\/v2\/comments?post=328"}],"version-history":[{"count":0,"href":"https:\/\/redfoxaffiliates.com\/da\/wp-json\/wp\/v2\/pages\/328\/revisions"}],"wp:attachment":[{"href":"https:\/\/redfoxaffiliates.com\/da\/wp-json\/wp\/v2\/media?parent=328"}],"curies":[{"name":"wp","href":"https:\/\/api.w.org\/{rel}","templated":true}]}}