{"id":305,"date":"2023-07-15T13:46:59","date_gmt":"2023-07-15T11:46:59","guid":{"rendered":"https:\/\/redfoxaffiliates.com\/ofte-stillede-spoergsmaal\/"},"modified":"2023-07-15T13:46:59","modified_gmt":"2023-07-15T11:46:59","slug":"ofte-stillede-spoergsmaal","status":"publish","type":"page","link":"https:\/\/redfoxaffiliates.com\/da\/ofte-stillede-spoergsmaal\/","title":{"rendered":"Ofte stillede sp\u00f8rgsm\u00e5l"},"content":{"rendered":"<h2>Hvad betyder det at v\u00e6re tilknyttet?<\/h2>\n<p>At v\u00e6re tilknyttet er en markedsf\u00f8ringsstrategi. Mange produkter, tjenester og websteder bruger tilknyttede virksomheder til at markedsf\u00f8re deres produkter og tjenester. Alle tilknyttede virksomheder til RedFoxLotto.com kan promovere os.<\/p>\n<h2>Er der nogen udgifter eller tilmeldingsomkostninger?<\/h2>\n<p>Nej. Det er helt gratis at tilmelde sig vores tilknyttede program. De eneste udgifter for dig er de udgifter, du har til at drive dine websteder eller anskaffe dit eget markedsf\u00f8ringsmateriale.<\/p>\n<h2>Hvordan kan jeg promovere jer?<\/h2>\n<p>Du kan bruge alle former for online- og offline-strategier. Her er to af de mest almindelige m\u00e5der:<\/p>\n<ul>\n<li>Du kan oprette en hjemmeside (lotterirelateret eller andet) og bruge den til at promovere RedFoxLotto. F\u00e5 trafik ved at rangere efter s\u00f8geord i Google-s\u00f8gninger, og promover din hjemmeside p\u00e5 sociale medier. Mere trafik til din hjemmeside betyder flere klik til RedFoxLotto &#8211; hvilket betyder flere penge til dig.<\/li>\n<li>Opret en lotterihjemmeside, brug affiliate-links, der peger p\u00e5 RedFoxLotto.com, og promover derefter din hjemmeside offline.<\/li>\n<\/ul>\n<h2>Hvor meget kan jeg tjene?<\/h2>\n<p>Der er ingen gr\u00e6nse. Du f\u00e5r en procentdel af det netto salgsbel\u00f8b, du genererer. Og for hver m\u00e5ned, hvor du genererer h\u00f8jere provisioner, stiger din procentdel. L\u00e6s denne artikel for flere detaljer.<\/p>\n<h2>Hvad er et affiliate-link?<\/h2>\n<p>Et affiliate-link er et link, der indeholder en tracker &#8211; en dedikeret identifikator, der kun er forbundet med din affiliate-konto. Du inds\u00e6tter disse links p\u00e5 din hjemmeside. Derefter klikker en af dine hjemmesides bes\u00f8gende p\u00e5 det og foretager et k\u00f8b p\u00e5 RedFoxLotto.com. Vores affiliate-system identificerer ved hj\u00e6lp af denne tracker-kode den nye kunde som en kunde, du har henvist. Du f\u00e5r en provision for dette salg. Ethvert fremtidigt k\u00f8b foretaget af denne kunde vil ogs\u00e5 generere en ny provision til dig.<\/p>\n<p>N\u00e5r en kunde bes\u00f8ger vores hjemmeside ved at klikke p\u00e5 et af dine affiliate-links, genereres der en cookie p\u00e5 hans enhed. Det sikrer, at hvis han ikke foretager et k\u00f8b ved sit f\u00f8rste bes\u00f8g, men vender tilbage senere for at k\u00f8be lotteri, vil han stadig blive identificeret som \u00bbdit\u00ab salg.<\/p>\n<h2>Hvad med login til affiliate-kontoen?<\/h2>\n<p>N\u00e5r du har registreret dig her p\u00e5 vores hjemmeside, gennemg\u00e5r vi din registrering. N\u00e5r det er gjort, opretter vi en affiliate-konto til dig. Derefter sender vi dig en e-mail med en URL, hvor du kan logge ind p\u00e5 din affiliate-konto med et brugernavn og en midlertidig adgangskode. N\u00e5r du har logget ind p\u00e5 din konto (affiliate-backend), kan du \u00e6ndre adgangskoden og kontrollere, om alle dine personlige oplysninger er korrekte.<\/p>\n<p>Du vil kunne oprette kampagner med dedikerede affiliate-links til forskellige marketingaktiviteter. Lad os sige, at du har flere hjemmesider. I s\u00e5 fald vil du nok \u00f8nske at oprette en kampagne pr. hjemmeside. P\u00e5 den m\u00e5de kan du se resultaterne for hver hjemmeside separat.<\/p>\n<p>I affiliate-backend kan du ogs\u00e5 se dine bes\u00f8gsstatistikker og kommissionsrapporter. Det marketingmateriale, du kan bruge til at promovere vores produkter, kan ogs\u00e5 downloades der.<\/p>\n<h2>Provisionsbetalinger<\/h2>\n<p>Den 15. i hver m\u00e5ned betaler vi dig den provision, du har tjent i den foreg\u00e5ende m\u00e5ned. Skrill, Neteller og bankoverf\u00f8rsel er de s\u00e6dvanlige metoder, men andre muligheder kan ogs\u00e5 diskuteres.<\/p>\n","protected":false},"excerpt":{"rendered":"<p>Hvad betyder det at v\u00e6re tilknyttet? At v\u00e6re tilknyttet er en markedsf\u00f8ringsstrategi. Mange produkter, tjenester og websteder bruger tilknyttede virksomheder til at markedsf\u00f8re deres produkter og tjenester. Alle tilknyttede virksomheder til RedFoxLotto.com kan promovere os. Er der nogen udgifter eller tilmeldingsomkostninger? Nej. Det er helt gratis at tilmelde sig vores<\/p>\n<p><a href=\"https:\/\/redfoxaffiliates.com\/da\/ofte-stillede-spoergsmaal\/\" class=\"more-link\">Continue Reading<span class=\"screen-reader-text\">Ofte stillede sp\u00f8rgsm\u00e5l<\/span><\/a><\/p>\n","protected":false},"author":1,"featured_media":0,"parent":0,"menu_order":3,"comment_status":"closed","ping_status":"closed","template":"","meta":{"footnotes":""},"class_list":["post-305","page","type-page","status-publish","hentry"],"yoast_head":"<!-- This site is optimized with the Yoast SEO plugin v22.4 - https:\/\/yoast.com\/wordpress\/plugins\/seo\/ -->\n<title>Ofte stillede sp\u00f8rgsm\u00e5l om affiliate-programmer p\u00e5 lotterimarkedet<\/title>\n<meta name=\"description\" content=\"Find svar p\u00e5 dine sp\u00f8rgsm\u00e5l om affiliate-programmer p\u00e5 lotterimarkedet generelt og RedFoxLottos affiliate-program specifikt.\" \/>\n<meta name=\"robots\" content=\"index, follow, max-snippet:-1, max-image-preview:large, max-video-preview:-1\" \/>\n<link rel=\"canonical\" href=\"https:\/\/redfoxaffiliates.com\/faq\/\" \/>\n<meta property=\"og:locale\" content=\"da_DK\" \/>\n<meta property=\"og:type\" content=\"article\" \/>\n<meta property=\"og:title\" content=\"Ofte stillede sp\u00f8rgsm\u00e5l om affiliate-programmer p\u00e5 lotterimarkedet\" \/>\n<meta property=\"og:description\" content=\"Find svar p\u00e5 dine sp\u00f8rgsm\u00e5l om affiliate-programmer p\u00e5 lotterimarkedet generelt og RedFoxLottos affiliate-program specifikt.\" \/>\n<meta property=\"og:url\" content=\"https:\/\/redfoxaffiliates.com\/faq\/\" \/>\n<meta property=\"og:site_name\" content=\"RedFoxLotto Affiliate Program\" \/>\n<meta name=\"twitter:card\" content=\"summary_large_image\" \/>\n<meta name=\"twitter:label1\" content=\"Estimeret l\u00e6setid\" \/>\n\t<meta name=\"twitter:data1\" content=\"3 minutter\" \/>\n<script type=\"application\/ld+json\" class=\"yoast-schema-graph\">{\"@context\":\"https:\/\/schema.org\",\"@graph\":[{\"@type\":\"WebPage\",\"@id\":\"https:\/\/redfoxaffiliates.com\/faq\/\",\"url\":\"https:\/\/redfoxaffiliates.com\/faq\/\",\"name\":\"Ofte stillede sp\u00f8rgsm\u00e5l om affiliate-programmer p\u00e5 lotterimarkedet\",\"isPartOf\":{\"@id\":\"https:\/\/redfoxaffiliates.com\/#website\"},\"datePublished\":\"2023-07-15T11:46:59+00:00\",\"dateModified\":\"2023-07-15T11:46:59+00:00\",\"description\":\"Find svar p\u00e5 dine sp\u00f8rgsm\u00e5l om affiliate-programmer p\u00e5 lotterimarkedet generelt og RedFoxLottos affiliate-program specifikt.\",\"breadcrumb\":{\"@id\":\"https:\/\/redfoxaffiliates.com\/faq\/#breadcrumb\"},\"inLanguage\":\"da-DK\",\"potentialAction\":[{\"@type\":\"ReadAction\",\"target\":[\"https:\/\/redfoxaffiliates.com\/faq\/\"]}]},{\"@type\":\"BreadcrumbList\",\"@id\":\"https:\/\/redfoxaffiliates.com\/faq\/#breadcrumb\",\"itemListElement\":[{\"@type\":\"ListItem\",\"position\":1,\"name\":\"Home\",\"item\":\"https:\/\/redfoxaffiliates.com\/da\/hjem\/\"},{\"@type\":\"ListItem\",\"position\":2,\"name\":\"Ofte stillede sp\u00f8rgsm\u00e5l\"}]},{\"@type\":\"WebSite\",\"@id\":\"https:\/\/redfoxaffiliates.com\/#website\",\"url\":\"https:\/\/redfoxaffiliates.com\/\",\"name\":\"RedFoxLotto Affiliate Program\",\"description\":\"The site for marketing partners of RedFoxLotto.com\",\"potentialAction\":[{\"@type\":\"SearchAction\",\"target\":{\"@type\":\"EntryPoint\",\"urlTemplate\":\"https:\/\/redfoxaffiliates.com\/?s={search_term_string}\"},\"query-input\":\"required name=search_term_string\"}],\"inLanguage\":\"da-DK\"}]}<\/script>\n<!-- \/ Yoast SEO plugin. -->","yoast_head_json":{"title":"Ofte stillede sp\u00f8rgsm\u00e5l om affiliate-programmer p\u00e5 lotterimarkedet","description":"Find svar p\u00e5 dine sp\u00f8rgsm\u00e5l om affiliate-programmer p\u00e5 lotterimarkedet generelt og RedFoxLottos affiliate-program specifikt.","robots":{"index":"index","follow":"follow","max-snippet":"max-snippet:-1","max-image-preview":"max-image-preview:large","max-video-preview":"max-video-preview:-1"},"canonical":"https:\/\/redfoxaffiliates.com\/faq\/","og_locale":"da_DK","og_type":"article","og_title":"Ofte stillede sp\u00f8rgsm\u00e5l om affiliate-programmer p\u00e5 lotterimarkedet","og_description":"Find svar p\u00e5 dine sp\u00f8rgsm\u00e5l om affiliate-programmer p\u00e5 lotterimarkedet generelt og RedFoxLottos affiliate-program specifikt.","og_url":"https:\/\/redfoxaffiliates.com\/faq\/","og_site_name":"RedFoxLotto Affiliate Program","twitter_card":"summary_large_image","twitter_misc":{"Estimeret l\u00e6setid":"3 minutter"},"schema":{"@context":"https:\/\/schema.org","@graph":[{"@type":"WebPage","@id":"https:\/\/redfoxaffiliates.com\/faq\/","url":"https:\/\/redfoxaffiliates.com\/faq\/","name":"Ofte stillede sp\u00f8rgsm\u00e5l om affiliate-programmer p\u00e5 lotterimarkedet","isPartOf":{"@id":"https:\/\/redfoxaffiliates.com\/#website"},"datePublished":"2023-07-15T11:46:59+00:00","dateModified":"2023-07-15T11:46:59+00:00","description":"Find svar p\u00e5 dine sp\u00f8rgsm\u00e5l om affiliate-programmer p\u00e5 lotterimarkedet generelt og RedFoxLottos affiliate-program specifikt.","breadcrumb":{"@id":"https:\/\/redfoxaffiliates.com\/faq\/#breadcrumb"},"inLanguage":"da-DK","potentialAction":[{"@type":"ReadAction","target":["https:\/\/redfoxaffiliates.com\/faq\/"]}]},{"@type":"BreadcrumbList","@id":"https:\/\/redfoxaffiliates.com\/faq\/#breadcrumb","itemListElement":[{"@type":"ListItem","position":1,"name":"Home","item":"https:\/\/redfoxaffiliates.com\/da\/hjem\/"},{"@type":"ListItem","position":2,"name":"Ofte stillede sp\u00f8rgsm\u00e5l"}]},{"@type":"WebSite","@id":"https:\/\/redfoxaffiliates.com\/#website","url":"https:\/\/redfoxaffiliates.com\/","name":"RedFoxLotto Affiliate Program","description":"The site for marketing partners of RedFoxLotto.com","potentialAction":[{"@type":"SearchAction","target":{"@type":"EntryPoint","urlTemplate":"https:\/\/redfoxaffiliates.com\/?s={search_term_string}"},"query-input":"required name=search_term_string"}],"inLanguage":"da-DK"}]}},"_links":{"self":[{"href":"https:\/\/redfoxaffiliates.com\/da\/wp-json\/wp\/v2\/pages\/305","targetHints":{"allow":["GET"]}}],"collection":[{"href":"https:\/\/redfoxaffiliates.com\/da\/wp-json\/wp\/v2\/pages"}],"about":[{"href":"https:\/\/redfoxaffiliates.com\/da\/wp-json\/wp\/v2\/types\/page"}],"author":[{"embeddable":true,"href":"https:\/\/redfoxaffiliates.com\/da\/wp-json\/wp\/v2\/users\/1"}],"replies":[{"embeddable":true,"href":"https:\/\/redfoxaffiliates.com\/da\/wp-json\/wp\/v2\/comments?post=305"}],"version-history":[{"count":0,"href":"https:\/\/redfoxaffiliates.com\/da\/wp-json\/wp\/v2\/pages\/305\/revisions"}],"wp:attachment":[{"href":"https:\/\/redfoxaffiliates.com\/da\/wp-json\/wp\/v2\/media?parent=305"}],"curies":[{"name":"wp","href":"https:\/\/api.w.org\/{rel}","templated":true}]}}