{"id":281,"date":"2023-07-15T13:37:01","date_gmt":"2023-07-15T11:37:01","guid":{"rendered":"https:\/\/redfoxaffiliates.com\/tjen-penge-gennem-affiliate-marketing\/"},"modified":"2023-07-15T13:37:01","modified_gmt":"2023-07-15T11:37:01","slug":"tjen-penge-gennem-affiliate-marketing","status":"publish","type":"page","link":"https:\/\/redfoxaffiliates.com\/da\/tjen-penge-gennem-affiliate-marketing\/","title":{"rendered":"Tjen penge gennem affiliate marketing"},"content":{"rendered":"<h2>Tjen provision &#8211; tjen penge ved at promovere RedFoxLotto som vores affiliate.<\/h2>\n<p>Alle kunder, du bringer ind, vil v\u00e6re dine kunder for altid. Der er ingen tidsbegr\u00e6nsning for din provision fra en kunde, du har genereret. Der vil aldrig ske nogen afm\u00e6rkning af kunder fra din affiliate-konto. Derfor er vores affiliate-program det bedste i lotteribranchen.<\/p>\n<p>Dine provisioner udbetales p\u00e5 basis af indt\u00e6gtsdeling, hvilket betyder, at lotterisalget genereret af dine onlinehenvisninger bestemmer din indtjening fra vores affiliate-program.<\/p>\n<p>De fire niveauer af affiliate-provisioner er:<br \/>\nbruttosalg under \u20ac20.000,00: 8 % af bruttosalget<br \/>\nbruttosalg mellem \u20ac20.000,00 og \u20ac50.000,00: 10 % af nettosalget<br \/>\nbruttosalg over 50.000,00 \u20ac: 12 % af nettosalget<\/p>\n<p>Den h\u00f8jere kommissionsprocent g\u00e6lder kun for den m\u00e5ned, hvor den samlede genererede kommission overstiger det angivne bel\u00f8b. Hvis kommissionen er lavere i den f\u00f8lgende m\u00e5ned, anvendes den sats, der svarer til det aktuelle kommissionsbel\u00f8b.<\/p>\n<h2>Hvorfor ingen CPA? Hvorfor er en indt\u00e6gtsdelingsaftale din bedste mulighed?<\/h2>\n<p>Hvis du ikke er bekendt med udtrykket CPA, st\u00e5r det for Cost Per Action (pris pr. handling): du modtager en engangsbetaling for hver kunde, der foretager sit f\u00f8rste onlinek\u00f8b. Nogle affiliate-programmer betaler kun CPA-provisionen, n\u00e5r spilleren opfylder et minimumskrav til forbrug.<\/p>\n<p>N\u00e5r det er sagt, giver CPA-provisionsmodellen ingen mening i denne specifikke branche. For det f\u00f8rste er levetiden for en f\u00f8rstegangsindbetaler meget l\u00e6ngere end i andre online gambling-brancher. Lotterispillere k\u00f8ber typisk lotteri hele livet. For det andet k\u00f8ber vores bedste kunder online lotteri-kuponer til en v\u00e6rdi af hundredvis af euro i en enkelt transaktion. Det sker oftere, n\u00e5r jackpotterne er meget h\u00f8je, og det er en af grundene til, at du p\u00e5 l\u00e6ngere sigt vil tjene flere penge med et affiliate-program, der betaler baseret p\u00e5 indt\u00e6gtsdeling.<\/p>\n<p>Generelt er det bedste, du kan g\u00f8re i lotteribranchen, at promovere et partnerprogram med en livslang procentaftale. I undtagelsestilf\u00e6lde kan der dog, n\u00e5r du har samarbejdet med os i et stykke tid, diskuteres en CPA-aftale baseret p\u00e5 resultaterne for de kunder, du har skaffet.<\/p>\n<h2>Under-affiliate-kommission<\/h2>\n<p>For hver under-affiliate, du bringer ind, tjener du 2 % af den samlede lotterisalgsv\u00e6rdi, der genereres af den p\u00e5g\u00e6ldende affiliate.<\/p>\n","protected":false},"excerpt":{"rendered":"<p>Tjen provision &#8211; tjen penge ved at promovere RedFoxLotto som vores affiliate. Alle kunder, du bringer ind, vil v\u00e6re dine kunder for altid. Der er ingen tidsbegr\u00e6nsning for din provision fra en kunde, du har genereret. Der vil aldrig ske nogen afm\u00e6rkning af kunder fra din affiliate-konto. Derfor er vores<\/p>\n<p><a href=\"https:\/\/redfoxaffiliates.com\/da\/tjen-penge-gennem-affiliate-marketing\/\" class=\"more-link\">Continue Reading<span class=\"screen-reader-text\">Tjen penge gennem affiliate marketing<\/span><\/a><\/p>\n","protected":false},"author":1,"featured_media":0,"parent":0,"menu_order":2,"comment_status":"closed","ping_status":"closed","template":"","meta":{"footnotes":""},"class_list":["post-281","page","type-page","status-publish","hentry"],"yoast_head":"<!-- This site is optimized with the Yoast SEO plugin v22.4 - https:\/\/yoast.com\/wordpress\/plugins\/seo\/ -->\n<title>S\u00e5dan tjener du penge med vores lotteri-affiliate-program<\/title>\n<meta name=\"description\" content=\"For hver henvisning tjener du livslang kommission p\u00e5 alle deres k\u00f8b. Se, hvor mange penge du kan tjene med vores affiliate-program\" \/>\n<meta name=\"robots\" content=\"index, follow, max-snippet:-1, max-image-preview:large, max-video-preview:-1\" \/>\n<link rel=\"canonical\" href=\"https:\/\/redfoxaffiliates.com\/make-money-with-our-lottery-affliate-program\/\" \/>\n<meta property=\"og:locale\" content=\"da_DK\" \/>\n<meta property=\"og:type\" content=\"article\" \/>\n<meta property=\"og:title\" content=\"S\u00e5dan tjener du penge med vores lotteri-affiliate-program\" \/>\n<meta property=\"og:description\" content=\"For hver henvisning tjener du livslang kommission p\u00e5 alle deres k\u00f8b. Se, hvor mange penge du kan tjene med vores affiliate-program\" \/>\n<meta property=\"og:url\" content=\"https:\/\/redfoxaffiliates.com\/make-money-with-our-lottery-affliate-program\/\" \/>\n<meta property=\"og:site_name\" content=\"RedFoxLotto Affiliate Program\" \/>\n<meta name=\"twitter:card\" content=\"summary_large_image\" \/>\n<meta name=\"twitter:label1\" content=\"Estimeret l\u00e6setid\" \/>\n\t<meta name=\"twitter:data1\" content=\"2 minutter\" \/>\n<script type=\"application\/ld+json\" class=\"yoast-schema-graph\">{\"@context\":\"https:\/\/schema.org\",\"@graph\":[{\"@type\":\"WebPage\",\"@id\":\"https:\/\/redfoxaffiliates.com\/make-money-with-our-lottery-affliate-program\/\",\"url\":\"https:\/\/redfoxaffiliates.com\/make-money-with-our-lottery-affliate-program\/\",\"name\":\"S\u00e5dan tjener du penge med vores lotteri-affiliate-program\",\"isPartOf\":{\"@id\":\"https:\/\/redfoxaffiliates.com\/#website\"},\"datePublished\":\"2023-07-15T11:37:01+00:00\",\"dateModified\":\"2023-07-15T11:37:01+00:00\",\"description\":\"For hver henvisning tjener du livslang kommission p\u00e5 alle deres k\u00f8b. Se, hvor mange penge du kan tjene med vores affiliate-program\",\"breadcrumb\":{\"@id\":\"https:\/\/redfoxaffiliates.com\/make-money-with-our-lottery-affliate-program\/#breadcrumb\"},\"inLanguage\":\"da-DK\",\"potentialAction\":[{\"@type\":\"ReadAction\",\"target\":[\"https:\/\/redfoxaffiliates.com\/make-money-with-our-lottery-affliate-program\/\"]}]},{\"@type\":\"BreadcrumbList\",\"@id\":\"https:\/\/redfoxaffiliates.com\/make-money-with-our-lottery-affliate-program\/#breadcrumb\",\"itemListElement\":[{\"@type\":\"ListItem\",\"position\":1,\"name\":\"Home\",\"item\":\"https:\/\/redfoxaffiliates.com\/da\/hjem\/\"},{\"@type\":\"ListItem\",\"position\":2,\"name\":\"Tjen penge gennem affiliate marketing\"}]},{\"@type\":\"WebSite\",\"@id\":\"https:\/\/redfoxaffiliates.com\/#website\",\"url\":\"https:\/\/redfoxaffiliates.com\/\",\"name\":\"RedFoxLotto Affiliate Program\",\"description\":\"The site for marketing partners of RedFoxLotto.com\",\"potentialAction\":[{\"@type\":\"SearchAction\",\"target\":{\"@type\":\"EntryPoint\",\"urlTemplate\":\"https:\/\/redfoxaffiliates.com\/?s={search_term_string}\"},\"query-input\":\"required name=search_term_string\"}],\"inLanguage\":\"da-DK\"}]}<\/script>\n<!-- \/ Yoast SEO plugin. -->","yoast_head_json":{"title":"S\u00e5dan tjener du penge med vores lotteri-affiliate-program","description":"For hver henvisning tjener du livslang kommission p\u00e5 alle deres k\u00f8b. Se, hvor mange penge du kan tjene med vores affiliate-program","robots":{"index":"index","follow":"follow","max-snippet":"max-snippet:-1","max-image-preview":"max-image-preview:large","max-video-preview":"max-video-preview:-1"},"canonical":"https:\/\/redfoxaffiliates.com\/make-money-with-our-lottery-affliate-program\/","og_locale":"da_DK","og_type":"article","og_title":"S\u00e5dan tjener du penge med vores lotteri-affiliate-program","og_description":"For hver henvisning tjener du livslang kommission p\u00e5 alle deres k\u00f8b. Se, hvor mange penge du kan tjene med vores affiliate-program","og_url":"https:\/\/redfoxaffiliates.com\/make-money-with-our-lottery-affliate-program\/","og_site_name":"RedFoxLotto Affiliate Program","twitter_card":"summary_large_image","twitter_misc":{"Estimeret l\u00e6setid":"2 minutter"},"schema":{"@context":"https:\/\/schema.org","@graph":[{"@type":"WebPage","@id":"https:\/\/redfoxaffiliates.com\/make-money-with-our-lottery-affliate-program\/","url":"https:\/\/redfoxaffiliates.com\/make-money-with-our-lottery-affliate-program\/","name":"S\u00e5dan tjener du penge med vores lotteri-affiliate-program","isPartOf":{"@id":"https:\/\/redfoxaffiliates.com\/#website"},"datePublished":"2023-07-15T11:37:01+00:00","dateModified":"2023-07-15T11:37:01+00:00","description":"For hver henvisning tjener du livslang kommission p\u00e5 alle deres k\u00f8b. Se, hvor mange penge du kan tjene med vores affiliate-program","breadcrumb":{"@id":"https:\/\/redfoxaffiliates.com\/make-money-with-our-lottery-affliate-program\/#breadcrumb"},"inLanguage":"da-DK","potentialAction":[{"@type":"ReadAction","target":["https:\/\/redfoxaffiliates.com\/make-money-with-our-lottery-affliate-program\/"]}]},{"@type":"BreadcrumbList","@id":"https:\/\/redfoxaffiliates.com\/make-money-with-our-lottery-affliate-program\/#breadcrumb","itemListElement":[{"@type":"ListItem","position":1,"name":"Home","item":"https:\/\/redfoxaffiliates.com\/da\/hjem\/"},{"@type":"ListItem","position":2,"name":"Tjen penge gennem affiliate marketing"}]},{"@type":"WebSite","@id":"https:\/\/redfoxaffiliates.com\/#website","url":"https:\/\/redfoxaffiliates.com\/","name":"RedFoxLotto Affiliate Program","description":"The site for marketing partners of RedFoxLotto.com","potentialAction":[{"@type":"SearchAction","target":{"@type":"EntryPoint","urlTemplate":"https:\/\/redfoxaffiliates.com\/?s={search_term_string}"},"query-input":"required name=search_term_string"}],"inLanguage":"da-DK"}]}},"_links":{"self":[{"href":"https:\/\/redfoxaffiliates.com\/da\/wp-json\/wp\/v2\/pages\/281","targetHints":{"allow":["GET"]}}],"collection":[{"href":"https:\/\/redfoxaffiliates.com\/da\/wp-json\/wp\/v2\/pages"}],"about":[{"href":"https:\/\/redfoxaffiliates.com\/da\/wp-json\/wp\/v2\/types\/page"}],"author":[{"embeddable":true,"href":"https:\/\/redfoxaffiliates.com\/da\/wp-json\/wp\/v2\/users\/1"}],"replies":[{"embeddable":true,"href":"https:\/\/redfoxaffiliates.com\/da\/wp-json\/wp\/v2\/comments?post=281"}],"version-history":[{"count":0,"href":"https:\/\/redfoxaffiliates.com\/da\/wp-json\/wp\/v2\/pages\/281\/revisions"}],"wp:attachment":[{"href":"https:\/\/redfoxaffiliates.com\/da\/wp-json\/wp\/v2\/media?parent=281"}],"curies":[{"name":"wp","href":"https:\/\/api.w.org\/{rel}","templated":true}]}}