{"id":257,"date":"2023-07-15T13:33:10","date_gmt":"2023-07-15T11:33:10","guid":{"rendered":"https:\/\/redfoxaffiliates.com\/hvorfor-blive-lotteri-affiliate\/"},"modified":"2023-07-15T13:33:10","modified_gmt":"2023-07-15T11:33:10","slug":"hvorfor-blive-lotteri-affiliate","status":"publish","type":"page","link":"https:\/\/redfoxaffiliates.com\/da\/hvorfor-blive-lotteri-affiliate\/","title":{"rendered":"Hvorfor blive lotteri-affiliate?"},"content":{"rendered":"<h2>Hvad er vores produkt?<\/h2>\n<p>RedFoxLotto s\u00e6lger lotteri-kuponer online. Vi tilbyder kunder over hele verden mulighed for at deltage i lotterier med enorme jackpots, s\u00e5som US Mega Millions og Powerball, og store europ\u00e6iske lotterier som EuroMillions, EuroJackpot og SuperEnalotto.<\/p>\n<p>Gennem os kan kunder k\u00f8be lodder til lotterier i andre lande end deres eget. For at g\u00f8re det muligt samarbejder vi med flere agenter i de lande, hvor lotterierne afholdes. N\u00e5r et lod er bestilt online, k\u00f8ber en af vores agenter det for vores kunder. N\u00e5r dette er gjort, bekr\u00e6fter vi k\u00f8bet over for vores kunde. N\u00e5r et lod k\u00f8bes gennem os, behandler vi ogs\u00e5 udbetalinger til vores kunder.<\/p>\n<p>Du har m\u00e5ske h\u00f8rt udtrykket \u00bbsekund\u00e6rt lotterimarked\u00ab \u2013 det er betegnelsen for dette marked. Som en milliardindustri er lotteriet ikke begr\u00e6nset til lokale tilbud (hvis der overhovedet findes et lotteri i deres bop\u00e6lsland). Eftersp\u00f8rgslen efter vores lodservice er meget stor. Is\u00e6r n\u00e5r nyheder om enorme jackpotter skaber overskrifter over hele verden, bliver online-lodder s\u00e5 at sige \u00bbrevet v\u00e6k fra hylderne\u00ab.<\/p>\n<h2>Grunde til at promovere RedFoxLotto<\/h2>\n<h3>Fantastiske konverteringer<\/h3>\n<p>Vores hjemmeside, https:\/\/redfoxlotto.com, er blevet str\u00f8mlinet for at g\u00f8re k\u00f8bsprocessen s\u00e5 enkel som muligt. Dette er vigtigt for at garantere en h\u00f8j konverteringsrate. Jo bedre vi konverterer din trafik, jo flere penge tjener du.<\/p>\n<h2>Fremragende kundefastholdelse<\/h2>\n<p>Livstidsv\u00e6rdien af en kunde er et af de bedste aspekter ved denne branche. En h\u00f8j procentdel af vores kunder vender tilbage og k\u00f8ber flere lodder uge efter uge i \u00e5revis!<\/p>\n<h2>En r\u00e6kke forskellige betalingsudbydere er lige s\u00e5 vigtige<\/h2>\n<p>Vi str\u00e6ber efter at tilbyde en bred vifte af muligheder her. Dette er vigtigt for at sikre, at bes\u00f8gende fra alle lande nemt kan betale for deres lodder. Det sagt, s\u00e5 udg\u00f8r kreditkortbetalinger stadig den st\u00f8rste andel af de fleste salg. Men muligheder som Bitcoin og eWallets bliver stadig mere vigtige.<\/p>\n<p>Vi har forpligtet os til at drive et \u00e6rligt og etisk affiliate-program. De fleste programmer i denne branche er kendt for at snyde deres affiliates p\u00e5 den ene eller anden m\u00e5de. En tidligere affiliate etablerede RedFoxLotto-brandet. Den samme tidligere affiliate er ansvarlig for affiliate-programmet. L\u00e6s vores artikel om affiliation og etik \u2013 den vil hj\u00e6lpe dig til bedre at forst\u00e5, hvor vi kommer fra.<\/p>\n<h2>Provisionssatser over branchestandarden<\/h2>\n<p>Tjen op til 12 % af den samlede salgsv\u00e6rdi, der genereres af dine henvisninger.<\/p>\n<h2>Anden niveau-affiliate<\/h2>\n<p>Det betyder, at hvis du tiltr\u00e6kker yderligere sub-affiliates, vil du ogs\u00e5 tjene 2 % provision p\u00e5 salg genereret af deres henvisninger.<\/p>\n<h2>Punktlig betaling af provision<\/h2>\n<p>Vi betaler din provision for den sidste m\u00e5ned den 15. i den f\u00f8lgende m\u00e5ned. Du kan v\u00e6lge mellem flere betalingsmuligheder.<\/p>\n<h2>Hvem kan blive affiliate, og hvordan kan du promovere os?<\/h2>\n<p>Ja, bogstaveligt talt alle! M\u00e5ske har du en hjemmeside, der har relation til lotteri. I s\u00e5 fald vil din konverteringsrate v\u00e6re h\u00f8j, fordi vores produkt appellerer til din m\u00e5lgruppe.<\/p>\n<p>Eller m\u00e5ske har du en hjemmeside om et andet emne og leder efter m\u00e5der at tjene penge p\u00e5 din trafik. Alle elsker at spille lotto, og dine indt\u00e6gter vil hovedsageligt afh\u00e6nge af m\u00e6ngden af trafik p\u00e5 din hjemmeside.<\/p>\n<p>E-mail-lister er et godt v\u00e6rkt\u00f8j til at generere nye kunder. Vi tolererer ikke spamming, s\u00e5 s\u00f8rg for, at din e-mail-liste kun indeholder kontakter, der har tilmeldt sig at modtage dine marketing-e-mails.<\/p>\n<p>Nogle af vores partnere bruger offline-strategier til at promovere os. De har oprettet deres egen lotterihjemmeside med partnerlinks, der peger mod RedFoxLotto.com. Derefter distribuerer de flyers, visitkort og andet markedsf\u00f8ringsmateriale, der promoverer deres hjemmeside, og genererer dermed trafik og i sidste ende salg p\u00e5 RedFoxLotto.com.<\/p>\n","protected":false},"excerpt":{"rendered":"<p>Hvad er vores produkt? RedFoxLotto s\u00e6lger lotteri-kuponer online. Vi tilbyder kunder over hele verden mulighed for at deltage i lotterier med enorme jackpots, s\u00e5som US Mega Millions og Powerball, og store europ\u00e6iske lotterier som EuroMillions, EuroJackpot og SuperEnalotto. Gennem os kan kunder k\u00f8be lodder til lotterier i andre lande end<\/p>\n<p><a href=\"https:\/\/redfoxaffiliates.com\/da\/hvorfor-blive-lotteri-affiliate\/\" class=\"more-link\">Continue Reading<span class=\"screen-reader-text\">Hvorfor blive lotteri-affiliate?<\/span><\/a><\/p>\n","protected":false},"author":1,"featured_media":0,"parent":0,"menu_order":1,"comment_status":"closed","ping_status":"closed","template":"","meta":{"footnotes":""},"class_list":["post-257","page","type-page","status-publish","hentry"],"yoast_head":"<!-- This site is optimized with the Yoast SEO plugin v22.4 - https:\/\/yoast.com\/wordpress\/plugins\/seo\/ -->\n<title>Hvorfor tilmelde sig RedFoxLotto-affiliateprogrammet?<\/title>\n<meta name=\"description\" content=\"Grunde til at tilmelde sig og blive RedFoxLotto-affiliate og salgspartner. Tjen provision p\u00e5 hvert salg fra dine henviste kunder for altid!\" \/>\n<meta name=\"robots\" content=\"index, follow, max-snippet:-1, max-image-preview:large, max-video-preview:-1\" \/>\n<link rel=\"canonical\" href=\"https:\/\/redfoxaffiliates.com\/why-become-a-lottery-affiliate\/\" \/>\n<meta property=\"og:locale\" content=\"da_DK\" \/>\n<meta property=\"og:type\" content=\"article\" \/>\n<meta property=\"og:title\" content=\"Hvorfor tilmelde sig RedFoxLotto-affiliateprogrammet?\" \/>\n<meta property=\"og:description\" content=\"Grunde til at tilmelde sig og blive RedFoxLotto-affiliate og salgspartner. Tjen provision p\u00e5 hvert salg fra dine henviste kunder for altid!\" \/>\n<meta property=\"og:url\" content=\"https:\/\/redfoxaffiliates.com\/why-become-a-lottery-affiliate\/\" \/>\n<meta property=\"og:site_name\" content=\"RedFoxLotto Affiliate Program\" \/>\n<meta name=\"twitter:card\" content=\"summary_large_image\" \/>\n<meta name=\"twitter:label1\" content=\"Estimeret l\u00e6setid\" \/>\n\t<meta name=\"twitter:data1\" content=\"3 minutter\" \/>\n<script type=\"application\/ld+json\" class=\"yoast-schema-graph\">{\"@context\":\"https:\/\/schema.org\",\"@graph\":[{\"@type\":\"WebPage\",\"@id\":\"https:\/\/redfoxaffiliates.com\/why-become-a-lottery-affiliate\/\",\"url\":\"https:\/\/redfoxaffiliates.com\/why-become-a-lottery-affiliate\/\",\"name\":\"Hvorfor tilmelde sig RedFoxLotto-affiliateprogrammet?\",\"isPartOf\":{\"@id\":\"https:\/\/redfoxaffiliates.com\/#website\"},\"datePublished\":\"2023-07-15T11:33:10+00:00\",\"dateModified\":\"2023-07-15T11:33:10+00:00\",\"description\":\"Grunde til at tilmelde sig og blive RedFoxLotto-affiliate og salgspartner. Tjen provision p\u00e5 hvert salg fra dine henviste kunder for altid!\",\"breadcrumb\":{\"@id\":\"https:\/\/redfoxaffiliates.com\/why-become-a-lottery-affiliate\/#breadcrumb\"},\"inLanguage\":\"da-DK\",\"potentialAction\":[{\"@type\":\"ReadAction\",\"target\":[\"https:\/\/redfoxaffiliates.com\/why-become-a-lottery-affiliate\/\"]}]},{\"@type\":\"BreadcrumbList\",\"@id\":\"https:\/\/redfoxaffiliates.com\/why-become-a-lottery-affiliate\/#breadcrumb\",\"itemListElement\":[{\"@type\":\"ListItem\",\"position\":1,\"name\":\"Home\",\"item\":\"https:\/\/redfoxaffiliates.com\/da\/hjem\/\"},{\"@type\":\"ListItem\",\"position\":2,\"name\":\"Hvorfor blive lotteri-affiliate?\"}]},{\"@type\":\"WebSite\",\"@id\":\"https:\/\/redfoxaffiliates.com\/#website\",\"url\":\"https:\/\/redfoxaffiliates.com\/\",\"name\":\"RedFoxLotto Affiliate Program\",\"description\":\"The site for marketing partners of RedFoxLotto.com\",\"potentialAction\":[{\"@type\":\"SearchAction\",\"target\":{\"@type\":\"EntryPoint\",\"urlTemplate\":\"https:\/\/redfoxaffiliates.com\/?s={search_term_string}\"},\"query-input\":\"required name=search_term_string\"}],\"inLanguage\":\"da-DK\"}]}<\/script>\n<!-- \/ Yoast SEO plugin. -->","yoast_head_json":{"title":"Hvorfor tilmelde sig RedFoxLotto-affiliateprogrammet?","description":"Grunde til at tilmelde sig og blive RedFoxLotto-affiliate og salgspartner. Tjen provision p\u00e5 hvert salg fra dine henviste kunder for altid!","robots":{"index":"index","follow":"follow","max-snippet":"max-snippet:-1","max-image-preview":"max-image-preview:large","max-video-preview":"max-video-preview:-1"},"canonical":"https:\/\/redfoxaffiliates.com\/why-become-a-lottery-affiliate\/","og_locale":"da_DK","og_type":"article","og_title":"Hvorfor tilmelde sig RedFoxLotto-affiliateprogrammet?","og_description":"Grunde til at tilmelde sig og blive RedFoxLotto-affiliate og salgspartner. Tjen provision p\u00e5 hvert salg fra dine henviste kunder for altid!","og_url":"https:\/\/redfoxaffiliates.com\/why-become-a-lottery-affiliate\/","og_site_name":"RedFoxLotto Affiliate Program","twitter_card":"summary_large_image","twitter_misc":{"Estimeret l\u00e6setid":"3 minutter"},"schema":{"@context":"https:\/\/schema.org","@graph":[{"@type":"WebPage","@id":"https:\/\/redfoxaffiliates.com\/why-become-a-lottery-affiliate\/","url":"https:\/\/redfoxaffiliates.com\/why-become-a-lottery-affiliate\/","name":"Hvorfor tilmelde sig RedFoxLotto-affiliateprogrammet?","isPartOf":{"@id":"https:\/\/redfoxaffiliates.com\/#website"},"datePublished":"2023-07-15T11:33:10+00:00","dateModified":"2023-07-15T11:33:10+00:00","description":"Grunde til at tilmelde sig og blive RedFoxLotto-affiliate og salgspartner. Tjen provision p\u00e5 hvert salg fra dine henviste kunder for altid!","breadcrumb":{"@id":"https:\/\/redfoxaffiliates.com\/why-become-a-lottery-affiliate\/#breadcrumb"},"inLanguage":"da-DK","potentialAction":[{"@type":"ReadAction","target":["https:\/\/redfoxaffiliates.com\/why-become-a-lottery-affiliate\/"]}]},{"@type":"BreadcrumbList","@id":"https:\/\/redfoxaffiliates.com\/why-become-a-lottery-affiliate\/#breadcrumb","itemListElement":[{"@type":"ListItem","position":1,"name":"Home","item":"https:\/\/redfoxaffiliates.com\/da\/hjem\/"},{"@type":"ListItem","position":2,"name":"Hvorfor blive lotteri-affiliate?"}]},{"@type":"WebSite","@id":"https:\/\/redfoxaffiliates.com\/#website","url":"https:\/\/redfoxaffiliates.com\/","name":"RedFoxLotto Affiliate Program","description":"The site for marketing partners of RedFoxLotto.com","potentialAction":[{"@type":"SearchAction","target":{"@type":"EntryPoint","urlTemplate":"https:\/\/redfoxaffiliates.com\/?s={search_term_string}"},"query-input":"required name=search_term_string"}],"inLanguage":"da-DK"}]}},"_links":{"self":[{"href":"https:\/\/redfoxaffiliates.com\/da\/wp-json\/wp\/v2\/pages\/257","targetHints":{"allow":["GET"]}}],"collection":[{"href":"https:\/\/redfoxaffiliates.com\/da\/wp-json\/wp\/v2\/pages"}],"about":[{"href":"https:\/\/redfoxaffiliates.com\/da\/wp-json\/wp\/v2\/types\/page"}],"author":[{"embeddable":true,"href":"https:\/\/redfoxaffiliates.com\/da\/wp-json\/wp\/v2\/users\/1"}],"replies":[{"embeddable":true,"href":"https:\/\/redfoxaffiliates.com\/da\/wp-json\/wp\/v2\/comments?post=257"}],"version-history":[{"count":0,"href":"https:\/\/redfoxaffiliates.com\/da\/wp-json\/wp\/v2\/pages\/257\/revisions"}],"wp:attachment":[{"href":"https:\/\/redfoxaffiliates.com\/da\/wp-json\/wp\/v2\/media?parent=257"}],"curies":[{"name":"wp","href":"https:\/\/api.w.org\/{rel}","templated":true}]}}