{"id":170,"date":"2023-07-15T08:09:36","date_gmt":"2023-07-15T06:09:36","guid":{"rendered":"https:\/\/redfoxaffiliates.com\/hjem\/"},"modified":"2026-01-03T10:32:45","modified_gmt":"2026-01-03T09:32:45","slug":"hjem","status":"publish","type":"page","link":"https:\/\/redfoxaffiliates.com\/da\/","title":{"rendered":"Hjem"},"content":{"rendered":"&#13;\n<p>RedFoxAffiliates.com er affiliateprogrammet for RedFoxLotto.com. RedFoxLotto er en kurertjeneste for lotterikuponer. Via RedFoxLotto.com-webstedet kan lottofans fra hele verden bestille \u00e6gte kuponer til et stort antal internationale lotterier.<\/p>&#13;\n<h2>Kan du skabe trafik?<\/h2>&#13;\n<p>Hvis du kan skabe trafik (nye potentielle kunder) til vores hjemmeside, vil du tjene provision. Du sender os trafik, og vi konverterer den. Mere trafik betyder flere betalende kunder og h\u00f8jere provision til dig.&#13;\n<\/p>&#13;\n<h2>Vores lotterikuponservice er det ideelle produkt at promovere online<\/h2>&#13;\n<p>Det er et simpelt produkt, som alle over hele verden kender. De enorme jackpots v\u00e6kker stor interesse hos et globalt publikum.&#13;\n<\/p>&#13;\n<h2>Nem konvertering \u2013 fra bes\u00f8gende til kunde<\/h2>&#13;\n<p>Det er meget nemt at k\u00f8be lodder online via vores hjemmeside. Det tager kun f\u00e5 sekunder at tilmelde sig p\u00e5 redfoxlotto.com, og det er lige s\u00e5 hurtigt og nemt at bestille et lod og betale online. Du sender dine bes\u00f8gende til os, og vi konverterer dem.&#13;\n<\/p>&#13;\n<h2>Vores kunder er loyale \u2013 de kommer tilbage og k\u00f8ber flere lodder i lang tid.<\/h2>&#13;\n<p>N\u00e5r dine bes\u00f8gende har foretaget deres f\u00f8rste k\u00f8b, vil de komme tilbage for at k\u00f8be flere lodder. Mange af vores kunder har v\u00e6ret hos os i ti \u00e5r eller mere. Hvis du henviser en kunde til os, vil du sandsynligvis tjene provision p\u00e5 den kundes k\u00f8b i mange \u00e5r fremover!&#13;\n<\/p>&#13;\n<p>Tilmeld dig vores affiliate-program nu. Det er gratis at tilmelde sig. Tjek f\u00f8rst vores FAQ-side, hvis du har sp\u00f8rgsm\u00e5l. Kontakt os, hvis du har yderligere sp\u00f8rgsm\u00e5l.&#13;\n<\/p>&#13;\n<p>F\u00f8lg dette link for at tilmelde dig vores affiliate-program. N\u00e5r du har tilmeldt dig, modtager du en e-mail fra os. Husk at klikke p\u00e5 bekr\u00e6ftelseslinket i den e-mail. Din tilmelding vil blive gennemg\u00e5et, og din affiliate-konto vil blive aktiveret inden for 48 timer.<\/p>&#13;\n<p>\u00a0<\/p>&#13;\n","protected":false},"excerpt":{"rendered":"<p>&#13; RedFoxAffiliates.com er affiliateprogrammet for RedFoxLotto.com. RedFoxLotto er en kurertjeneste for lotterikuponer. Via RedFoxLotto.com-webstedet kan lottofans fra hele verden bestille \u00e6gte kuponer til et stort antal internationale lotterier. &#13; Kan du skabe trafik? &#13; Hvis du kan skabe trafik (nye potentielle kunder) til vores hjemmeside, vil du tjene provision. Du<\/p>\n<p><a href=\"https:\/\/redfoxaffiliates.com\/da\/\" class=\"more-link\">Continue Reading<span class=\"screen-reader-text\">Hjem<\/span><\/a><\/p>\n","protected":false},"author":1,"featured_media":0,"parent":0,"menu_order":0,"comment_status":"closed","ping_status":"closed","template":"","meta":{"footnotes":""},"class_list":["post-170","page","type-page","status-publish","hentry"],"yoast_head":"<!-- This site is optimized with the Yoast SEO plugin v22.4 - https:\/\/yoast.com\/wordpress\/plugins\/seo\/ -->\n<title>Affiliate-program for RedFoxLotto.com<\/title>\n<meta name=\"description\" content=\"Vores affiliate-program giver RedFoxLotto-partnere mulighed for at tjene provision p\u00e5 deres henvisninger. Bliv salgspartner og begynd at promovere vores online lotteritjeneste i dag!\" \/>\n<meta name=\"robots\" content=\"index, follow, max-snippet:-1, max-image-preview:large, max-video-preview:-1\" \/>\n<link rel=\"canonical\" href=\"https:\/\/redfoxaffiliates.com\/da\/hjem\/\" \/>\n<meta property=\"og:locale\" content=\"da_DK\" \/>\n<meta property=\"og:type\" content=\"article\" \/>\n<meta property=\"og:title\" content=\"Affiliate-program for RedFoxLotto.com\" \/>\n<meta property=\"og:description\" content=\"Vores affiliate-program giver RedFoxLotto-partnere mulighed for at tjene provision p\u00e5 deres henvisninger. Bliv salgspartner og begynd at promovere vores online lotteritjeneste i dag!\" \/>\n<meta property=\"og:url\" content=\"https:\/\/redfoxaffiliates.com\/da\/hjem\/\" \/>\n<meta property=\"og:site_name\" content=\"RedFoxLotto Affiliate Program\" \/>\n<meta property=\"article:modified_time\" content=\"2026-01-03T09:32:45+00:00\" \/>\n<meta name=\"twitter:card\" content=\"summary_large_image\" \/>\n<meta name=\"twitter:label1\" content=\"Estimeret l\u00e6setid\" \/>\n\t<meta name=\"twitter:data1\" content=\"2 minutter\" \/>\n<script type=\"application\/ld+json\" class=\"yoast-schema-graph\">{\"@context\":\"https:\/\/schema.org\",\"@graph\":[{\"@type\":\"WebPage\",\"@id\":\"https:\/\/redfoxaffiliates.com\/da\/hjem\/\",\"url\":\"https:\/\/redfoxaffiliates.com\/da\/hjem\/\",\"name\":\"Affiliate-program for RedFoxLotto.com\",\"isPartOf\":{\"@id\":\"https:\/\/redfoxaffiliates.com\/#website\"},\"datePublished\":\"2023-07-15T06:09:36+00:00\",\"dateModified\":\"2026-01-03T09:32:45+00:00\",\"description\":\"Vores affiliate-program giver RedFoxLotto-partnere mulighed for at tjene provision p\u00e5 deres henvisninger. Bliv salgspartner og begynd at promovere vores online lotteritjeneste i dag!\",\"breadcrumb\":{\"@id\":\"https:\/\/redfoxaffiliates.com\/da\/hjem\/#breadcrumb\"},\"inLanguage\":\"da-DK\",\"potentialAction\":[{\"@type\":\"ReadAction\",\"target\":[\"https:\/\/redfoxaffiliates.com\/da\/hjem\/\"]}]},{\"@type\":\"BreadcrumbList\",\"@id\":\"https:\/\/redfoxaffiliates.com\/da\/hjem\/#breadcrumb\",\"itemListElement\":[{\"@type\":\"ListItem\",\"position\":1,\"name\":\"Home\",\"item\":\"https:\/\/redfoxaffiliates.com\/da\/hjem\/\"},{\"@type\":\"ListItem\",\"position\":2,\"name\":\"Hjem\"}]},{\"@type\":\"WebSite\",\"@id\":\"https:\/\/redfoxaffiliates.com\/#website\",\"url\":\"https:\/\/redfoxaffiliates.com\/\",\"name\":\"RedFoxLotto Affiliate Program\",\"description\":\"The site for marketing partners of RedFoxLotto.com\",\"potentialAction\":[{\"@type\":\"SearchAction\",\"target\":{\"@type\":\"EntryPoint\",\"urlTemplate\":\"https:\/\/redfoxaffiliates.com\/?s={search_term_string}\"},\"query-input\":\"required name=search_term_string\"}],\"inLanguage\":\"da-DK\"}]}<\/script>\n<!-- \/ Yoast SEO plugin. -->","yoast_head_json":{"title":"Affiliate-program for RedFoxLotto.com","description":"Vores affiliate-program giver RedFoxLotto-partnere mulighed for at tjene provision p\u00e5 deres henvisninger. Bliv salgspartner og begynd at promovere vores online lotteritjeneste i dag!","robots":{"index":"index","follow":"follow","max-snippet":"max-snippet:-1","max-image-preview":"max-image-preview:large","max-video-preview":"max-video-preview:-1"},"canonical":"https:\/\/redfoxaffiliates.com\/da\/hjem\/","og_locale":"da_DK","og_type":"article","og_title":"Affiliate-program for RedFoxLotto.com","og_description":"Vores affiliate-program giver RedFoxLotto-partnere mulighed for at tjene provision p\u00e5 deres henvisninger. Bliv salgspartner og begynd at promovere vores online lotteritjeneste i dag!","og_url":"https:\/\/redfoxaffiliates.com\/da\/hjem\/","og_site_name":"RedFoxLotto Affiliate Program","article_modified_time":"2026-01-03T09:32:45+00:00","twitter_card":"summary_large_image","twitter_misc":{"Estimeret l\u00e6setid":"2 minutter"},"schema":{"@context":"https:\/\/schema.org","@graph":[{"@type":"WebPage","@id":"https:\/\/redfoxaffiliates.com\/da\/hjem\/","url":"https:\/\/redfoxaffiliates.com\/da\/hjem\/","name":"Affiliate-program for RedFoxLotto.com","isPartOf":{"@id":"https:\/\/redfoxaffiliates.com\/#website"},"datePublished":"2023-07-15T06:09:36+00:00","dateModified":"2026-01-03T09:32:45+00:00","description":"Vores affiliate-program giver RedFoxLotto-partnere mulighed for at tjene provision p\u00e5 deres henvisninger. Bliv salgspartner og begynd at promovere vores online lotteritjeneste i dag!","breadcrumb":{"@id":"https:\/\/redfoxaffiliates.com\/da\/hjem\/#breadcrumb"},"inLanguage":"da-DK","potentialAction":[{"@type":"ReadAction","target":["https:\/\/redfoxaffiliates.com\/da\/hjem\/"]}]},{"@type":"BreadcrumbList","@id":"https:\/\/redfoxaffiliates.com\/da\/hjem\/#breadcrumb","itemListElement":[{"@type":"ListItem","position":1,"name":"Home","item":"https:\/\/redfoxaffiliates.com\/da\/hjem\/"},{"@type":"ListItem","position":2,"name":"Hjem"}]},{"@type":"WebSite","@id":"https:\/\/redfoxaffiliates.com\/#website","url":"https:\/\/redfoxaffiliates.com\/","name":"RedFoxLotto Affiliate Program","description":"The site for marketing partners of RedFoxLotto.com","potentialAction":[{"@type":"SearchAction","target":{"@type":"EntryPoint","urlTemplate":"https:\/\/redfoxaffiliates.com\/?s={search_term_string}"},"query-input":"required name=search_term_string"}],"inLanguage":"da-DK"}]}},"_links":{"self":[{"href":"https:\/\/redfoxaffiliates.com\/da\/wp-json\/wp\/v2\/pages\/170","targetHints":{"allow":["GET"]}}],"collection":[{"href":"https:\/\/redfoxaffiliates.com\/da\/wp-json\/wp\/v2\/pages"}],"about":[{"href":"https:\/\/redfoxaffiliates.com\/da\/wp-json\/wp\/v2\/types\/page"}],"author":[{"embeddable":true,"href":"https:\/\/redfoxaffiliates.com\/da\/wp-json\/wp\/v2\/users\/1"}],"replies":[{"embeddable":true,"href":"https:\/\/redfoxaffiliates.com\/da\/wp-json\/wp\/v2\/comments?post=170"}],"version-history":[{"count":1,"href":"https:\/\/redfoxaffiliates.com\/da\/wp-json\/wp\/v2\/pages\/170\/revisions"}],"predecessor-version":[{"id":171,"href":"https:\/\/redfoxaffiliates.com\/da\/wp-json\/wp\/v2\/pages\/170\/revisions\/171"}],"wp:attachment":[{"href":"https:\/\/redfoxaffiliates.com\/da\/wp-json\/wp\/v2\/media?parent=170"}],"curies":[{"name":"wp","href":"https:\/\/api.w.org\/{rel}","templated":true}]}}