{"id":350,"date":"2026-01-01T21:16:49","date_gmt":"2026-01-01T20:16:49","guid":{"rendered":"https:\/\/redfoxaffiliates.com\/o-etice-v-affiliate-marketingovych-programech\/"},"modified":"2026-01-01T21:16:49","modified_gmt":"2026-01-01T20:16:49","slug":"o-etice-v-affiliate-marketingovych-programech","status":"publish","type":"page","link":"https:\/\/redfoxaffiliates.com\/cs\/o-etice-v-affiliate-marketingovych-programech\/","title":{"rendered":"O etice v affiliate marketingov\u00fdch programech"},"content":{"rendered":"<p>Mo\u017en\u00e1 v\u00e1s p\u0159ekvap\u00ed, \u017ee na webov\u00fdch str\u00e1nk\u00e1ch affiliate programu najdete odkaz na etiku. Souhlas\u00edme, \u017ee je to neobvykl\u00e9.<\/p>\n<p>Pro n\u00e1s je to v\u0161ak z\u00e1sadn\u00ed t\u00e9ma. B\u00fdval\u00ed affiliate partne\u0159i provozuj\u00ed jak RedFoxLotto.com, tak i tento affiliate program. Spolupracujeme se stejn\u00fdmi spole\u010dnostmi, se kter\u00fdmi jste spolupracovali (nebo mo\u017en\u00e1 st\u00e1le spolupracujete) vy. Po v\u00edce ne\u017e 12 letech v oblasti affiliate marketingu v oblasti hazardn\u00edch her jsme vid\u011bli spoustu \u0161patn\u00fdch v\u011bc\u00ed. Omezov\u00e1n\u00ed v\u00fdnos\u016f, zm\u011bny v obchodn\u00edch podm\u00ednk\u00e1ch vedouc\u00ed ke ztr\u00e1t\u011b p\u0159\u00edjm\u016f pro affiliate partnery, opo\u017ed\u011bn\u00e9 nebo \u017e\u00e1dn\u00e9 platby, kr\u00e1de\u017ee va\u0161ich klient\u016f (nebo klient\u016f jin\u00fdch affiliate partner\u016f) \u2013 to v\u0161e jsme za\u017eili.<\/p>\n<p>Bohu\u017eel se jedn\u00e1 o odv\u011btv\u00ed, kde se pracovit\u00fdm affiliate partner\u016fm neust\u00e1le d\u011bj\u00ed \u0161patn\u00e9 v\u011bci. Proto jsme se rozhodli ud\u011blat dal\u0161\u00ed krok. Spustili jsme n\u00e1\u0161 vlastn\u00ed produkt, RedFoxLotto.com. N\u00e1\u0161 marketingov\u00fd pl\u00e1n je jednoduch\u00fd: 100% zalo\u017een\u00fd na SEO a online affiliate marketingu.<\/p>\n<p>Jeliko\u017e jsme sami byli affiliate partnery, zavazujeme se provozovat 100% etick\u00fd a \u010destn\u00fd affiliate program. Ano, v\u0161ichni \u0159\u00edkaj\u00ed, \u017ee nebudeme d\u011blat to \u010di ono. Ale my to mysl\u00edme v\u00e1\u017en\u011b.<\/p>\n<p>Toto od n\u00e1s m\u016f\u017eete o\u010dek\u00e1vat<br \/>\nDohoda je dohoda! To znamen\u00e1, \u017ee pokud \u0159ekneme, \u017ee budete dost\u00e1vat pod\u00edl z p\u0159\u00edjm\u016f, kter\u00e9 generujete po celou dobu trv\u00e1n\u00ed spolupr\u00e1ce s klienty, kter\u00e9 p\u0159ivedete, mysl\u00edme to v\u00e1\u017en\u011b. Nikdy na tom nezm\u011bn\u00edme n\u00e1zor.<br \/>\nNikdy nebudeme manipulovat se zpr\u00e1vami o v\u00fdnosech, abychom sn\u00ed\u017eili na\u0161e re\u017eijn\u00ed n\u00e1klady. Ani nikdy neodstran\u00edme klienty z va\u0161eho \u00fa\u010dtu. Chceme, abyste byli co nej\u00fasp\u011b\u0161n\u011bj\u0161\u00ed. Jste na\u0161imi obchodn\u00edmi partnery a n\u00e1\u0161 \u00fasp\u011bch z\u00e1vis\u00ed na v\u00e1s!<br \/>\nBudeme v\u00e1m platit v\u010das. M\u00e1te tak\u00e9 sv\u00e9 povinnosti a v\u00fddaje a my to ch\u00e1peme.<br \/>\nPokud m\u00e1te n\u011bjak\u00e9 dotazy nebo pot\u0159ebujete na\u0161i pomoc, kontaktujte n\u00e1s. Pou\u017eijte formul\u00e1\u0159 \u201eKontakt\u201c v horn\u00ed li\u0161t\u011b menu. Poj\u010fme se spojit a zjistit, zda m\u016f\u017eeme spole\u010dn\u011b vyd\u011blat n\u011bjak\u00e9 pen\u00edze!<\/p>\n","protected":false},"excerpt":{"rendered":"<p>Mo\u017en\u00e1 v\u00e1s p\u0159ekvap\u00ed, \u017ee na webov\u00fdch str\u00e1nk\u00e1ch affiliate programu najdete odkaz na etiku. Souhlas\u00edme, \u017ee je to neobvykl\u00e9. Pro n\u00e1s je to v\u0161ak z\u00e1sadn\u00ed t\u00e9ma. B\u00fdval\u00ed affiliate partne\u0159i provozuj\u00ed jak RedFoxLotto.com, tak i tento affiliate program. Spolupracujeme se stejn\u00fdmi spole\u010dnostmi, se kter\u00fdmi jste spolupracovali (nebo mo\u017en\u00e1 st\u00e1le spolupracujete) vy. Po<\/p>\n<p><a href=\"https:\/\/redfoxaffiliates.com\/cs\/o-etice-v-affiliate-marketingovych-programech\/\" class=\"more-link\">Continue Reading<span class=\"screen-reader-text\">O etice v affiliate marketingov\u00fdch programech<\/span><\/a><\/p>\n","protected":false},"author":1,"featured_media":0,"parent":0,"menu_order":7,"comment_status":"closed","ping_status":"closed","template":"","meta":{"footnotes":""},"class_list":["post-350","page","type-page","status-publish","hentry"],"yoast_head":"<!-- This site is optimized with the Yoast SEO plugin v22.4 - https:\/\/yoast.com\/wordpress\/plugins\/seo\/ -->\n<title>Etika a p\u0159idru\u017een\u00ed na loterijn\u00edm trhu<\/title>\n<meta name=\"description\" content=\"Existuje mnoho loterijn\u00edch partnersk\u00fdch program\u016f, kter\u00e9 okr\u00e1daj\u00ed sv\u00e9 partnery o pen\u00edze. Proto je pro n\u00e1s t\u00e9ma etick\u00e9ho podnik\u00e1n\u00ed tak d\u016fle\u017eit\u00e9.\" \/>\n<meta name=\"robots\" content=\"index, follow, max-snippet:-1, max-image-preview:large, max-video-preview:-1\" \/>\n<link rel=\"canonical\" href=\"https:\/\/redfoxaffiliates.com\/ethics-and-affiliate-marketing-programs\/\" \/>\n<meta property=\"og:locale\" content=\"cs_CZ\" \/>\n<meta property=\"og:type\" content=\"article\" \/>\n<meta property=\"og:title\" content=\"Etika a p\u0159idru\u017een\u00ed na loterijn\u00edm trhu\" \/>\n<meta property=\"og:description\" content=\"Existuje mnoho loterijn\u00edch partnersk\u00fdch program\u016f, kter\u00e9 okr\u00e1daj\u00ed sv\u00e9 partnery o pen\u00edze. Proto je pro n\u00e1s t\u00e9ma etick\u00e9ho podnik\u00e1n\u00ed tak d\u016fle\u017eit\u00e9.\" \/>\n<meta property=\"og:url\" content=\"https:\/\/redfoxaffiliates.com\/ethics-and-affiliate-marketing-programs\/\" \/>\n<meta property=\"og:site_name\" content=\"RedFoxLotto Affiliate Program\" \/>\n<meta name=\"twitter:card\" content=\"summary_large_image\" \/>\n<meta name=\"twitter:label1\" content=\"Odhadovan\u00e1 doba \u010dten\u00ed\" \/>\n\t<meta name=\"twitter:data1\" content=\"2 minuty\" \/>\n<script type=\"application\/ld+json\" class=\"yoast-schema-graph\">{\"@context\":\"https:\/\/schema.org\",\"@graph\":[{\"@type\":\"WebPage\",\"@id\":\"https:\/\/redfoxaffiliates.com\/ethics-and-affiliate-marketing-programs\/\",\"url\":\"https:\/\/redfoxaffiliates.com\/ethics-and-affiliate-marketing-programs\/\",\"name\":\"Etika a p\u0159idru\u017een\u00ed na loterijn\u00edm trhu\",\"isPartOf\":{\"@id\":\"https:\/\/redfoxaffiliates.com\/#website\"},\"datePublished\":\"2026-01-01T20:16:49+00:00\",\"dateModified\":\"2026-01-01T20:16:49+00:00\",\"description\":\"Existuje mnoho loterijn\u00edch partnersk\u00fdch program\u016f, kter\u00e9 okr\u00e1daj\u00ed sv\u00e9 partnery o pen\u00edze. Proto je pro n\u00e1s t\u00e9ma etick\u00e9ho podnik\u00e1n\u00ed tak d\u016fle\u017eit\u00e9.\",\"breadcrumb\":{\"@id\":\"https:\/\/redfoxaffiliates.com\/ethics-and-affiliate-marketing-programs\/#breadcrumb\"},\"inLanguage\":\"cs\",\"potentialAction\":[{\"@type\":\"ReadAction\",\"target\":[\"https:\/\/redfoxaffiliates.com\/ethics-and-affiliate-marketing-programs\/\"]}]},{\"@type\":\"BreadcrumbList\",\"@id\":\"https:\/\/redfoxaffiliates.com\/ethics-and-affiliate-marketing-programs\/#breadcrumb\",\"itemListElement\":[{\"@type\":\"ListItem\",\"position\":1,\"name\":\"Home\",\"item\":\"https:\/\/redfoxaffiliates.com\/cs\/domu\/\"},{\"@type\":\"ListItem\",\"position\":2,\"name\":\"O etice v affiliate marketingov\u00fdch programech\"}]},{\"@type\":\"WebSite\",\"@id\":\"https:\/\/redfoxaffiliates.com\/#website\",\"url\":\"https:\/\/redfoxaffiliates.com\/\",\"name\":\"RedFoxLotto Affiliate Program\",\"description\":\"The site for marketing partners of RedFoxLotto.com\",\"potentialAction\":[{\"@type\":\"SearchAction\",\"target\":{\"@type\":\"EntryPoint\",\"urlTemplate\":\"https:\/\/redfoxaffiliates.com\/?s={search_term_string}\"},\"query-input\":\"required name=search_term_string\"}],\"inLanguage\":\"cs\"}]}<\/script>\n<!-- \/ Yoast SEO plugin. -->","yoast_head_json":{"title":"Etika a p\u0159idru\u017een\u00ed na loterijn\u00edm trhu","description":"Existuje mnoho loterijn\u00edch partnersk\u00fdch program\u016f, kter\u00e9 okr\u00e1daj\u00ed sv\u00e9 partnery o pen\u00edze. Proto je pro n\u00e1s t\u00e9ma etick\u00e9ho podnik\u00e1n\u00ed tak d\u016fle\u017eit\u00e9.","robots":{"index":"index","follow":"follow","max-snippet":"max-snippet:-1","max-image-preview":"max-image-preview:large","max-video-preview":"max-video-preview:-1"},"canonical":"https:\/\/redfoxaffiliates.com\/ethics-and-affiliate-marketing-programs\/","og_locale":"cs_CZ","og_type":"article","og_title":"Etika a p\u0159idru\u017een\u00ed na loterijn\u00edm trhu","og_description":"Existuje mnoho loterijn\u00edch partnersk\u00fdch program\u016f, kter\u00e9 okr\u00e1daj\u00ed sv\u00e9 partnery o pen\u00edze. Proto je pro n\u00e1s t\u00e9ma etick\u00e9ho podnik\u00e1n\u00ed tak d\u016fle\u017eit\u00e9.","og_url":"https:\/\/redfoxaffiliates.com\/ethics-and-affiliate-marketing-programs\/","og_site_name":"RedFoxLotto Affiliate Program","twitter_card":"summary_large_image","twitter_misc":{"Odhadovan\u00e1 doba \u010dten\u00ed":"2 minuty"},"schema":{"@context":"https:\/\/schema.org","@graph":[{"@type":"WebPage","@id":"https:\/\/redfoxaffiliates.com\/ethics-and-affiliate-marketing-programs\/","url":"https:\/\/redfoxaffiliates.com\/ethics-and-affiliate-marketing-programs\/","name":"Etika a p\u0159idru\u017een\u00ed na loterijn\u00edm trhu","isPartOf":{"@id":"https:\/\/redfoxaffiliates.com\/#website"},"datePublished":"2026-01-01T20:16:49+00:00","dateModified":"2026-01-01T20:16:49+00:00","description":"Existuje mnoho loterijn\u00edch partnersk\u00fdch program\u016f, kter\u00e9 okr\u00e1daj\u00ed sv\u00e9 partnery o pen\u00edze. Proto je pro n\u00e1s t\u00e9ma etick\u00e9ho podnik\u00e1n\u00ed tak d\u016fle\u017eit\u00e9.","breadcrumb":{"@id":"https:\/\/redfoxaffiliates.com\/ethics-and-affiliate-marketing-programs\/#breadcrumb"},"inLanguage":"cs","potentialAction":[{"@type":"ReadAction","target":["https:\/\/redfoxaffiliates.com\/ethics-and-affiliate-marketing-programs\/"]}]},{"@type":"BreadcrumbList","@id":"https:\/\/redfoxaffiliates.com\/ethics-and-affiliate-marketing-programs\/#breadcrumb","itemListElement":[{"@type":"ListItem","position":1,"name":"Home","item":"https:\/\/redfoxaffiliates.com\/cs\/domu\/"},{"@type":"ListItem","position":2,"name":"O etice v affiliate marketingov\u00fdch programech"}]},{"@type":"WebSite","@id":"https:\/\/redfoxaffiliates.com\/#website","url":"https:\/\/redfoxaffiliates.com\/","name":"RedFoxLotto Affiliate Program","description":"The site for marketing partners of RedFoxLotto.com","potentialAction":[{"@type":"SearchAction","target":{"@type":"EntryPoint","urlTemplate":"https:\/\/redfoxaffiliates.com\/?s={search_term_string}"},"query-input":"required name=search_term_string"}],"inLanguage":"cs"}]}},"_links":{"self":[{"href":"https:\/\/redfoxaffiliates.com\/cs\/wp-json\/wp\/v2\/pages\/350","targetHints":{"allow":["GET"]}}],"collection":[{"href":"https:\/\/redfoxaffiliates.com\/cs\/wp-json\/wp\/v2\/pages"}],"about":[{"href":"https:\/\/redfoxaffiliates.com\/cs\/wp-json\/wp\/v2\/types\/page"}],"author":[{"embeddable":true,"href":"https:\/\/redfoxaffiliates.com\/cs\/wp-json\/wp\/v2\/users\/1"}],"replies":[{"embeddable":true,"href":"https:\/\/redfoxaffiliates.com\/cs\/wp-json\/wp\/v2\/comments?post=350"}],"version-history":[{"count":0,"href":"https:\/\/redfoxaffiliates.com\/cs\/wp-json\/wp\/v2\/pages\/350\/revisions"}],"wp:attachment":[{"href":"https:\/\/redfoxaffiliates.com\/cs\/wp-json\/wp\/v2\/media?parent=350"}],"curies":[{"name":"wp","href":"https:\/\/api.w.org\/{rel}","templated":true}]}}