{"id":327,"date":"2026-01-01T21:15:19","date_gmt":"2026-01-01T20:15:19","guid":{"rendered":"https:\/\/redfoxaffiliates.com\/jak-zacit-s-online-affiliate-marketingem\/"},"modified":"2026-01-01T21:15:19","modified_gmt":"2026-01-01T20:15:19","slug":"jak-zacit-s-online-affiliate-marketingem","status":"publish","type":"page","link":"https:\/\/redfoxaffiliates.com\/cs\/jak-zacit-s-online-affiliate-marketingem\/","title":{"rendered":"Jak za\u010d\u00edt s online affiliate marketingem"},"content":{"rendered":"<h2>Co je affiliate marketing?<\/h2>\n<p>Mnoho online prodejc\u016f m\u00e1 tzv. affiliate programy. Kdokoli si tam m\u016f\u017ee vytvo\u0159it affiliate \u00fa\u010det a za\u010d\u00edt propagovat sv\u00e9 produkty online. Promot\u00e9r (vy) dost\u00e1v\u00e1 provizi za doporu\u010den\u00ed plat\u00edc\u00edch z\u00e1kazn\u00edk\u016f prodejci.<\/p>\n<p>Pod\u00edvejte se do menu vpravo. Je tam odkaz na PDF tutori\u00e1l pro za\u010d\u00e1te\u010dn\u00edky, jak za\u010d\u00edt s affiliate podnik\u00e1n\u00edm od nuly a s minim\u00e1ln\u00ed investic\u00ed.<\/p>\n<h2>Jak dost\u00e1v\u00e1te zaplaceno?<\/h2>\n<p>Po registraci do affiliate programu si m\u016f\u017eete na affiliate webu st\u00e1hnout tzv. sledovac\u00ed odkazy a\/nebo bannery se \u201esledovan\u00fdmi odkazy\u201c. Ty lze vlo\u017eit na v\u00e1\u0161 web a kdy\u017e n\u00e1v\u0161t\u011bvn\u00edk klikne na odkaz, prodejce na z\u00e1klad\u011b ID \u010d\u00edsla v odkazu pozn\u00e1, kter\u00fd affiliate partner z\u00e1kazn\u00edka doporu\u010dil.<\/p>\n<p>Existuj\u00ed dva z\u00e1kladn\u00ed modely pro va\u0161i spolupr\u00e1ci s affiliate programem:<\/p>\n<p>CPA (Cost per Acquisition &#8211; cena za akvizici), v n\u011bm\u017e affiliate partner obdr\u017e\u00ed pevnou \u010d\u00e1stku, kdy\u017e nov\u00fd klient dos\u00e1hne definovan\u00e9ho prodejn\u00edho limitu.<\/p>\n<p>Revenue Share (\u010dasto ozna\u010dovan\u00fd tak\u00e9 jako MGR), v n\u011bm\u017e affiliate partner dost\u00e1v\u00e1 procento z tr\u017eeb z prodeje. V z\u00e1vislosti na podm\u00ednk\u00e1ch v\u00e1m bude vyplacena provize v procentech ze v\u0161ech budouc\u00edch prodej\u016f nebo pouze za ur\u010dit\u00e9 obdob\u00ed.<\/p>\n<h2>Jak propagujete tyto prodejce?<\/h2>\n<p>Pro za\u010d\u00e1tek s affiliate marketingem nejv\u00edce pot\u0159ebujete webov\u00e9 str\u00e1nky, kter\u00e9 generuj\u00ed n\u00e1v\u0161t\u011bvnost. Viz odstavec \u201eVytvo\u0159te si pl\u00e1n\u201c n\u00ed\u017ee! Z\u00edsk\u00e1n\u00ed \u201en\u00e1v\u0161t\u011bvnosti\u201c pro va\u0161e webov\u00e9 str\u00e1nky je nejd\u016fle\u017eit\u011bj\u0161\u00ed.<\/p>\n<p>Tyto webov\u00e9 str\u00e1nky mohou b\u00fdt bu\u010f webov\u00e9 str\u00e1nky souvisej\u00edc\u00ed s konkr\u00e9tn\u00edm produktem (produktem, kter\u00fd chcete propagovat), nebo jen webov\u00e9 str\u00e1nky na jak\u00e9koli t\u00e9ma, pokud generuj\u00ed dostate\u010dnou n\u00e1v\u0161t\u011bvnost. P\u0159\u00edklad: Vytvo\u0159\u00edte webov\u00e9 str\u00e1nky na t\u00e9ma, kter\u00e9 dob\u0159e zn\u00e1te, jako je pot\u00e1p\u011bn\u00ed. P\u00ed\u0161ete skv\u011bl\u00fd obsah a lid\u00e9 nav\u0161t\u011bvuj\u00ed va\u0161e str\u00e1nky. Pot\u00e9 za\u010dnete propagovat online prodejn\u00ed str\u00e1nky specializuj\u00edc\u00ed se na pot\u00e1p\u011b\u010dsk\u00e9 vybaven\u00ed. Poka\u017ed\u00e9, kdy\u017e n\u00e1v\u0161t\u011bvn\u00edk p\u0159ejde z va\u0161ich webov\u00fdch str\u00e1nek na str\u00e1nky prodejce a n\u011bco si koup\u00ed, z\u00edsk\u00e1te provizi.<\/p>\n<h2>Marketing na soci\u00e1ln\u00edch s\u00edt\u00edch<\/h2>\n<p>Pokud m\u00e1te publikum na soci\u00e1ln\u00edch s\u00edt\u00edch, mo\u017en\u00e1 ani webov\u00e9 str\u00e1nky nepot\u0159ebujete. Stejn\u00e9 sledovan\u00e9 affiliate odkazy m\u016f\u017eete pou\u017e\u00edt k zah\u00e1jen\u00ed propagace produkt\u016f prodejce. A pokud je va\u0161e publikum glob\u00e1ln\u00ed, t\u00edm l\u00e9pe. Mnoho zem\u00ed m\u00e1 loterie s n\u00edzk\u00fdmi v\u00fdplatami, nebo v\u016fbec \u017e\u00e1dn\u00e9 loterie. Obyvatel\u00e9 t\u011bchto zem\u00ed jsou ide\u00e1ln\u00edm publikem pro na\u0161i loterijn\u00ed slu\u017ebu.<\/p>\n<h2>Existuj\u00ed prim\u00e1rn\u011b dva sc\u00e9n\u00e1\u0159e:<\/h2>\n<p>Pokud byste m\u011bli webov\u00e9 str\u00e1nky s \u0161irokou \u0161k\u00e1lou t\u00e9mat \u010dl\u00e1nk\u016f a tyto webov\u00e9 str\u00e1nky by m\u011bly ka\u017ed\u00fd den tis\u00edce n\u00e1v\u0161t\u011bvn\u00edk\u016f, mohli byste v\u00edcem\u00e9n\u011b prod\u00e1vat jak\u00fdkoli produkt, kter\u00fd byste cht\u011bli. Samotn\u00fd po\u010det n\u00e1v\u0161t\u011bvn\u00edk\u016f by generoval zna\u010dn\u00e9 p\u0159\u00edjmy. A n\u00e1\u0161 partnersk\u00fd program se skv\u011ble hod\u00ed pro jak\u00e9koli webov\u00e9 str\u00e1nky, proto\u017ee koneckonc\u016f ka\u017ed\u00fd miluje loterii, \u017ee?<\/p>\n<p>Pokud byste m\u011bli nap\u0159\u00edklad webov\u00e9 str\u00e1nky souvisej\u00edc\u00ed s loteri\u00ed, pravd\u011bpodobn\u011b byste m\u011bli m\u00e9n\u011b n\u00e1v\u0161t\u011bvn\u00edk\u016f. N\u00e1v\u0161t\u011bvnost je v\u0161ak v\u00edce \u201ec\u00edlen\u00e1\u201c, tj. va\u0161i n\u00e1v\u0161t\u011bvn\u00edci si s v\u011bt\u0161\u00ed pravd\u011bpodobnost\u00ed koup\u00ed losy, kter\u00e9 propagujete. I kdybyste m\u011bli pouze 10 n\u00e1v\u0161t\u011bvn\u00edk\u016f denn\u011b, st\u00e1le byste zaznamenali n\u011bjak\u00e9 p\u0159\u00edjmy. A s hran\u00edm loterie je jedna v\u011bc: lid\u00e9 maj\u00ed tendenci hr\u00e1t dlouho, dlouho. Jakmile do na\u0161eho partnersk\u00e9ho programu doporu\u010d\u00edte ur\u010dit\u00fd po\u010det klient\u016f, uvid\u00edte relativn\u011b stabiln\u00ed tok p\u0159\u00edjm\u016f.<\/p>\n<h2>Jak z\u00edskat n\u00e1v\u0161t\u011bvn\u00edky na va\u0161e webov\u00e9 str\u00e1nky?<\/h2>\n<p>Abyste p\u0159il\u00e1kali n\u00e1v\u0161t\u011bvn\u00edky, budete na sv\u00e9m webu pot\u0159ebovat kvalitn\u00ed \u010dl\u00e1nky, kter\u00e9 \u010dten\u00e1\u0159\u016fm poskytuj\u00ed u\u017eite\u010dn\u00e9 informace. Mus\u00edte se tak\u00e9 nau\u010dit z\u00e1klady SEO (optimalizace pro vyhled\u00e1va\u010de). To je d\u016fle\u017eit\u00e9, proto\u017ee existuj\u00ed specifick\u00e1 \u201epravidla\u201c, kter\u00e1 mus\u00edte zn\u00e1t, abyste se ujistili, \u017ee se str\u00e1nky na va\u0161em webu budou umis\u0165ovat vysoko ve vyhled\u00e1v\u00e1n\u00ed Google pro kl\u00ed\u010dov\u00e1 slova, kter\u00e1 v\u00e1m mohou p\u0159iv\u00e9st n\u00e1v\u0161t\u011bvn\u00edky. Affiliate partne\u0159i tomu \u0159\u00edkaj\u00ed \u201ep\u0159iveden\u00ed n\u00e1v\u0161t\u011bvnosti\u201c na v\u00e1\u0161 web.<\/p>\n<p>SEO nen\u00ed \u017e\u00e1dn\u00e1 v\u011bda. Sta\u010d\u00ed si vygooglit \u201ez\u00e1klady SEO\u201c a p\u0159e\u010d\u00edst si n\u011bco o nejd\u016fle\u017eit\u011bj\u0161\u00edch pravidlech pro tvorbu \u010dl\u00e1nk\u016f a pozd\u011bj\u0161\u00ed zlep\u0161ov\u00e1n\u00ed va\u0161ich dovednost\u00ed.<\/p>\n<h2>S\u00edla e-mailov\u00e9ho seznamu<\/h2>\n<p>V\u017edy nastavte sv\u016fj web tak, aby n\u00e1v\u0161t\u011bvn\u00edci m\u011bli d\u016fvod se zaregistrovat nebo zanechat sv\u00e9 e-mailov\u00e9 adresy. Vytvo\u0159te si seznam a pou\u017e\u00edvejte ho k odes\u00edl\u00e1n\u00ed e-mail\u016f propaguj\u00edc\u00edch speci\u00e1ln\u00ed akce, slevy a dal\u0161\u00ed. Pokud ji\u017e seznam m\u00e1te, pak mo\u017en\u00e1 ani nepot\u0159ebujete webov\u00e9 str\u00e1nky, abyste byli affiliate partnerem. Ale nekupujte seznamy ze spamov\u00fdch web\u016f pro prodej e-mailov\u00fdch adres \u2013 nestoj\u00ed za to.<\/p>\n<h2>Kolik stoj\u00ed za\u010d\u00edt s affiliate marketingem?<\/h2>\n<p>Jednoduch\u00e1 odpov\u011b\u010f: nic nebo t\u00e9m\u011b\u0159 nic!<\/p>\n<p>V\u0161e, co pot\u0159ebujete, je dom\u00e9nov\u00e9 jm\u00e9no a hostingov\u00fd pl\u00e1n pro webov\u00fd prostor. Jako za\u010d\u00e1te\u010dn\u00edk nepot\u0159ebujete vlastn\u00ed server; pro za\u010d\u00e1tek posta\u010d\u00ed z\u00e1kladn\u00ed webhosting, dostupn\u00fd od 2 eur m\u011bs\u00ed\u010dn\u011b.<\/p>\n<p>Vyberte si spolehliv\u00e9ho poskytovatele hostingu a zvolte dostupn\u00e9 dom\u00e9nov\u00e9 jm\u00e9no. P\u0159ed objedn\u00e1n\u00edm si pros\u00edm n\u00e1zev dom\u00e9ny dob\u0159e rozmyslete. Pot\u00e9 si vyberte z\u00e1kladn\u00ed hostingov\u00fd pl\u00e1n. Zaregistrujte se a zapla\u0165te za \u00fa\u010det. Pot\u00e9 se p\u0159ihlaste ke sv\u00e9mu klientsk\u00e9mu \u00fa\u010dtu a prohl\u00e9dn\u011bte si ho. Jeden tip: Hledejte dal\u0161\u00ed funkci s n\u00e1zvem \u201eSoukrom\u00ed dom\u00e9ny\u201c \u2013 to je n\u011bco, co byste m\u011bli zv\u00e1\u017eit, pokud z n\u011bjak\u00e9ho d\u016fvodu nechcete, aby n\u011bkdo v\u011bd\u011bl, \u017ee vlastn\u00edte a provozujete tyto webov\u00e9 str\u00e1nky a affiliate partnery.<\/p>\n<h2>podnik\u00e1n\u00ed s t\u00edm spojen\u00e9.<\/h2>\n<p>Doporu\u010dujeme za\u010d\u00edt instalac\u00ed webu WordPress pomoc\u00ed bezplatn\u00e9 \u0161ablony (rozvr\u017een\u00ed). WordPress je syst\u00e9m pro spr\u00e1vu obsahu (CMS), kter\u00fd automaticky vytv\u00e1\u0159\u00ed v\u00e1\u0161 web a umo\u017e\u0148uje v\u00e1m jej spravovat. Poskytovatel\u00e9 webov\u00e9ho prostoru maj\u00ed jednoduch\u00e9 funkce, kter\u00e9 m\u016f\u017eete pou\u017e\u00edt k nastaven\u00ed webu WordPress b\u011bhem n\u011bkolika sekund. Nejsou k tomu pot\u0159eba \u017e\u00e1dn\u00e9 program\u00e1torsk\u00e9 dovednosti!<\/p>\n<p>P\u0159e\u010dt\u011bte si \u00favodn\u00ed tutori\u00e1l a seznamte se s nejd\u016fle\u017eit\u011bj\u0161\u00edmi funkcemi WordPressu. K osvojen\u00ed z\u00e1kladn\u00edch dovednost\u00ed pot\u0159ebn\u00fdch ke spr\u00e1v\u011b jednoduch\u00e9ho webu pot\u0159ebujete jen n\u011bkolik hodin. Na webu WordPress je podrobn\u00e1 dokumentace a f\u00f3rum, kde m\u016f\u017eete po\u017e\u00e1dat o pomoc zku\u0161en\u011bj\u0161\u00ed u\u017eivatele.<\/p>\n<h2>Kolik pen\u011bz si m\u016f\u017eete vyd\u011blat jako affiliate partner?<\/h2>\n<p>To velmi z\u00e1le\u017e\u00ed na tom, jak jste odhodlan\u00ed a jak jste dob\u0159\u00ed. N\u011bkte\u0159\u00ed affiliate partneri vyd\u011bl\u00e1vaj\u00ed miliony, jin\u00ed velmi m\u00e1lo, ale mnoz\u00ed vyd\u011bl\u00e1vaj\u00ed n\u011bkolik stovek eur m\u011bs\u00ed\u010dn\u011b. Neo\u010dek\u00e1vejte, \u017ee budete vyd\u011bl\u00e1vat pen\u00edze hned. Chv\u00edli trv\u00e1, ne\u017e v\u00e1\u0161 web p\u0159il\u00e1k\u00e1 n\u00e1v\u0161t\u011bvn\u00edky. Pokud investujete pot\u0159ebnou pr\u00e1ci, budete z toho dlouhodob\u011b schopni \u017e\u00edt.<\/p>\n<h2>M\u011bl by\/m\u016f\u017ee se to d\u011blat na pln\u00fd \u00favazek nebo na \u010d\u00e1ste\u010dn\u00fd \u00favazek?<\/h2>\n<p>Ka\u017ed\u00fd se o tom mus\u00ed rozhodnout s\u00e1m. Ale 90 procent affiliate partner\u016f se k podnik\u00e1n\u00ed p\u0159ipojuje na \u010d\u00e1ste\u010dn\u00fd \u00favazek. Velk\u00e9 procento affiliate partner\u016f p\u0159ech\u00e1z\u00ed na pln\u00fd \u00favazek po dosa\u017een\u00ed dostate\u010dn\u00e9ho \u00fasp\u011bchu a zku\u0161enost\u00ed v oboru.<\/p>\n<h2>Je to leg\u00e1ln\u00ed?<\/h2>\n<p>Rozhodn\u011b, pokud nepropagujete produkty, kter\u00e9 jsou ve va\u0161\u00ed zemi bydli\u0161t\u011b neleg\u00e1ln\u00ed; v takov\u00e9m p\u0159\u00edpad\u011b mus\u00edte p\u0159ijmout opat\u0159en\u00ed, abyste se ochr\u00e1nili p\u0159ed potenci\u00e1ln\u00edmi probl\u00e9my. Viz mimo jin\u00e9 v\u00fd\u0161e uveden\u00e1 \u010d\u00e1st \u201eOchrana osobn\u00edch \u00fadaj\u016f dom\u00e9ny\u201c. Ujist\u011bte se, \u017ee si nevyb\u00edr\u00e1te registr\u00e1tora dom\u00e9n a\/nebo hostingovou slu\u017ebu v zemi, kde by va\u0161e webov\u00e9 str\u00e1nky byly neleg\u00e1ln\u00ed!<\/p>\n<h2>A co je nejd\u016fle\u017eit\u011bj\u0161\u00ed: Vytvo\u0159te si pl\u00e1n!<\/h2>\n<p>Ne\u017e budete moci vyd\u011bl\u00e1vat pen\u00edze prost\u0159ednictv\u00edm affiliate programu, mus\u00edte si vytvo\u0159it solidn\u00ed pl\u00e1n a shrom\u00e1\u017edit z\u00e1kladn\u00ed informace. Mo\u017en\u00e1 jste vid\u011bli film s Kevinem Costnerem \u201ePole sn\u016f\u201c, ve kter\u00e9m hlas z nebe \u0159\u00edk\u00e1: \u201ePostavte ho a oni p\u0159ijdou.\u201c Pokud si mysl\u00edte, \u017ee si m\u016f\u017eete poskl\u00e1dat webov\u00e9 str\u00e1nky na jak\u00e9koli t\u00e9ma a o\u010dek\u00e1vat, \u017ee se pen\u00edze brzy dostanou, budete nakonec frustrovan\u00ed.<\/p>\n<p>Pokud ale k v\u011bci p\u0159istoup\u00edte s pl\u00e1nem, m\u016f\u017eete si vyd\u011blat slu\u0161n\u00e9 pen\u00edze a reklama na affiliate program je obrovsk\u00e1 z\u00e1bava. Ide\u00e1ln\u00ed je za\u010d\u00edt na \u010d\u00e1ste\u010dn\u00fd \u00favazek a pokud to p\u016fjde dob\u0159e, m\u016f\u017eete snadno p\u0159ej\u00edt na pln\u00fd \u00favazek.<\/p>\n<h2>V\u00e1\u0161 pl\u00e1n mus\u00ed obsahovat n\u00e1sleduj\u00edc\u00ed v\u011bci:<\/h2>\n<p>Vyberte si t\u00e9ma, kter\u00e9 v\u00e1s bav\u00ed a o kter\u00e9m m\u016f\u017eete sv\u00fdm \u010dten\u00e1\u0159\u016fm poskytnout cenn\u00e9 informace. Pokud jste v tomto oboru nov\u00e1\u010dkem, v\u017edy si vyberte \u201eni\u0161ov\u00e9\u201c t\u00e9ma \u2013 pokud existuje spousta dal\u0161\u00edch webov\u00fdch str\u00e1nek o tomto t\u00e9matu, budete s nimi jen t\u011b\u017eko konkurovat. Tak\u00e9 bude n\u00e1ro\u010dn\u00e9 se um\u00edstit na jak\u00e1koli kl\u00ed\u010dov\u00e1 slova. Samoz\u0159ejm\u011b si mus\u00edte vybrat t\u00e9ma, kter\u00e9 odpov\u00edd\u00e1 produktu, kter\u00fd lze zakoupit online a m\u00e1 affiliate program.<\/p>\n<p>Vytvo\u0159te si seznam kombinac\u00ed kl\u00ed\u010dov\u00fdch slov, kter\u00e9 by potenci\u00e1ln\u00ed n\u00e1v\u0161t\u011bvn\u00edci mohli vyhled\u00e1vat na Googlu. M\u011bjte na pam\u011bti, \u017ee dosa\u017een\u00ed vysok\u00e9ho um\u00edst\u011bn\u00ed u z\u0159ejm\u00fdch kl\u00ed\u010dov\u00fdch slov, jako je \u201elotto online\u201c, je t\u00e9m\u011b\u0159 nemo\u017en\u00e9. Zvolte konkr\u00e9tn\u011bj\u0161\u00ed fr\u00e1ze. Extr\u00e9mn\u00edm p\u0159\u00edkladem by bylo \u201eMohou se lid\u00e9 z\u00fa\u010dastnit Powerballu, pokud ne\u017eij\u00ed v USA?\u201c<\/p>\n<p>Pot\u00e9 se rozhodn\u011bte, na kterou kombinaci kl\u00ed\u010dov\u00fdch slov se zam\u011b\u0159\u00edte na domovsk\u00e9 str\u00e1nce sv\u00e9ho webu. Napi\u0161te \u010dl\u00e1nek na domovskou str\u00e1nku pro danou kombinaci kl\u00ed\u010dov\u00fdch slov. D\u00e1le si vytvo\u0159te pl\u00e1n struktury va\u0161eho webu. Napi\u0161te n\u011bkolik dal\u0161\u00edch \u010dl\u00e1nk\u016f pro dal\u0161\u00ed kombinace kl\u00ed\u010dov\u00fdch slov, kter\u00e9 v\u00e1s napadnou.<\/p>\n<h2>Od t\u00e9 chv\u00edle se mus\u00edte zam\u011b\u0159it na dv\u011b v\u011bci:<\/h2>\n<p>Vytv\u00e1\u0159ejte odkazy sm\u011b\u0159uj\u00edc\u00ed na v\u00e1\u0161 web. Odkazy jsou jako pozitivn\u00ed hlasy pro v\u00e1\u0161 web; kvalitn\u00ed odkazy mohou zlep\u0161it va\u0161e pozice ve vyhled\u00e1va\u010d\u00edch. Po\u017e\u00e1dejte p\u0159\u00e1tele s webov\u00fdmi str\u00e1nkami o odkazy, kontaktujte jin\u00e9 webmastery a nab\u00eddn\u011bte naps\u00e1n\u00ed \u010dl\u00e1nku v\u00fdm\u011bnou za odkazy atd. Nejlep\u0161\u00ed odkazy se v\u0161ak objev\u00ed p\u0159irozen\u011b, kdy\u017e si lid\u00e9 p\u0159e\u010dtou va\u0161e \u010dl\u00e1nky a odk\u00e1\u017eou na va\u0161i str\u00e1nku, proto\u017ee se jim l\u00edbilo, co jste napsali!<\/p>\n<p>Vytv\u00e1\u0159ejte v\u00edce obsahu (\u010dl\u00e1nk\u016f) s dobr\u00fdm SEO. Pou\u017e\u00edvejte svou fantazii a pravideln\u011b pi\u0161te nov\u00e9 \u010dl\u00e1nky. Zva\u017ete, zda byste pro za\u010d\u00e1tek nem\u011bli p\u0159id\u00e1vat 2\u20133 \u010dl\u00e1nky t\u00fddn\u011b.<\/p>\n<p>Kdy\u017e budete plnit v\u00fd\u0161e uveden\u00e9, budete se st\u00e1vat st\u00e1le zku\u0161en\u011bj\u0161\u00edmi a prvn\u00ed n\u00e1v\u0161t\u011bvn\u00edci se dostanou na v\u00e1\u0161 web. Pou\u017e\u00edvejte (bezplatnou) slu\u017ebu, jako je www.clicky.com nebo Google Analytics, ke sledov\u00e1n\u00ed po\u010dtu n\u00e1v\u0161t\u011bvn\u00edk\u016f a jejich chov\u00e1n\u00ed. Pravideln\u011b kontrolujte sv\u016fj \u00fa\u010det v partnersk\u00e9m programu, abyste zjistili, zda generujete p\u0159\u00edjmy.<\/p>\n<p>Vyu\u017eijte SEO slu\u017ebu, kter\u00e1 v\u00e1m pom\u016f\u017ee naj\u00edt v\u00edce kl\u00ed\u010dov\u00fdch slov souvisej\u00edc\u00edch s va\u0161\u00edm prim\u00e1rn\u00edm kl\u00ed\u010dov\u00fdm slovem. Vytvo\u0159te SEO optimalizovan\u00fd obsah, kter\u00fd c\u00edl\u00ed na tato kl\u00ed\u010dov\u00e1 slova. V\u00edce obsahu p\u0159ivede na v\u00e1\u0161 web v\u00edce n\u00e1v\u0161t\u011bvn\u00edk\u016f a zv\u00fd\u0161\u00ed va\u0161e provize.<\/p>\n<p>Postupem \u010dasu, jak budete pracovat, t\u00e9m\u011b\u0159 jist\u011b uvid\u00edte pozitivn\u00ed vliv na po\u010det n\u00e1v\u0161t\u011bvn\u00edk\u016f a p\u0159\u00edjmy.<\/p>\n<p><em>Osobn\u011b<\/em>: lid\u00e9 stoj\u00edc\u00ed za RedFoxLotto a partnersk\u00fdm programem za\u010d\u00ednali jako partne\u0159i p\u0159ed v\u00edce ne\u017e 15 lety. Od t\u00e9 doby jsou docela \u00fasp\u011b\u0161n\u00ed. A pokud se jich zept\u00e1te, co se jim na tomto podnik\u00e1n\u00ed l\u00edb\u00ed, \u0159ekli by v\u00e1m toto:<\/p>\n<ul>\n<li>Neomezen\u00fd a glob\u00e1ln\u00ed potenci\u00e1l v\u00fdd\u011blku<\/li>\n<li>M\u016f\u017eete za\u010d\u00edt podnikat v affiliate marketingu t\u00e9m\u011b\u0159 bez investic.<\/li>\n<li>M\u016f\u017ee v\u00e1m to poskytnout finan\u010dn\u00ed nez\u00e1vislost.<\/li>\n<li>M\u016f\u017eete pracovat online odkudkoli chcete.<\/li>\n<\/ul>\n","protected":false},"excerpt":{"rendered":"<p>Co je affiliate marketing? Mnoho online prodejc\u016f m\u00e1 tzv. affiliate programy. Kdokoli si tam m\u016f\u017ee vytvo\u0159it affiliate \u00fa\u010det a za\u010d\u00edt propagovat sv\u00e9 produkty online. Promot\u00e9r (vy) dost\u00e1v\u00e1 provizi za doporu\u010den\u00ed plat\u00edc\u00edch z\u00e1kazn\u00edk\u016f prodejci. Pod\u00edvejte se do menu vpravo. Je tam odkaz na PDF tutori\u00e1l pro za\u010d\u00e1te\u010dn\u00edky, jak za\u010d\u00edt s affiliate<\/p>\n<p><a href=\"https:\/\/redfoxaffiliates.com\/cs\/jak-zacit-s-online-affiliate-marketingem\/\" class=\"more-link\">Continue Reading<span class=\"screen-reader-text\">Jak za\u010d\u00edt s online affiliate marketingem<\/span><\/a><\/p>\n","protected":false},"author":1,"featured_media":0,"parent":0,"menu_order":6,"comment_status":"closed","ping_status":"closed","template":"","meta":{"footnotes":""},"class_list":["post-327","page","type-page","status-publish","hentry"],"yoast_head":"<!-- This site is optimized with the Yoast SEO plugin v22.4 - https:\/\/yoast.com\/wordpress\/plugins\/seo\/ -->\n<title>Jak za\u010d\u00edt a rozv\u00edjet sv\u00e9 online affiliate marketingov\u00e9 podnik\u00e1n\u00ed<\/title>\n<meta name=\"description\" content=\"Pl\u00e1n \u00fasp\u011bchu pro affiliate marketingov\u00e9 podnik\u00e1n\u00ed. Za\u010dn\u011bte vyd\u011bl\u00e1vat provize online t\u00edm, \u017ee se stanete affiliate partnerem a marketingov\u00fdm partnerem\" \/>\n<meta name=\"robots\" content=\"index, follow, max-snippet:-1, max-image-preview:large, max-video-preview:-1\" \/>\n<link rel=\"canonical\" href=\"https:\/\/redfoxaffiliates.com\/how-to-start-an-online-affiliate-marketing-business\/\" \/>\n<meta property=\"og:locale\" content=\"cs_CZ\" \/>\n<meta property=\"og:type\" content=\"article\" \/>\n<meta property=\"og:title\" content=\"Jak za\u010d\u00edt a rozv\u00edjet sv\u00e9 online affiliate marketingov\u00e9 podnik\u00e1n\u00ed\" \/>\n<meta property=\"og:description\" content=\"Pl\u00e1n \u00fasp\u011bchu pro affiliate marketingov\u00e9 podnik\u00e1n\u00ed. Za\u010dn\u011bte vyd\u011bl\u00e1vat provize online t\u00edm, \u017ee se stanete affiliate partnerem a marketingov\u00fdm partnerem\" \/>\n<meta property=\"og:url\" content=\"https:\/\/redfoxaffiliates.com\/how-to-start-an-online-affiliate-marketing-business\/\" \/>\n<meta property=\"og:site_name\" content=\"RedFoxLotto Affiliate Program\" \/>\n<meta name=\"twitter:card\" content=\"summary_large_image\" \/>\n<meta name=\"twitter:label1\" content=\"Odhadovan\u00e1 doba \u010dten\u00ed\" \/>\n\t<meta name=\"twitter:data1\" content=\"11 minut\" \/>\n<script type=\"application\/ld+json\" class=\"yoast-schema-graph\">{\"@context\":\"https:\/\/schema.org\",\"@graph\":[{\"@type\":\"WebPage\",\"@id\":\"https:\/\/redfoxaffiliates.com\/how-to-start-an-online-affiliate-marketing-business\/\",\"url\":\"https:\/\/redfoxaffiliates.com\/how-to-start-an-online-affiliate-marketing-business\/\",\"name\":\"Jak za\u010d\u00edt a rozv\u00edjet sv\u00e9 online affiliate marketingov\u00e9 podnik\u00e1n\u00ed\",\"isPartOf\":{\"@id\":\"https:\/\/redfoxaffiliates.com\/#website\"},\"datePublished\":\"2026-01-01T20:15:19+00:00\",\"dateModified\":\"2026-01-01T20:15:19+00:00\",\"description\":\"Pl\u00e1n \u00fasp\u011bchu pro affiliate marketingov\u00e9 podnik\u00e1n\u00ed. Za\u010dn\u011bte vyd\u011bl\u00e1vat provize online t\u00edm, \u017ee se stanete affiliate partnerem a marketingov\u00fdm partnerem\",\"breadcrumb\":{\"@id\":\"https:\/\/redfoxaffiliates.com\/how-to-start-an-online-affiliate-marketing-business\/#breadcrumb\"},\"inLanguage\":\"cs\",\"potentialAction\":[{\"@type\":\"ReadAction\",\"target\":[\"https:\/\/redfoxaffiliates.com\/how-to-start-an-online-affiliate-marketing-business\/\"]}]},{\"@type\":\"BreadcrumbList\",\"@id\":\"https:\/\/redfoxaffiliates.com\/how-to-start-an-online-affiliate-marketing-business\/#breadcrumb\",\"itemListElement\":[{\"@type\":\"ListItem\",\"position\":1,\"name\":\"Home\",\"item\":\"https:\/\/redfoxaffiliates.com\/cs\/domu\/\"},{\"@type\":\"ListItem\",\"position\":2,\"name\":\"Jak za\u010d\u00edt s online affiliate marketingem\"}]},{\"@type\":\"WebSite\",\"@id\":\"https:\/\/redfoxaffiliates.com\/#website\",\"url\":\"https:\/\/redfoxaffiliates.com\/\",\"name\":\"RedFoxLotto Affiliate Program\",\"description\":\"The site for marketing partners of RedFoxLotto.com\",\"potentialAction\":[{\"@type\":\"SearchAction\",\"target\":{\"@type\":\"EntryPoint\",\"urlTemplate\":\"https:\/\/redfoxaffiliates.com\/?s={search_term_string}\"},\"query-input\":\"required name=search_term_string\"}],\"inLanguage\":\"cs\"}]}<\/script>\n<!-- \/ Yoast SEO plugin. -->","yoast_head_json":{"title":"Jak za\u010d\u00edt a rozv\u00edjet sv\u00e9 online affiliate marketingov\u00e9 podnik\u00e1n\u00ed","description":"Pl\u00e1n \u00fasp\u011bchu pro affiliate marketingov\u00e9 podnik\u00e1n\u00ed. Za\u010dn\u011bte vyd\u011bl\u00e1vat provize online t\u00edm, \u017ee se stanete affiliate partnerem a marketingov\u00fdm partnerem","robots":{"index":"index","follow":"follow","max-snippet":"max-snippet:-1","max-image-preview":"max-image-preview:large","max-video-preview":"max-video-preview:-1"},"canonical":"https:\/\/redfoxaffiliates.com\/how-to-start-an-online-affiliate-marketing-business\/","og_locale":"cs_CZ","og_type":"article","og_title":"Jak za\u010d\u00edt a rozv\u00edjet sv\u00e9 online affiliate marketingov\u00e9 podnik\u00e1n\u00ed","og_description":"Pl\u00e1n \u00fasp\u011bchu pro affiliate marketingov\u00e9 podnik\u00e1n\u00ed. Za\u010dn\u011bte vyd\u011bl\u00e1vat provize online t\u00edm, \u017ee se stanete affiliate partnerem a marketingov\u00fdm partnerem","og_url":"https:\/\/redfoxaffiliates.com\/how-to-start-an-online-affiliate-marketing-business\/","og_site_name":"RedFoxLotto Affiliate Program","twitter_card":"summary_large_image","twitter_misc":{"Odhadovan\u00e1 doba \u010dten\u00ed":"11 minut"},"schema":{"@context":"https:\/\/schema.org","@graph":[{"@type":"WebPage","@id":"https:\/\/redfoxaffiliates.com\/how-to-start-an-online-affiliate-marketing-business\/","url":"https:\/\/redfoxaffiliates.com\/how-to-start-an-online-affiliate-marketing-business\/","name":"Jak za\u010d\u00edt a rozv\u00edjet sv\u00e9 online affiliate marketingov\u00e9 podnik\u00e1n\u00ed","isPartOf":{"@id":"https:\/\/redfoxaffiliates.com\/#website"},"datePublished":"2026-01-01T20:15:19+00:00","dateModified":"2026-01-01T20:15:19+00:00","description":"Pl\u00e1n \u00fasp\u011bchu pro affiliate marketingov\u00e9 podnik\u00e1n\u00ed. Za\u010dn\u011bte vyd\u011bl\u00e1vat provize online t\u00edm, \u017ee se stanete affiliate partnerem a marketingov\u00fdm partnerem","breadcrumb":{"@id":"https:\/\/redfoxaffiliates.com\/how-to-start-an-online-affiliate-marketing-business\/#breadcrumb"},"inLanguage":"cs","potentialAction":[{"@type":"ReadAction","target":["https:\/\/redfoxaffiliates.com\/how-to-start-an-online-affiliate-marketing-business\/"]}]},{"@type":"BreadcrumbList","@id":"https:\/\/redfoxaffiliates.com\/how-to-start-an-online-affiliate-marketing-business\/#breadcrumb","itemListElement":[{"@type":"ListItem","position":1,"name":"Home","item":"https:\/\/redfoxaffiliates.com\/cs\/domu\/"},{"@type":"ListItem","position":2,"name":"Jak za\u010d\u00edt s online affiliate marketingem"}]},{"@type":"WebSite","@id":"https:\/\/redfoxaffiliates.com\/#website","url":"https:\/\/redfoxaffiliates.com\/","name":"RedFoxLotto Affiliate Program","description":"The site for marketing partners of RedFoxLotto.com","potentialAction":[{"@type":"SearchAction","target":{"@type":"EntryPoint","urlTemplate":"https:\/\/redfoxaffiliates.com\/?s={search_term_string}"},"query-input":"required name=search_term_string"}],"inLanguage":"cs"}]}},"_links":{"self":[{"href":"https:\/\/redfoxaffiliates.com\/cs\/wp-json\/wp\/v2\/pages\/327","targetHints":{"allow":["GET"]}}],"collection":[{"href":"https:\/\/redfoxaffiliates.com\/cs\/wp-json\/wp\/v2\/pages"}],"about":[{"href":"https:\/\/redfoxaffiliates.com\/cs\/wp-json\/wp\/v2\/types\/page"}],"author":[{"embeddable":true,"href":"https:\/\/redfoxaffiliates.com\/cs\/wp-json\/wp\/v2\/users\/1"}],"replies":[{"embeddable":true,"href":"https:\/\/redfoxaffiliates.com\/cs\/wp-json\/wp\/v2\/comments?post=327"}],"version-history":[{"count":0,"href":"https:\/\/redfoxaffiliates.com\/cs\/wp-json\/wp\/v2\/pages\/327\/revisions"}],"wp:attachment":[{"href":"https:\/\/redfoxaffiliates.com\/cs\/wp-json\/wp\/v2\/media?parent=327"}],"curies":[{"name":"wp","href":"https:\/\/api.w.org\/{rel}","templated":true}]}}