{"id":304,"date":"2023-07-15T13:46:59","date_gmt":"2023-07-15T11:46:59","guid":{"rendered":"https:\/\/redfoxaffiliates.com\/casto-kladene-otazky\/"},"modified":"2023-07-15T13:46:59","modified_gmt":"2023-07-15T11:46:59","slug":"casto-kladene-otazky","status":"publish","type":"page","link":"https:\/\/redfoxaffiliates.com\/cs\/casto-kladene-otazky\/","title":{"rendered":"\u010casto kladen\u00e9 ot\u00e1zky"},"content":{"rendered":"<h2>Co znamen\u00e1 affiliate program?<\/h2>\n<p>Affiliate program je marketingov\u00e1 strategie. Mnoho produkt\u016f, slu\u017eeb a webov\u00fdch str\u00e1nek vyu\u017e\u00edv\u00e1 affiliate programy k propagaci sv\u00fdch produkt\u016f a slu\u017eeb. Ka\u017ed\u00fd affiliate partner RedFoxLotto.com n\u00e1s m\u016f\u017ee propagovat.<\/p>\n<h2>Jsou s t\u00edm spojeny n\u011bjak\u00e9 v\u00fddaje nebo registra\u010dn\u00ed poplatky?<\/h2>\n<p>Ne. \u00da\u010dast v na\u0161em affiliate programu je zcela zdarma. Jedin\u00e9 v\u00fddaje, kter\u00e9 v\u00e1m vzniknou, jsou v\u00fddaje na provoz va\u0161ich webov\u00fdch str\u00e1nek nebo po\u0159\u00edzen\u00ed vlastn\u00edch marketingov\u00fdch materi\u00e1l\u016f.<\/p>\n<h2>Jak v\u00e1s mohu propagovat?<\/h2>\n<p>M\u016f\u017eete pou\u017e\u00edt v\u0161echny druhy online a offline strategi\u00ed. Zde jsou dva nejb\u011b\u017en\u011bj\u0161\u00ed zp\u016fsoby:<\/p>\n<ul>\n<li>M\u016f\u017eete vytvo\u0159it webovou str\u00e1nku (souvisej\u00edc\u00ed s loteri\u00ed nebo jinou) a pou\u017e\u00edt ji k propagaci RedFoxLotto. Z\u00edskejte n\u00e1v\u0161t\u011bvnost pomoc\u00ed hodnocen\u00ed kl\u00ed\u010dov\u00fdch slov ve vyhled\u00e1v\u00e1n\u00ed Google a propagujte svou str\u00e1nku na soci\u00e1ln\u00edch m\u00e9di\u00edch. V\u00edce n\u00e1v\u0161t\u011bvn\u00edk\u016f na va\u0161\u00ed webov\u00e9 str\u00e1nce znamen\u00e1 v\u00edce proklik\u016f na RedFoxLotto, co\u017e znamen\u00e1 v\u00edce pen\u011bz pro v\u00e1s.<\/li>\n<li>Vytvo\u0159te webovou str\u00e1nku o loterii, pou\u017eijte partnersk\u00e9 odkazy sm\u011b\u0159uj\u00edc\u00ed na RedFoxLotto.com a pot\u00e9 propagujte svou webovou str\u00e1nku offline.<\/li>\n<\/ul>\n<h2>Kolik mohu vyd\u011blat?<\/h2>\n<p>Neexistuje \u017e\u00e1dn\u00e9 omezen\u00ed. Z\u00edsk\u00e1te procentu\u00e1ln\u00ed pod\u00edl z \u010dist\u00e9 \u010d\u00e1stky tr\u017eeb, kter\u00e9 vygenerujete. A za ka\u017ed\u00fd m\u011bs\u00edc, ve kter\u00e9m vygenerujete vy\u0161\u0161\u00ed provize, se v\u00e1\u0161 procentu\u00e1ln\u00ed pod\u00edl zv\u00fd\u0161\u00ed. V\u00edce informac\u00ed najdete v tomto \u010dl\u00e1nku.<\/p>\n<h2>Co je partnersk\u00fd odkaz?<\/h2>\n<p>Affiliate odkaz je odkaz, kter\u00fd obsahuje tracker \u2013 speci\u00e1ln\u00ed identifik\u00e1tor spojen\u00fd pouze s va\u0161\u00edm affiliate \u00fa\u010dtem. Tyto odkazy vlo\u017e\u00edte na svou webovou str\u00e1nku. Pot\u00e9 na n\u011bj klikne jeden z n\u00e1v\u0161t\u011bvn\u00edk\u016f va\u0161\u00ed webov\u00e9 str\u00e1nky a provede n\u00e1kup na RedFoxLotto.com. N\u00e1\u0161 affiliate syst\u00e9m pomoc\u00ed tohoto tracker k\u00f3du identifikuje nov\u00e9ho klienta jako klienta, kter\u00e9ho jste p\u0159ivedli. Za tento prodej z\u00edsk\u00e1te provizi. Jak\u00fdkoli budouc\u00ed n\u00e1kup tohoto klienta v\u00e1m tak\u00e9 p\u0159inese dal\u0161\u00ed provizi.<\/p>\n<p>Kdykoli z\u00e1kazn\u00edk nav\u0161t\u00edv\u00ed n\u00e1\u0161 web kliknut\u00edm na jeden z va\u0161ich affiliate odkaz\u016f, na jeho za\u0159\u00edzen\u00ed se vygeneruje cookie. To zaji\u0161\u0165uje, \u017ee pokud p\u0159i sv\u00e9 prvn\u00ed n\u00e1v\u0161t\u011bv\u011b neprovede n\u00e1kup, ale vr\u00e1t\u00ed se pozd\u011bji, aby si koupil loterijn\u00ed tikety, bude i tak identifikov\u00e1n jako \u201ev\u00e1\u0161\u201c prodej.<\/p>\n<h2>A co p\u0159ihl\u00e1\u0161en\u00ed k affiliate \u00fa\u010dtu?<\/h2>\n<p>Jakmile se zaregistrujete na na\u0161em webu, va\u0161i registraci zkontrolujeme. Pot\u00e9 v\u00e1m vytvo\u0159\u00edme affiliate \u00fa\u010det. N\u00e1sledn\u011b v\u00e1m za\u0161leme e-mail s URL adresou pro p\u0159ihl\u00e1\u0161en\u00ed k va\u0161emu affiliate \u00fa\u010dtu, s u\u017eivatelsk\u00fdm jm\u00e9nem a do\u010dasn\u00fdm heslem. Po p\u0159ihl\u00e1\u0161en\u00ed k va\u0161emu \u00fa\u010dtu (affiliate backend) m\u016f\u017eete toto heslo zm\u011bnit a zkontrolovat, zda jsou v\u0161echny va\u0161e osobn\u00ed \u00fadaje spr\u00e1vn\u00e9.<\/p>\n<p>Budete moci vytv\u00e1\u0159et kampan\u011b s vyhrazen\u00fdmi partnersk\u00fdmi odkazy pro r\u016fzn\u00e9 marketingov\u00e9 aktivity. \u0158ekn\u011bme, \u017ee m\u00e1te v\u00edce webov\u00fdch str\u00e1nek. V takov\u00e9m p\u0159\u00edpad\u011b budete cht\u00edt vytvo\u0159it jednu kampa\u0148 pro ka\u017edou webovou str\u00e1nku. T\u00edmto zp\u016fsobem m\u016f\u017eete sledovat v\u00fdkonnost ka\u017ed\u00e9 webov\u00e9 str\u00e1nky samostatn\u011b.<\/p>\n<p>V partnersk\u00e9m backendu m\u016f\u017eete tak\u00e9 vid\u011bt statistiky n\u00e1v\u0161t\u011bvn\u00edk\u016f a zpr\u00e1vy o proviz\u00edch. Marketingov\u00e9 materi\u00e1ly, kter\u00e9 m\u016f\u017eete pou\u017e\u00edt k propagaci na\u0161ich produkt\u016f, si tam tak\u00e9 m\u016f\u017eete st\u00e1hnout.<\/p>\n<h2>V\u00fdplata proviz\u00ed<\/h2>\n<p>15. ka\u017ed\u00e9ho m\u011bs\u00edce v\u00e1m vyplat\u00edme provize, kter\u00e9 jste vyd\u011blali b\u011bhem p\u0159edchoz\u00edho m\u011bs\u00edce. Obvykl\u00fdmi zp\u016fsoby v\u00fdplaty jsou Skrill, Neteller a bankovn\u00ed p\u0159evod, ale lze se domluvit i na jin\u00fdch mo\u017enostech.<\/p>\n","protected":false},"excerpt":{"rendered":"<p>Co znamen\u00e1 affiliate program? Affiliate program je marketingov\u00e1 strategie. Mnoho produkt\u016f, slu\u017eeb a webov\u00fdch str\u00e1nek vyu\u017e\u00edv\u00e1 affiliate programy k propagaci sv\u00fdch produkt\u016f a slu\u017eeb. Ka\u017ed\u00fd affiliate partner RedFoxLotto.com n\u00e1s m\u016f\u017ee propagovat. Jsou s t\u00edm spojeny n\u011bjak\u00e9 v\u00fddaje nebo registra\u010dn\u00ed poplatky? Ne. \u00da\u010dast v na\u0161em affiliate programu je zcela zdarma. Jedin\u00e9<\/p>\n<p><a href=\"https:\/\/redfoxaffiliates.com\/cs\/casto-kladene-otazky\/\" class=\"more-link\">Continue Reading<span class=\"screen-reader-text\">\u010casto kladen\u00e9 ot\u00e1zky<\/span><\/a><\/p>\n","protected":false},"author":1,"featured_media":0,"parent":0,"menu_order":3,"comment_status":"closed","ping_status":"closed","template":"","meta":{"footnotes":""},"class_list":["post-304","page","type-page","status-publish","hentry"],"yoast_head":"<!-- This site is optimized with the Yoast SEO plugin v22.4 - https:\/\/yoast.com\/wordpress\/plugins\/seo\/ -->\n<title>\u010casto kladen\u00e9 ot\u00e1zky o affiliate programu na loterijn\u00edm trhu<\/title>\n<meta name=\"description\" content=\"Najd\u011bte odpov\u011bdi na sv\u00e9 ot\u00e1zky t\u00fdkaj\u00edc\u00ed se affiliate programu v loterijn\u00edm odv\u011btv\u00ed obecn\u011b a affiliate programu RedFoxLotto konkr\u00e9tn\u011b.\" \/>\n<meta name=\"robots\" content=\"index, follow, max-snippet:-1, max-image-preview:large, max-video-preview:-1\" \/>\n<link rel=\"canonical\" href=\"https:\/\/redfoxaffiliates.com\/faq\/\" \/>\n<meta property=\"og:locale\" content=\"cs_CZ\" \/>\n<meta property=\"og:type\" content=\"article\" \/>\n<meta property=\"og:title\" content=\"\u010casto kladen\u00e9 ot\u00e1zky o affiliate programu na loterijn\u00edm trhu\" \/>\n<meta property=\"og:description\" content=\"Najd\u011bte odpov\u011bdi na sv\u00e9 ot\u00e1zky t\u00fdkaj\u00edc\u00ed se affiliate programu v loterijn\u00edm odv\u011btv\u00ed obecn\u011b a affiliate programu RedFoxLotto konkr\u00e9tn\u011b.\" \/>\n<meta property=\"og:url\" content=\"https:\/\/redfoxaffiliates.com\/faq\/\" \/>\n<meta property=\"og:site_name\" content=\"RedFoxLotto Affiliate Program\" \/>\n<meta name=\"twitter:card\" content=\"summary_large_image\" \/>\n<meta name=\"twitter:label1\" content=\"Odhadovan\u00e1 doba \u010dten\u00ed\" \/>\n\t<meta name=\"twitter:data1\" content=\"3 minuty\" \/>\n<script type=\"application\/ld+json\" class=\"yoast-schema-graph\">{\"@context\":\"https:\/\/schema.org\",\"@graph\":[{\"@type\":\"WebPage\",\"@id\":\"https:\/\/redfoxaffiliates.com\/faq\/\",\"url\":\"https:\/\/redfoxaffiliates.com\/faq\/\",\"name\":\"\u010casto kladen\u00e9 ot\u00e1zky o affiliate programu na loterijn\u00edm trhu\",\"isPartOf\":{\"@id\":\"https:\/\/redfoxaffiliates.com\/#website\"},\"datePublished\":\"2023-07-15T11:46:59+00:00\",\"dateModified\":\"2023-07-15T11:46:59+00:00\",\"description\":\"Najd\u011bte odpov\u011bdi na sv\u00e9 ot\u00e1zky t\u00fdkaj\u00edc\u00ed se affiliate programu v loterijn\u00edm odv\u011btv\u00ed obecn\u011b a affiliate programu RedFoxLotto konkr\u00e9tn\u011b.\",\"breadcrumb\":{\"@id\":\"https:\/\/redfoxaffiliates.com\/faq\/#breadcrumb\"},\"inLanguage\":\"cs\",\"potentialAction\":[{\"@type\":\"ReadAction\",\"target\":[\"https:\/\/redfoxaffiliates.com\/faq\/\"]}]},{\"@type\":\"BreadcrumbList\",\"@id\":\"https:\/\/redfoxaffiliates.com\/faq\/#breadcrumb\",\"itemListElement\":[{\"@type\":\"ListItem\",\"position\":1,\"name\":\"Home\",\"item\":\"https:\/\/redfoxaffiliates.com\/cs\/domu\/\"},{\"@type\":\"ListItem\",\"position\":2,\"name\":\"\u010casto kladen\u00e9 ot\u00e1zky\"}]},{\"@type\":\"WebSite\",\"@id\":\"https:\/\/redfoxaffiliates.com\/#website\",\"url\":\"https:\/\/redfoxaffiliates.com\/\",\"name\":\"RedFoxLotto Affiliate Program\",\"description\":\"The site for marketing partners of RedFoxLotto.com\",\"potentialAction\":[{\"@type\":\"SearchAction\",\"target\":{\"@type\":\"EntryPoint\",\"urlTemplate\":\"https:\/\/redfoxaffiliates.com\/?s={search_term_string}\"},\"query-input\":\"required name=search_term_string\"}],\"inLanguage\":\"cs\"}]}<\/script>\n<!-- \/ Yoast SEO plugin. -->","yoast_head_json":{"title":"\u010casto kladen\u00e9 ot\u00e1zky o affiliate programu na loterijn\u00edm trhu","description":"Najd\u011bte odpov\u011bdi na sv\u00e9 ot\u00e1zky t\u00fdkaj\u00edc\u00ed se affiliate programu v loterijn\u00edm odv\u011btv\u00ed obecn\u011b a affiliate programu RedFoxLotto konkr\u00e9tn\u011b.","robots":{"index":"index","follow":"follow","max-snippet":"max-snippet:-1","max-image-preview":"max-image-preview:large","max-video-preview":"max-video-preview:-1"},"canonical":"https:\/\/redfoxaffiliates.com\/faq\/","og_locale":"cs_CZ","og_type":"article","og_title":"\u010casto kladen\u00e9 ot\u00e1zky o affiliate programu na loterijn\u00edm trhu","og_description":"Najd\u011bte odpov\u011bdi na sv\u00e9 ot\u00e1zky t\u00fdkaj\u00edc\u00ed se affiliate programu v loterijn\u00edm odv\u011btv\u00ed obecn\u011b a affiliate programu RedFoxLotto konkr\u00e9tn\u011b.","og_url":"https:\/\/redfoxaffiliates.com\/faq\/","og_site_name":"RedFoxLotto Affiliate Program","twitter_card":"summary_large_image","twitter_misc":{"Odhadovan\u00e1 doba \u010dten\u00ed":"3 minuty"},"schema":{"@context":"https:\/\/schema.org","@graph":[{"@type":"WebPage","@id":"https:\/\/redfoxaffiliates.com\/faq\/","url":"https:\/\/redfoxaffiliates.com\/faq\/","name":"\u010casto kladen\u00e9 ot\u00e1zky o affiliate programu na loterijn\u00edm trhu","isPartOf":{"@id":"https:\/\/redfoxaffiliates.com\/#website"},"datePublished":"2023-07-15T11:46:59+00:00","dateModified":"2023-07-15T11:46:59+00:00","description":"Najd\u011bte odpov\u011bdi na sv\u00e9 ot\u00e1zky t\u00fdkaj\u00edc\u00ed se affiliate programu v loterijn\u00edm odv\u011btv\u00ed obecn\u011b a affiliate programu RedFoxLotto konkr\u00e9tn\u011b.","breadcrumb":{"@id":"https:\/\/redfoxaffiliates.com\/faq\/#breadcrumb"},"inLanguage":"cs","potentialAction":[{"@type":"ReadAction","target":["https:\/\/redfoxaffiliates.com\/faq\/"]}]},{"@type":"BreadcrumbList","@id":"https:\/\/redfoxaffiliates.com\/faq\/#breadcrumb","itemListElement":[{"@type":"ListItem","position":1,"name":"Home","item":"https:\/\/redfoxaffiliates.com\/cs\/domu\/"},{"@type":"ListItem","position":2,"name":"\u010casto kladen\u00e9 ot\u00e1zky"}]},{"@type":"WebSite","@id":"https:\/\/redfoxaffiliates.com\/#website","url":"https:\/\/redfoxaffiliates.com\/","name":"RedFoxLotto Affiliate Program","description":"The site for marketing partners of RedFoxLotto.com","potentialAction":[{"@type":"SearchAction","target":{"@type":"EntryPoint","urlTemplate":"https:\/\/redfoxaffiliates.com\/?s={search_term_string}"},"query-input":"required name=search_term_string"}],"inLanguage":"cs"}]}},"_links":{"self":[{"href":"https:\/\/redfoxaffiliates.com\/cs\/wp-json\/wp\/v2\/pages\/304","targetHints":{"allow":["GET"]}}],"collection":[{"href":"https:\/\/redfoxaffiliates.com\/cs\/wp-json\/wp\/v2\/pages"}],"about":[{"href":"https:\/\/redfoxaffiliates.com\/cs\/wp-json\/wp\/v2\/types\/page"}],"author":[{"embeddable":true,"href":"https:\/\/redfoxaffiliates.com\/cs\/wp-json\/wp\/v2\/users\/1"}],"replies":[{"embeddable":true,"href":"https:\/\/redfoxaffiliates.com\/cs\/wp-json\/wp\/v2\/comments?post=304"}],"version-history":[{"count":0,"href":"https:\/\/redfoxaffiliates.com\/cs\/wp-json\/wp\/v2\/pages\/304\/revisions"}],"wp:attachment":[{"href":"https:\/\/redfoxaffiliates.com\/cs\/wp-json\/wp\/v2\/media?parent=304"}],"curies":[{"name":"wp","href":"https:\/\/api.w.org\/{rel}","templated":true}]}}