{"id":280,"date":"2023-07-15T13:37:01","date_gmt":"2023-07-15T11:37:01","guid":{"rendered":"https:\/\/redfoxaffiliates.com\/vydelavejte-penize-prostrednictvim-affiliate-marketingu\/"},"modified":"2023-07-15T13:37:01","modified_gmt":"2023-07-15T11:37:01","slug":"vydelavejte-penize-prostrednictvim-affiliate-marketingu","status":"publish","type":"page","link":"https:\/\/redfoxaffiliates.com\/cs\/vydelavejte-penize-prostrednictvim-affiliate-marketingu\/","title":{"rendered":"Vyd\u011bl\u00e1vejte pen\u00edze prost\u0159ednictv\u00edm affiliate marketingu"},"content":{"rendered":"<h2>Z\u00edskejte provize \u2013 vyd\u011bl\u00e1vejte pen\u00edze propagov\u00e1n\u00edm RedFoxLotto jako n\u00e1\u0161 affiliate partner.<\/h2>\n<p>Ka\u017ed\u00fd klient, kter\u00e9ho p\u0159ivedete, bude va\u0161\u00edm klientem po cel\u00fd \u017eivot. Va\u0161e provize z klienta, kter\u00e9ho jste p\u0159ivedli, nejsou \u010dasov\u011b omezen\u00e9. Klienti nebudou nikdy odstra\u0148ov\u00e1ni z va\u0161eho affiliate \u00fa\u010dtu. Proto je n\u00e1\u0161 affiliate program nejlep\u0161\u00ed v loterijn\u00edm pr\u016fmyslu.<\/p>\n<p>Va\u0161e provize budou vypl\u00e1ceny na z\u00e1klad\u011b pod\u00edlu na v\u00fdnosech, co\u017e znamen\u00e1, \u017ee objem prodeje loterie generovan\u00fd va\u0161imi online doporu\u010den\u00edmi bude ur\u010dovat va\u0161e v\u00fdd\u011blky z na\u0161eho affiliate programu.<\/p>\n<p>\u010cty\u0159i \u00farovn\u011b affiliate proviz\u00ed jsou:<br \/>\nhrub\u00fd prodej pod 20 000,00 \u20ac: 8 % z hrub\u00e9ho prodeje<br \/>\nhrub\u00fd prodej mezi 20 000,00 \u20ac a 50 000,00 \u20ac: 10 % z \u010dist\u00e9ho prodeje<br \/>\nhrub\u00fd prodej nad 50 000,00 \u20ac: 12 % z \u010dist\u00e9ho prodeje<\/p>\n<p>Vy\u0161\u0161\u00ed procento provize se vztahuje pouze na m\u011bs\u00edc, ve kter\u00e9m celkov\u00e1 generovan\u00e1 provize p\u0159ekro\u010d\u00ed stanovenou \u010d\u00e1stku. Pokud je provize v n\u00e1sleduj\u00edc\u00edm m\u011bs\u00edci ni\u017e\u0161\u00ed, bude pou\u017eita sazba odpov\u00eddaj\u00edc\u00ed aktu\u00e1ln\u00ed v\u00fd\u0161i provize.<\/p>\n<h2>Pro\u010d ne CPA? Pro\u010d je dohoda o pod\u00edlu na v\u00fdnosech va\u0161\u00ed nejlep\u0161\u00ed volbou?<\/h2>\n<p>Pokud nejste obezn\u00e1meni s term\u00ednem CPA, znamen\u00e1 to Cost Per Action (cena za akci): za ka\u017ed\u00e9ho klienta, kter\u00fd provede sv\u016fj prvn\u00ed online n\u00e1kup, obdr\u017e\u00edte jednor\u00e1zovou platbu. N\u011bkter\u00e9 partnersk\u00e9 programy vypl\u00e1cej\u00ed provizi CPA a\u017e pot\u00e9, co hr\u00e1\u010d spln\u00ed minim\u00e1ln\u00ed po\u017eadavek na \u00fatratu.<\/p>\n<p>To znamen\u00e1, \u017ee model provize CPA v tomto konkr\u00e9tn\u00edm odv\u011btv\u00ed ned\u00e1v\u00e1 smysl. Za prv\u00e9, \u017eivotnost prvn\u00edho vkladatele je mnohem del\u0161\u00ed ne\u017e v jak\u00e9mkoli jin\u00e9m odv\u011btv\u00ed online hazardn\u00edch her. Hr\u00e1\u010di loterie obvykle kupuj\u00ed loterijn\u00ed tikety po cel\u00fd sv\u016fj \u017eivot. Zadruh\u00e9, na\u0161i nejlep\u0161\u00ed klienti nakupuj\u00ed online loterijn\u00ed tikety v hodnot\u011b stovek eur v jedn\u00e9 transakci. To se st\u00e1v\u00e1 \u010dast\u011bji, kdy\u017e jsou jackpoty velmi vysok\u00e9, a to je jeden z d\u016fvod\u016f, pro\u010d v dlouhodob\u00e9m horizontu vyd\u011bl\u00e1te v\u00edce pen\u011bz s affiliate programem, kter\u00fd plat\u00ed na z\u00e1klad\u011b pod\u00edlu na v\u00fdnosech.<\/p>\n<p>Obecn\u011b plat\u00ed, \u017ee v loterijn\u00edm odv\u011btv\u00ed je nejlep\u0161\u00ed propagovat partnersk\u00fd program s do\u017eivotn\u00edm procentn\u00edm pod\u00edlem. Ve v\u00fdjime\u010dn\u00fdch p\u0159\u00edpadech v\u0161ak po ur\u010dit\u00e9 dob\u011b spolupr\u00e1ce s n\u00e1mi lze diskutovat o dohod\u011b CPA na z\u00e1klad\u011b v\u00fdkonu z\u00e1kazn\u00edk\u016f, kter\u00e9 jste p\u0159ivedli.<\/p>\n<h2>Provize za subaffiliate<\/h2>\n<p>Za ka\u017ed\u00e9ho subaffiliate, kter\u00e9ho p\u0159ivedete, z\u00edsk\u00e1te 2 % z hrub\u00e9 hodnoty loterijn\u00edch tr\u017eeb generovan\u00fdch t\u00edmto affiliate partnerem.<\/p>\n","protected":false},"excerpt":{"rendered":"<p>Z\u00edskejte provize \u2013 vyd\u011bl\u00e1vejte pen\u00edze propagov\u00e1n\u00edm RedFoxLotto jako n\u00e1\u0161 affiliate partner. Ka\u017ed\u00fd klient, kter\u00e9ho p\u0159ivedete, bude va\u0161\u00edm klientem po cel\u00fd \u017eivot. Va\u0161e provize z klienta, kter\u00e9ho jste p\u0159ivedli, nejsou \u010dasov\u011b omezen\u00e9. Klienti nebudou nikdy odstra\u0148ov\u00e1ni z va\u0161eho affiliate \u00fa\u010dtu. Proto je n\u00e1\u0161 affiliate program nejlep\u0161\u00ed v loterijn\u00edm pr\u016fmyslu. Va\u0161e provize<\/p>\n<p><a href=\"https:\/\/redfoxaffiliates.com\/cs\/vydelavejte-penize-prostrednictvim-affiliate-marketingu\/\" class=\"more-link\">Continue Reading<span class=\"screen-reader-text\">Vyd\u011bl\u00e1vejte pen\u00edze prost\u0159ednictv\u00edm affiliate marketingu<\/span><\/a><\/p>\n","protected":false},"author":1,"featured_media":0,"parent":0,"menu_order":2,"comment_status":"closed","ping_status":"closed","template":"","meta":{"footnotes":""},"class_list":["post-280","page","type-page","status-publish","hentry"],"yoast_head":"<!-- This site is optimized with the Yoast SEO plugin v22.4 - https:\/\/yoast.com\/wordpress\/plugins\/seo\/ -->\n<title>Jak vyd\u011blat pen\u00edze s na\u0161\u00edm loterijn\u00edm affiliate programem<\/title>\n<meta name=\"description\" content=\"Za ka\u017ed\u00e9ho doporu\u010den\u00e9ho z\u00e1kazn\u00edka z\u00edsk\u00e1te do\u017eivotn\u00ed provizi ze v\u0161ech jeho n\u00e1kup\u016f. Pod\u00edvejte se, kolik pen\u011bz m\u016f\u017eete vyd\u011blat s na\u0161\u00edm affiliate programem\" \/>\n<meta name=\"robots\" content=\"index, follow, max-snippet:-1, max-image-preview:large, max-video-preview:-1\" \/>\n<link rel=\"canonical\" href=\"https:\/\/redfoxaffiliates.com\/make-money-with-our-lottery-affliate-program\/\" \/>\n<meta property=\"og:locale\" content=\"cs_CZ\" \/>\n<meta property=\"og:type\" content=\"article\" \/>\n<meta property=\"og:title\" content=\"Jak vyd\u011blat pen\u00edze s na\u0161\u00edm loterijn\u00edm affiliate programem\" \/>\n<meta property=\"og:description\" content=\"Za ka\u017ed\u00e9ho doporu\u010den\u00e9ho z\u00e1kazn\u00edka z\u00edsk\u00e1te do\u017eivotn\u00ed provizi ze v\u0161ech jeho n\u00e1kup\u016f. Pod\u00edvejte se, kolik pen\u011bz m\u016f\u017eete vyd\u011blat s na\u0161\u00edm affiliate programem\" \/>\n<meta property=\"og:url\" content=\"https:\/\/redfoxaffiliates.com\/make-money-with-our-lottery-affliate-program\/\" \/>\n<meta property=\"og:site_name\" content=\"RedFoxLotto Affiliate Program\" \/>\n<meta name=\"twitter:card\" content=\"summary_large_image\" \/>\n<meta name=\"twitter:label1\" content=\"Odhadovan\u00e1 doba \u010dten\u00ed\" \/>\n\t<meta name=\"twitter:data1\" content=\"2 minuty\" \/>\n<script type=\"application\/ld+json\" class=\"yoast-schema-graph\">{\"@context\":\"https:\/\/schema.org\",\"@graph\":[{\"@type\":\"WebPage\",\"@id\":\"https:\/\/redfoxaffiliates.com\/make-money-with-our-lottery-affliate-program\/\",\"url\":\"https:\/\/redfoxaffiliates.com\/make-money-with-our-lottery-affliate-program\/\",\"name\":\"Jak vyd\u011blat pen\u00edze s na\u0161\u00edm loterijn\u00edm affiliate programem\",\"isPartOf\":{\"@id\":\"https:\/\/redfoxaffiliates.com\/#website\"},\"datePublished\":\"2023-07-15T11:37:01+00:00\",\"dateModified\":\"2023-07-15T11:37:01+00:00\",\"description\":\"Za ka\u017ed\u00e9ho doporu\u010den\u00e9ho z\u00e1kazn\u00edka z\u00edsk\u00e1te do\u017eivotn\u00ed provizi ze v\u0161ech jeho n\u00e1kup\u016f. Pod\u00edvejte se, kolik pen\u011bz m\u016f\u017eete vyd\u011blat s na\u0161\u00edm affiliate programem\",\"breadcrumb\":{\"@id\":\"https:\/\/redfoxaffiliates.com\/make-money-with-our-lottery-affliate-program\/#breadcrumb\"},\"inLanguage\":\"cs\",\"potentialAction\":[{\"@type\":\"ReadAction\",\"target\":[\"https:\/\/redfoxaffiliates.com\/make-money-with-our-lottery-affliate-program\/\"]}]},{\"@type\":\"BreadcrumbList\",\"@id\":\"https:\/\/redfoxaffiliates.com\/make-money-with-our-lottery-affliate-program\/#breadcrumb\",\"itemListElement\":[{\"@type\":\"ListItem\",\"position\":1,\"name\":\"Home\",\"item\":\"https:\/\/redfoxaffiliates.com\/cs\/domu\/\"},{\"@type\":\"ListItem\",\"position\":2,\"name\":\"Vyd\u011bl\u00e1vejte pen\u00edze prost\u0159ednictv\u00edm affiliate marketingu\"}]},{\"@type\":\"WebSite\",\"@id\":\"https:\/\/redfoxaffiliates.com\/#website\",\"url\":\"https:\/\/redfoxaffiliates.com\/\",\"name\":\"RedFoxLotto Affiliate Program\",\"description\":\"The site for marketing partners of RedFoxLotto.com\",\"potentialAction\":[{\"@type\":\"SearchAction\",\"target\":{\"@type\":\"EntryPoint\",\"urlTemplate\":\"https:\/\/redfoxaffiliates.com\/?s={search_term_string}\"},\"query-input\":\"required name=search_term_string\"}],\"inLanguage\":\"cs\"}]}<\/script>\n<!-- \/ Yoast SEO plugin. -->","yoast_head_json":{"title":"Jak vyd\u011blat pen\u00edze s na\u0161\u00edm loterijn\u00edm affiliate programem","description":"Za ka\u017ed\u00e9ho doporu\u010den\u00e9ho z\u00e1kazn\u00edka z\u00edsk\u00e1te do\u017eivotn\u00ed provizi ze v\u0161ech jeho n\u00e1kup\u016f. Pod\u00edvejte se, kolik pen\u011bz m\u016f\u017eete vyd\u011blat s na\u0161\u00edm affiliate programem","robots":{"index":"index","follow":"follow","max-snippet":"max-snippet:-1","max-image-preview":"max-image-preview:large","max-video-preview":"max-video-preview:-1"},"canonical":"https:\/\/redfoxaffiliates.com\/make-money-with-our-lottery-affliate-program\/","og_locale":"cs_CZ","og_type":"article","og_title":"Jak vyd\u011blat pen\u00edze s na\u0161\u00edm loterijn\u00edm affiliate programem","og_description":"Za ka\u017ed\u00e9ho doporu\u010den\u00e9ho z\u00e1kazn\u00edka z\u00edsk\u00e1te do\u017eivotn\u00ed provizi ze v\u0161ech jeho n\u00e1kup\u016f. Pod\u00edvejte se, kolik pen\u011bz m\u016f\u017eete vyd\u011blat s na\u0161\u00edm affiliate programem","og_url":"https:\/\/redfoxaffiliates.com\/make-money-with-our-lottery-affliate-program\/","og_site_name":"RedFoxLotto Affiliate Program","twitter_card":"summary_large_image","twitter_misc":{"Odhadovan\u00e1 doba \u010dten\u00ed":"2 minuty"},"schema":{"@context":"https:\/\/schema.org","@graph":[{"@type":"WebPage","@id":"https:\/\/redfoxaffiliates.com\/make-money-with-our-lottery-affliate-program\/","url":"https:\/\/redfoxaffiliates.com\/make-money-with-our-lottery-affliate-program\/","name":"Jak vyd\u011blat pen\u00edze s na\u0161\u00edm loterijn\u00edm affiliate programem","isPartOf":{"@id":"https:\/\/redfoxaffiliates.com\/#website"},"datePublished":"2023-07-15T11:37:01+00:00","dateModified":"2023-07-15T11:37:01+00:00","description":"Za ka\u017ed\u00e9ho doporu\u010den\u00e9ho z\u00e1kazn\u00edka z\u00edsk\u00e1te do\u017eivotn\u00ed provizi ze v\u0161ech jeho n\u00e1kup\u016f. Pod\u00edvejte se, kolik pen\u011bz m\u016f\u017eete vyd\u011blat s na\u0161\u00edm affiliate programem","breadcrumb":{"@id":"https:\/\/redfoxaffiliates.com\/make-money-with-our-lottery-affliate-program\/#breadcrumb"},"inLanguage":"cs","potentialAction":[{"@type":"ReadAction","target":["https:\/\/redfoxaffiliates.com\/make-money-with-our-lottery-affliate-program\/"]}]},{"@type":"BreadcrumbList","@id":"https:\/\/redfoxaffiliates.com\/make-money-with-our-lottery-affliate-program\/#breadcrumb","itemListElement":[{"@type":"ListItem","position":1,"name":"Home","item":"https:\/\/redfoxaffiliates.com\/cs\/domu\/"},{"@type":"ListItem","position":2,"name":"Vyd\u011bl\u00e1vejte pen\u00edze prost\u0159ednictv\u00edm affiliate marketingu"}]},{"@type":"WebSite","@id":"https:\/\/redfoxaffiliates.com\/#website","url":"https:\/\/redfoxaffiliates.com\/","name":"RedFoxLotto Affiliate Program","description":"The site for marketing partners of RedFoxLotto.com","potentialAction":[{"@type":"SearchAction","target":{"@type":"EntryPoint","urlTemplate":"https:\/\/redfoxaffiliates.com\/?s={search_term_string}"},"query-input":"required name=search_term_string"}],"inLanguage":"cs"}]}},"_links":{"self":[{"href":"https:\/\/redfoxaffiliates.com\/cs\/wp-json\/wp\/v2\/pages\/280","targetHints":{"allow":["GET"]}}],"collection":[{"href":"https:\/\/redfoxaffiliates.com\/cs\/wp-json\/wp\/v2\/pages"}],"about":[{"href":"https:\/\/redfoxaffiliates.com\/cs\/wp-json\/wp\/v2\/types\/page"}],"author":[{"embeddable":true,"href":"https:\/\/redfoxaffiliates.com\/cs\/wp-json\/wp\/v2\/users\/1"}],"replies":[{"embeddable":true,"href":"https:\/\/redfoxaffiliates.com\/cs\/wp-json\/wp\/v2\/comments?post=280"}],"version-history":[{"count":0,"href":"https:\/\/redfoxaffiliates.com\/cs\/wp-json\/wp\/v2\/pages\/280\/revisions"}],"wp:attachment":[{"href":"https:\/\/redfoxaffiliates.com\/cs\/wp-json\/wp\/v2\/media?parent=280"}],"curies":[{"name":"wp","href":"https:\/\/api.w.org\/{rel}","templated":true}]}}