{"id":256,"date":"2023-07-15T13:33:10","date_gmt":"2023-07-15T11:33:10","guid":{"rendered":"https:\/\/redfoxaffiliates.com\/proc-se-stat-affiliate-partnerem-loterie\/"},"modified":"2023-07-15T13:33:10","modified_gmt":"2023-07-15T11:33:10","slug":"proc-se-stat-affiliate-partnerem-loterie","status":"publish","type":"page","link":"https:\/\/redfoxaffiliates.com\/cs\/proc-se-stat-affiliate-partnerem-loterie\/","title":{"rendered":"Pro\u010d se st\u00e1t affiliate partnerem loterie?"},"content":{"rendered":"<h2>Co je n\u00e1\u0161 produkt?<\/h2>\n<p>RedFoxLotto prod\u00e1v\u00e1 loterijn\u00ed tikety online. Nab\u00edz\u00edme klient\u016fm po cel\u00e9m sv\u011bt\u011b mo\u017enost \u00fa\u010dastnit se loteri\u00ed s obrovsk\u00fdmi jackpoty, jako jsou americk\u00e9 Mega Millions a Powerball, a velk\u00fdch evropsk\u00fdch loteri\u00ed, jako jsou EuroMillions, EuroJackpot a SuperEnalotto.<\/p>\n<p>Prost\u0159ednictv\u00edm n\u00e1s mohou klienti zakoupit tikety do loteri\u00ed v jin\u00fdch zem\u00edch ne\u017e ve sv\u00e9 vlastn\u00ed. Abychom to mohli umo\u017enit, spolupracujeme s n\u011bkolika agenty v zem\u00edch, kde se loterie konaj\u00ed. Jakmile je tiket objedn\u00e1n online, jeden z na\u0161ich agent\u016f jej pro na\u0161e klienty zakoup\u00ed. Pot\u00e9 potvrd\u00edme n\u00e1kup na\u0161emu klientovi. Kdykoli je tiket zakoupen prost\u0159ednictv\u00edm n\u00e1s, zpracov\u00e1v\u00e1me tak\u00e9 v\u00fdplaty na\u0161im z\u00e1kazn\u00edk\u016fm.<\/p>\n<p>Mo\u017en\u00e1 jste ji\u017e sly\u0161eli pojem \u201esekund\u00e1rn\u00ed loterijn\u00ed trh\u201c \u2013 tak se tento trh naz\u00fdv\u00e1. Loterie je multimiliardov\u00fd pr\u016fmysl, kter\u00fd se neomezuje pouze na m\u00edstn\u00ed nab\u00eddky (pokud v zemi bydli\u0161t\u011b v\u016fbec n\u011bjak\u00e1 loterie existuje). Popt\u00e1vka po na\u0161ich slu\u017eb\u00e1ch v oblasti prodeje tiket\u016f je velmi vysok\u00e1. Zejm\u00e9na kdy\u017e se po cel\u00e9m sv\u011bt\u011b objev\u00ed zpr\u00e1vy o jackpotu, kter\u00fd dos\u00e1hl enormn\u00ed v\u00fd\u0161e, online tikety se doslova \u201erozlet\u00ed z reg\u00e1l\u016f\u201c.<\/p>\n<h2>D\u016fvody pro propagaci RedFoxLotto<\/h2>\n<h3>Skv\u011bl\u00e9 konverze<\/h3>\n<p>Na\u0161e str\u00e1nka https:\/\/redfoxlotto.com byla zjednodu\u0161ena, aby byl proces n\u00e1kupu co nejjednodu\u0161\u0161\u00ed. To je d\u016fle\u017eit\u00e9 pro zaji\u0161t\u011bn\u00ed vysok\u00e9 m\u00edry konverze. \u010c\u00edm l\u00e9pe p\u0159evedeme v\u00e1\u0161 provoz, t\u00edm v\u00edce pen\u011bz vyd\u011bl\u00e1te.<\/p>\n<h2>Vynikaj\u00edc\u00ed udr\u017een\u00ed z\u00e1kazn\u00edk\u016f<\/h2>\n<p>Celo\u017eivotn\u00ed hodnota z\u00e1kazn\u00edka je jedn\u00edm z nejlep\u0161\u00edch aspekt\u016f tohoto odv\u011btv\u00ed. Vysok\u00e9 procento na\u0161ich klient\u016f se vrac\u00ed a kupuje dal\u0161\u00ed tikety t\u00fdden co t\u00fdden po cel\u00e1 l\u00e9ta!<\/p>\n<h2>Stejn\u011b d\u016fle\u017eit\u00e1 je i rozmanitost platebn\u00edch procesor\u016f<\/h2>\n<p>Sna\u017e\u00edme se zde nab\u00eddnout \u0161irokou \u0161k\u00e1lu mo\u017enost\u00ed. To je d\u016fle\u017eit\u00e9 pro zaji\u0161t\u011bn\u00ed toho, aby n\u00e1v\u0161t\u011bvn\u00edci z jak\u00e9koli zem\u011b mohli snadno zaplatit za sv\u00e9 tikety. P\u0159esto v\u0161ak platby kreditn\u00edmi kartami st\u00e1le tvo\u0159\u00ed nejv\u011bt\u0161\u00ed pod\u00edl v\u011bt\u0161iny prodej\u016f. Mo\u017enosti jako Bitcoin a eWallets se v\u0161ak st\u00e1vaj\u00ed st\u00e1le d\u016fle\u017eit\u011bj\u0161\u00edmi.<\/p>\n<p>Zav\u00e1zali jsme se provozovat poctiv\u00fd a etick\u00fd partnersk\u00fd program. V\u011bt\u0161ina program\u016f v tomto odv\u011btv\u00ed je zn\u00e1m\u00e1 t\u00edm, \u017ee sv\u00fdm partner\u016fm n\u011bjak\u00fdm zp\u016fsobem podv\u00e1d\u00ed. Zna\u010dku RedFoxLotto zalo\u017eil b\u00fdval\u00fd partner. Stejn\u00fd b\u00fdval\u00fd partner m\u00e1 na starosti partnersk\u00fd program. P\u0159e\u010dt\u011bte si n\u00e1\u0161 \u010dl\u00e1nek o partnerstv\u00ed a etice \u2013 pom\u016f\u017ee v\u00e1m l\u00e9pe pochopit, odkud vych\u00e1z\u00edme.<\/p>\n<h2>Provize nad pr\u016fmyslov\u00fdm standardem<\/h2>\n<p>Z\u00edskejte a\u017e 12 % z hrub\u00e9 hodnoty prodeje generovan\u00e9 va\u0161imi doporu\u010den\u00edmi.<\/p>\n<h2>Affiliate program druh\u00e9 \u00farovn\u011b<\/h2>\n<p>To znamen\u00e1, \u017ee pokud p\u0159ivedete dal\u0161\u00ed sub-affiliate partnery, z\u00edsk\u00e1te tak\u00e9 2% provizi z prodeje generovan\u00e9ho jejich doporu\u010den\u00edmi.<\/p>\n<h2>V\u010dasn\u00e9 vypl\u00e1cen\u00ed proviz\u00ed<\/h2>\n<p>Va\u0161e provize za uplynul\u00fd m\u011bs\u00edc vypl\u00e1c\u00edme 15. dne n\u00e1sleduj\u00edc\u00edho m\u011bs\u00edce. M\u016f\u017eete si vybrat z n\u011bkolika platebn\u00edch mo\u017enost\u00ed.<\/p>\n<h2>Kdo se m\u016f\u017ee st\u00e1t affiliate partnerem a jak n\u00e1s m\u016f\u017eete propagovat?<\/h2>\n<p>Doslova ka\u017ed\u00fd! Mo\u017en\u00e1 m\u00e1te webov\u00e9 str\u00e1nky souvisej\u00edc\u00ed s loteri\u00ed. V takov\u00e9m p\u0159\u00edpad\u011b bude va\u0161e konverzn\u00ed pom\u011br vysok\u00fd, proto\u017ee n\u00e1\u0161 produkt rezonuje s va\u0161\u00edm publikem.<\/p>\n<p>Nebo m\u00e1te webov\u00e9 str\u00e1nky s jin\u00fdm t\u00e9matem a hled\u00e1te zp\u016fsoby, jak zpen\u011b\u017eit sv\u016fj provoz. Ka\u017ed\u00fd r\u00e1d hraje loterii a va\u0161e v\u00fdd\u011blky budou z\u00e1viset hlavn\u011b na mno\u017estv\u00ed provozu na va\u0161ich webov\u00fdch str\u00e1nk\u00e1ch.<\/p>\n<p>E-mailov\u00e9 seznamy jsou skv\u011bl\u00fdm n\u00e1strojem k z\u00edsk\u00e1v\u00e1n\u00ed nov\u00fdch klient\u016f. Neschvalujeme spamov\u00e1n\u00ed, proto se ujist\u011bte, \u017ee v\u00e1\u0161 e-mailov\u00fd seznam obsahuje pouze kontakty, kter\u00e9 se p\u0159ihl\u00e1sily k odb\u011bru va\u0161ich marketingov\u00fdch e-mail\u016f.<\/p>\n<p>N\u011bkte\u0159\u00ed z na\u0161ich affiliate partner\u016f pou\u017e\u00edvaj\u00ed k propagaci offline strategie. Vytvo\u0159ili si vlastn\u00ed loterijn\u00ed webov\u00e9 str\u00e1nky s affiliate odkazy sm\u011b\u0159uj\u00edc\u00edmi na RedFoxLotto.com. Pot\u00e9 distribuuj\u00ed let\u00e1ky, vizitky a dal\u0161\u00ed marketingov\u00e9 materi\u00e1ly propaguj\u00edc\u00ed jejich webov\u00e9 str\u00e1nky, \u010d\u00edm\u017e generuj\u00ed n\u00e1v\u0161t\u011bvnost a v kone\u010dn\u00e9m d\u016fsledku i tr\u017eby na RedFoxLotto.com.<\/p>\n","protected":false},"excerpt":{"rendered":"<p>Co je n\u00e1\u0161 produkt? RedFoxLotto prod\u00e1v\u00e1 loterijn\u00ed tikety online. Nab\u00edz\u00edme klient\u016fm po cel\u00e9m sv\u011bt\u011b mo\u017enost \u00fa\u010dastnit se loteri\u00ed s obrovsk\u00fdmi jackpoty, jako jsou americk\u00e9 Mega Millions a Powerball, a velk\u00fdch evropsk\u00fdch loteri\u00ed, jako jsou EuroMillions, EuroJackpot a SuperEnalotto. Prost\u0159ednictv\u00edm n\u00e1s mohou klienti zakoupit tikety do loteri\u00ed v jin\u00fdch zem\u00edch ne\u017e<\/p>\n<p><a href=\"https:\/\/redfoxaffiliates.com\/cs\/proc-se-stat-affiliate-partnerem-loterie\/\" class=\"more-link\">Continue Reading<span class=\"screen-reader-text\">Pro\u010d se st\u00e1t affiliate partnerem loterie?<\/span><\/a><\/p>\n","protected":false},"author":1,"featured_media":0,"parent":0,"menu_order":1,"comment_status":"closed","ping_status":"closed","template":"","meta":{"footnotes":""},"class_list":["post-256","page","type-page","status-publish","hentry"],"yoast_head":"<!-- This site is optimized with the Yoast SEO plugin v22.4 - https:\/\/yoast.com\/wordpress\/plugins\/seo\/ -->\n<title>Pro\u010d se p\u0159ipojit k partnersk\u00e9mu programu RedFoxLotto?<\/title>\n<meta name=\"description\" content=\"D\u016fvody, pro\u010d se k n\u00e1m p\u0159ipojit a st\u00e1t se affiliate partnerem a prodejn\u00edm partnerem RedFoxLotto. Z\u00edskejte provize z ka\u017ed\u00e9ho prodeje va\u0161ich doporu\u010den\u00fdch z\u00e1kazn\u00edk\u016f po celou dobu jejich \u010dlenstv\u00ed!\" \/>\n<meta name=\"robots\" content=\"index, follow, max-snippet:-1, max-image-preview:large, max-video-preview:-1\" \/>\n<link rel=\"canonical\" href=\"https:\/\/redfoxaffiliates.com\/why-become-a-lottery-affiliate\/\" \/>\n<meta property=\"og:locale\" content=\"cs_CZ\" \/>\n<meta property=\"og:type\" content=\"article\" \/>\n<meta property=\"og:title\" content=\"Pro\u010d se p\u0159ipojit k partnersk\u00e9mu programu RedFoxLotto?\" \/>\n<meta property=\"og:description\" content=\"D\u016fvody, pro\u010d se k n\u00e1m p\u0159ipojit a st\u00e1t se affiliate partnerem a prodejn\u00edm partnerem RedFoxLotto. Z\u00edskejte provize z ka\u017ed\u00e9ho prodeje va\u0161ich doporu\u010den\u00fdch z\u00e1kazn\u00edk\u016f po celou dobu jejich \u010dlenstv\u00ed!\" \/>\n<meta property=\"og:url\" content=\"https:\/\/redfoxaffiliates.com\/why-become-a-lottery-affiliate\/\" \/>\n<meta property=\"og:site_name\" content=\"RedFoxLotto Affiliate Program\" \/>\n<meta name=\"twitter:card\" content=\"summary_large_image\" \/>\n<meta name=\"twitter:label1\" content=\"Odhadovan\u00e1 doba \u010dten\u00ed\" \/>\n\t<meta name=\"twitter:data1\" content=\"4 minuty\" \/>\n<script type=\"application\/ld+json\" class=\"yoast-schema-graph\">{\"@context\":\"https:\/\/schema.org\",\"@graph\":[{\"@type\":\"WebPage\",\"@id\":\"https:\/\/redfoxaffiliates.com\/why-become-a-lottery-affiliate\/\",\"url\":\"https:\/\/redfoxaffiliates.com\/why-become-a-lottery-affiliate\/\",\"name\":\"Pro\u010d se p\u0159ipojit k partnersk\u00e9mu programu RedFoxLotto?\",\"isPartOf\":{\"@id\":\"https:\/\/redfoxaffiliates.com\/#website\"},\"datePublished\":\"2023-07-15T11:33:10+00:00\",\"dateModified\":\"2023-07-15T11:33:10+00:00\",\"description\":\"D\u016fvody, pro\u010d se k n\u00e1m p\u0159ipojit a st\u00e1t se affiliate partnerem a prodejn\u00edm partnerem RedFoxLotto. Z\u00edskejte provize z ka\u017ed\u00e9ho prodeje va\u0161ich doporu\u010den\u00fdch z\u00e1kazn\u00edk\u016f po celou dobu jejich \u010dlenstv\u00ed!\",\"breadcrumb\":{\"@id\":\"https:\/\/redfoxaffiliates.com\/why-become-a-lottery-affiliate\/#breadcrumb\"},\"inLanguage\":\"cs\",\"potentialAction\":[{\"@type\":\"ReadAction\",\"target\":[\"https:\/\/redfoxaffiliates.com\/why-become-a-lottery-affiliate\/\"]}]},{\"@type\":\"BreadcrumbList\",\"@id\":\"https:\/\/redfoxaffiliates.com\/why-become-a-lottery-affiliate\/#breadcrumb\",\"itemListElement\":[{\"@type\":\"ListItem\",\"position\":1,\"name\":\"Home\",\"item\":\"https:\/\/redfoxaffiliates.com\/cs\/domu\/\"},{\"@type\":\"ListItem\",\"position\":2,\"name\":\"Pro\u010d se st\u00e1t affiliate partnerem loterie?\"}]},{\"@type\":\"WebSite\",\"@id\":\"https:\/\/redfoxaffiliates.com\/#website\",\"url\":\"https:\/\/redfoxaffiliates.com\/\",\"name\":\"RedFoxLotto Affiliate Program\",\"description\":\"The site for marketing partners of RedFoxLotto.com\",\"potentialAction\":[{\"@type\":\"SearchAction\",\"target\":{\"@type\":\"EntryPoint\",\"urlTemplate\":\"https:\/\/redfoxaffiliates.com\/?s={search_term_string}\"},\"query-input\":\"required name=search_term_string\"}],\"inLanguage\":\"cs\"}]}<\/script>\n<!-- \/ Yoast SEO plugin. -->","yoast_head_json":{"title":"Pro\u010d se p\u0159ipojit k partnersk\u00e9mu programu RedFoxLotto?","description":"D\u016fvody, pro\u010d se k n\u00e1m p\u0159ipojit a st\u00e1t se affiliate partnerem a prodejn\u00edm partnerem RedFoxLotto. Z\u00edskejte provize z ka\u017ed\u00e9ho prodeje va\u0161ich doporu\u010den\u00fdch z\u00e1kazn\u00edk\u016f po celou dobu jejich \u010dlenstv\u00ed!","robots":{"index":"index","follow":"follow","max-snippet":"max-snippet:-1","max-image-preview":"max-image-preview:large","max-video-preview":"max-video-preview:-1"},"canonical":"https:\/\/redfoxaffiliates.com\/why-become-a-lottery-affiliate\/","og_locale":"cs_CZ","og_type":"article","og_title":"Pro\u010d se p\u0159ipojit k partnersk\u00e9mu programu RedFoxLotto?","og_description":"D\u016fvody, pro\u010d se k n\u00e1m p\u0159ipojit a st\u00e1t se affiliate partnerem a prodejn\u00edm partnerem RedFoxLotto. Z\u00edskejte provize z ka\u017ed\u00e9ho prodeje va\u0161ich doporu\u010den\u00fdch z\u00e1kazn\u00edk\u016f po celou dobu jejich \u010dlenstv\u00ed!","og_url":"https:\/\/redfoxaffiliates.com\/why-become-a-lottery-affiliate\/","og_site_name":"RedFoxLotto Affiliate Program","twitter_card":"summary_large_image","twitter_misc":{"Odhadovan\u00e1 doba \u010dten\u00ed":"4 minuty"},"schema":{"@context":"https:\/\/schema.org","@graph":[{"@type":"WebPage","@id":"https:\/\/redfoxaffiliates.com\/why-become-a-lottery-affiliate\/","url":"https:\/\/redfoxaffiliates.com\/why-become-a-lottery-affiliate\/","name":"Pro\u010d se p\u0159ipojit k partnersk\u00e9mu programu RedFoxLotto?","isPartOf":{"@id":"https:\/\/redfoxaffiliates.com\/#website"},"datePublished":"2023-07-15T11:33:10+00:00","dateModified":"2023-07-15T11:33:10+00:00","description":"D\u016fvody, pro\u010d se k n\u00e1m p\u0159ipojit a st\u00e1t se affiliate partnerem a prodejn\u00edm partnerem RedFoxLotto. Z\u00edskejte provize z ka\u017ed\u00e9ho prodeje va\u0161ich doporu\u010den\u00fdch z\u00e1kazn\u00edk\u016f po celou dobu jejich \u010dlenstv\u00ed!","breadcrumb":{"@id":"https:\/\/redfoxaffiliates.com\/why-become-a-lottery-affiliate\/#breadcrumb"},"inLanguage":"cs","potentialAction":[{"@type":"ReadAction","target":["https:\/\/redfoxaffiliates.com\/why-become-a-lottery-affiliate\/"]}]},{"@type":"BreadcrumbList","@id":"https:\/\/redfoxaffiliates.com\/why-become-a-lottery-affiliate\/#breadcrumb","itemListElement":[{"@type":"ListItem","position":1,"name":"Home","item":"https:\/\/redfoxaffiliates.com\/cs\/domu\/"},{"@type":"ListItem","position":2,"name":"Pro\u010d se st\u00e1t affiliate partnerem loterie?"}]},{"@type":"WebSite","@id":"https:\/\/redfoxaffiliates.com\/#website","url":"https:\/\/redfoxaffiliates.com\/","name":"RedFoxLotto Affiliate Program","description":"The site for marketing partners of RedFoxLotto.com","potentialAction":[{"@type":"SearchAction","target":{"@type":"EntryPoint","urlTemplate":"https:\/\/redfoxaffiliates.com\/?s={search_term_string}"},"query-input":"required name=search_term_string"}],"inLanguage":"cs"}]}},"_links":{"self":[{"href":"https:\/\/redfoxaffiliates.com\/cs\/wp-json\/wp\/v2\/pages\/256","targetHints":{"allow":["GET"]}}],"collection":[{"href":"https:\/\/redfoxaffiliates.com\/cs\/wp-json\/wp\/v2\/pages"}],"about":[{"href":"https:\/\/redfoxaffiliates.com\/cs\/wp-json\/wp\/v2\/types\/page"}],"author":[{"embeddable":true,"href":"https:\/\/redfoxaffiliates.com\/cs\/wp-json\/wp\/v2\/users\/1"}],"replies":[{"embeddable":true,"href":"https:\/\/redfoxaffiliates.com\/cs\/wp-json\/wp\/v2\/comments?post=256"}],"version-history":[{"count":0,"href":"https:\/\/redfoxaffiliates.com\/cs\/wp-json\/wp\/v2\/pages\/256\/revisions"}],"wp:attachment":[{"href":"https:\/\/redfoxaffiliates.com\/cs\/wp-json\/wp\/v2\/media?parent=256"}],"curies":[{"name":"wp","href":"https:\/\/api.w.org\/{rel}","templated":true}]}}