{"id":168,"date":"2023-07-15T08:09:36","date_gmt":"2023-07-15T06:09:36","guid":{"rendered":"https:\/\/redfoxaffiliates.com\/domu\/"},"modified":"2026-01-03T10:30:39","modified_gmt":"2026-01-03T09:30:39","slug":"domu","status":"publish","type":"page","link":"https:\/\/redfoxaffiliates.com\/cs\/","title":{"rendered":"Dom\u016f"},"content":{"rendered":"&#13;\n<p>RedFoxAffiliates.com je partnersk\u00fd program pro RedFoxLotto.com. RedFoxLotto je kur\u00fdrn\u00ed slu\u017eba pro loterijn\u00ed tikety. Prost\u0159ednictv\u00edm webov\u00fdch str\u00e1nek RedFoxLotto.com si mohou fanou\u0161ci loterie z cel\u00e9ho sv\u011bta objednat skute\u010dn\u00e9 tikety pro velk\u00e9 mno\u017estv\u00ed mezin\u00e1rodn\u00edch loteri\u00ed.<\/p>&#13;\n<h2>Dok\u00e1\u017eete p\u0159iv\u00e9st n\u00e1v\u0161t\u011bvn\u00edky?<\/h2>&#13;\n<p>Pokud dok\u00e1\u017eete p\u0159iv\u00e9st n\u00e1v\u0161t\u011bvn\u00edky (nov\u00e9 potenci\u00e1ln\u00ed z\u00e1kazn\u00edky) na na\u0161i webovou str\u00e1nku, z\u00edsk\u00e1te provize. Vy n\u00e1m po\u0161lete n\u00e1v\u0161t\u011bvn\u00edky a my je p\u0159em\u011bn\u00edme na z\u00e1kazn\u00edky. V\u00edce n\u00e1v\u0161t\u011bvn\u00edk\u016f znamen\u00e1 v\u00edce plat\u00edc\u00edch z\u00e1kazn\u00edk\u016f a vy\u0161\u0161\u00ed provize pro v\u00e1s.&#13;\n<\/p>&#13;\n<h2>Na\u0161e slu\u017eba prodeje loterijn\u00edch tiket\u016f je ide\u00e1ln\u00edm produktem pro online propagaci.<\/h2>&#13;\n<p>Jedn\u00e1 se o jednoduch\u00fd produkt, kter\u00fd zn\u00e1 ka\u017ed\u00fd na cel\u00e9m sv\u011bt\u011b. Obrovsk\u00e9 jackpoty vzbuzuj\u00ed zna\u010dn\u00fd z\u00e1jem glob\u00e1ln\u00edho publika.&#13;\n<\/p>&#13;\n<h2>Snadn\u00e1 konverze \u2013 z n\u00e1v\u0161t\u011bvn\u00edka na z\u00e1kazn\u00edka<\/h2>&#13;\n<p>Z\u00edsk\u00e1n\u00ed tiket\u016f online p\u0159es n\u00e1\u0161 web je velmi snadn\u00e9. Registrace na redfoxlotto.com trv\u00e1 jen n\u011bkolik vte\u0159in a objedn\u00e1n\u00ed tiketu a platba online jsou stejn\u011b rychl\u00e9 a jednoduch\u00e9. Vy n\u00e1m po\u0161lete n\u00e1v\u0161t\u011bvn\u00edky a my je p\u0159em\u011bn\u00edme.&#13;\n<\/p>&#13;\n<h2>Na\u0161i z\u00e1kazn\u00edci jsou loaj\u00e1ln\u00ed \u2013 vracej\u00ed se a nakupuj\u00ed dal\u0161\u00ed tikety po dlouhou dobu.<\/h2>&#13;\n<p>Jakmile va\u0161i n\u00e1v\u0161t\u011bvn\u00edci provedou sv\u016fj prvn\u00ed n\u00e1kup, budou se vracet, aby si koupili dal\u0161\u00ed tikety. Mnoho na\u0161ich z\u00e1kazn\u00edk\u016f je s n\u00e1mi ji\u017e deset let nebo i d\u00e9le. Pokud n\u00e1m doporu\u010d\u00edte z\u00e1kazn\u00edka, pravd\u011bpodobn\u011b budete po mnoho let z\u00edsk\u00e1vat provize z n\u00e1kup\u016f tohoto z\u00e1kazn\u00edka!&#13;\n<\/p>&#13;\n<p>Zaregistrujte se do na\u0161eho partnersk\u00e9ho programu hned te\u010f. Registrace je zdarma. Pokud m\u00e1te n\u011bjak\u00e9 dotazy, pod\u00edvejte se nejprve na na\u0161i str\u00e1nku s \u010dasto kladen\u00fdmi dotazy. V p\u0159\u00edpad\u011b dal\u0161\u00edch dotaz\u016f n\u00e1s kontaktujte.&#13;\n<\/p>&#13;\n<p>Klikn\u011bte na tento odkaz a zaregistrujte se do na\u0161eho partnersk\u00e9ho programu. Po registraci od n\u00e1s obdr\u017e\u00edte e-mail. Nezapome\u0148te kliknout na potvrzovac\u00ed odkaz v tomto e-mailu. Va\u0161e registrace bude zkontrolov\u00e1na a v\u00e1\u0161 partnersk\u00fd \u00fa\u010det bude aktivov\u00e1n do 48 hodin.<\/p>&#13;\n<p>\u00a0<\/p>&#13;\n","protected":false},"excerpt":{"rendered":"<p>&#13; RedFoxAffiliates.com je partnersk\u00fd program pro RedFoxLotto.com. RedFoxLotto je kur\u00fdrn\u00ed slu\u017eba pro loterijn\u00ed tikety. Prost\u0159ednictv\u00edm webov\u00fdch str\u00e1nek RedFoxLotto.com si mohou fanou\u0161ci loterie z cel\u00e9ho sv\u011bta objednat skute\u010dn\u00e9 tikety pro velk\u00e9 mno\u017estv\u00ed mezin\u00e1rodn\u00edch loteri\u00ed. &#13; Dok\u00e1\u017eete p\u0159iv\u00e9st n\u00e1v\u0161t\u011bvn\u00edky? &#13; Pokud dok\u00e1\u017eete p\u0159iv\u00e9st n\u00e1v\u0161t\u011bvn\u00edky (nov\u00e9 potenci\u00e1ln\u00ed z\u00e1kazn\u00edky) na na\u0161i webovou str\u00e1nku, z\u00edsk\u00e1te<\/p>\n<p><a href=\"https:\/\/redfoxaffiliates.com\/cs\/\" class=\"more-link\">Continue Reading<span class=\"screen-reader-text\">Dom\u016f<\/span><\/a><\/p>\n","protected":false},"author":1,"featured_media":0,"parent":0,"menu_order":0,"comment_status":"closed","ping_status":"closed","template":"","meta":{"footnotes":""},"class_list":["post-168","page","type-page","status-publish","hentry"],"yoast_head":"<!-- This site is optimized with the Yoast SEO plugin v22.4 - https:\/\/yoast.com\/wordpress\/plugins\/seo\/ -->\n<title>Partnersk\u00fd program pro RedFoxLotto.com<\/title>\n<meta name=\"description\" content=\"N\u00e1\u0161 partnersk\u00fd program umo\u017e\u0148uje partner\u016fm RedFoxLotto vyd\u011bl\u00e1vat provize za doporu\u010den\u00ed. Sta\u0148te se prodejn\u00edm partnerem a za\u010dn\u011bte propagovat na\u0161i online slu\u017ebu prodeje loterijn\u00edch tiket\u016f je\u0161t\u011b dnes!\" \/>\n<meta name=\"robots\" content=\"index, follow, max-snippet:-1, max-image-preview:large, max-video-preview:-1\" \/>\n<link rel=\"canonical\" href=\"https:\/\/redfoxaffiliates.com\/cs\/domu\/\" \/>\n<meta property=\"og:locale\" content=\"cs_CZ\" \/>\n<meta property=\"og:type\" content=\"article\" \/>\n<meta property=\"og:title\" content=\"Partnersk\u00fd program pro RedFoxLotto.com\" \/>\n<meta property=\"og:description\" content=\"N\u00e1\u0161 partnersk\u00fd program umo\u017e\u0148uje partner\u016fm RedFoxLotto vyd\u011bl\u00e1vat provize za doporu\u010den\u00ed. Sta\u0148te se prodejn\u00edm partnerem a za\u010dn\u011bte propagovat na\u0161i online slu\u017ebu prodeje loterijn\u00edch tiket\u016f je\u0161t\u011b dnes!\" \/>\n<meta property=\"og:url\" content=\"https:\/\/redfoxaffiliates.com\/cs\/domu\/\" \/>\n<meta property=\"og:site_name\" content=\"RedFoxLotto Affiliate Program\" \/>\n<meta property=\"article:modified_time\" content=\"2026-01-03T09:30:39+00:00\" \/>\n<meta name=\"twitter:card\" content=\"summary_large_image\" \/>\n<meta name=\"twitter:label1\" content=\"Odhadovan\u00e1 doba \u010dten\u00ed\" \/>\n\t<meta name=\"twitter:data1\" content=\"2 minuty\" \/>\n<script type=\"application\/ld+json\" class=\"yoast-schema-graph\">{\"@context\":\"https:\/\/schema.org\",\"@graph\":[{\"@type\":\"WebPage\",\"@id\":\"https:\/\/redfoxaffiliates.com\/cs\/domu\/\",\"url\":\"https:\/\/redfoxaffiliates.com\/cs\/domu\/\",\"name\":\"Partnersk\u00fd program pro RedFoxLotto.com\",\"isPartOf\":{\"@id\":\"https:\/\/redfoxaffiliates.com\/#website\"},\"datePublished\":\"2023-07-15T06:09:36+00:00\",\"dateModified\":\"2026-01-03T09:30:39+00:00\",\"description\":\"N\u00e1\u0161 partnersk\u00fd program umo\u017e\u0148uje partner\u016fm RedFoxLotto vyd\u011bl\u00e1vat provize za doporu\u010den\u00ed. Sta\u0148te se prodejn\u00edm partnerem a za\u010dn\u011bte propagovat na\u0161i online slu\u017ebu prodeje loterijn\u00edch tiket\u016f je\u0161t\u011b dnes!\",\"breadcrumb\":{\"@id\":\"https:\/\/redfoxaffiliates.com\/cs\/domu\/#breadcrumb\"},\"inLanguage\":\"cs\",\"potentialAction\":[{\"@type\":\"ReadAction\",\"target\":[\"https:\/\/redfoxaffiliates.com\/cs\/domu\/\"]}]},{\"@type\":\"BreadcrumbList\",\"@id\":\"https:\/\/redfoxaffiliates.com\/cs\/domu\/#breadcrumb\",\"itemListElement\":[{\"@type\":\"ListItem\",\"position\":1,\"name\":\"Home\",\"item\":\"https:\/\/redfoxaffiliates.com\/cs\/domu\/\"},{\"@type\":\"ListItem\",\"position\":2,\"name\":\"Dom\u016f\"}]},{\"@type\":\"WebSite\",\"@id\":\"https:\/\/redfoxaffiliates.com\/#website\",\"url\":\"https:\/\/redfoxaffiliates.com\/\",\"name\":\"RedFoxLotto Affiliate Program\",\"description\":\"The site for marketing partners of RedFoxLotto.com\",\"potentialAction\":[{\"@type\":\"SearchAction\",\"target\":{\"@type\":\"EntryPoint\",\"urlTemplate\":\"https:\/\/redfoxaffiliates.com\/?s={search_term_string}\"},\"query-input\":\"required name=search_term_string\"}],\"inLanguage\":\"cs\"}]}<\/script>\n<!-- \/ Yoast SEO plugin. -->","yoast_head_json":{"title":"Partnersk\u00fd program pro RedFoxLotto.com","description":"N\u00e1\u0161 partnersk\u00fd program umo\u017e\u0148uje partner\u016fm RedFoxLotto vyd\u011bl\u00e1vat provize za doporu\u010den\u00ed. Sta\u0148te se prodejn\u00edm partnerem a za\u010dn\u011bte propagovat na\u0161i online slu\u017ebu prodeje loterijn\u00edch tiket\u016f je\u0161t\u011b dnes!","robots":{"index":"index","follow":"follow","max-snippet":"max-snippet:-1","max-image-preview":"max-image-preview:large","max-video-preview":"max-video-preview:-1"},"canonical":"https:\/\/redfoxaffiliates.com\/cs\/domu\/","og_locale":"cs_CZ","og_type":"article","og_title":"Partnersk\u00fd program pro RedFoxLotto.com","og_description":"N\u00e1\u0161 partnersk\u00fd program umo\u017e\u0148uje partner\u016fm RedFoxLotto vyd\u011bl\u00e1vat provize za doporu\u010den\u00ed. Sta\u0148te se prodejn\u00edm partnerem a za\u010dn\u011bte propagovat na\u0161i online slu\u017ebu prodeje loterijn\u00edch tiket\u016f je\u0161t\u011b dnes!","og_url":"https:\/\/redfoxaffiliates.com\/cs\/domu\/","og_site_name":"RedFoxLotto Affiliate Program","article_modified_time":"2026-01-03T09:30:39+00:00","twitter_card":"summary_large_image","twitter_misc":{"Odhadovan\u00e1 doba \u010dten\u00ed":"2 minuty"},"schema":{"@context":"https:\/\/schema.org","@graph":[{"@type":"WebPage","@id":"https:\/\/redfoxaffiliates.com\/cs\/domu\/","url":"https:\/\/redfoxaffiliates.com\/cs\/domu\/","name":"Partnersk\u00fd program pro RedFoxLotto.com","isPartOf":{"@id":"https:\/\/redfoxaffiliates.com\/#website"},"datePublished":"2023-07-15T06:09:36+00:00","dateModified":"2026-01-03T09:30:39+00:00","description":"N\u00e1\u0161 partnersk\u00fd program umo\u017e\u0148uje partner\u016fm RedFoxLotto vyd\u011bl\u00e1vat provize za doporu\u010den\u00ed. Sta\u0148te se prodejn\u00edm partnerem a za\u010dn\u011bte propagovat na\u0161i online slu\u017ebu prodeje loterijn\u00edch tiket\u016f je\u0161t\u011b dnes!","breadcrumb":{"@id":"https:\/\/redfoxaffiliates.com\/cs\/domu\/#breadcrumb"},"inLanguage":"cs","potentialAction":[{"@type":"ReadAction","target":["https:\/\/redfoxaffiliates.com\/cs\/domu\/"]}]},{"@type":"BreadcrumbList","@id":"https:\/\/redfoxaffiliates.com\/cs\/domu\/#breadcrumb","itemListElement":[{"@type":"ListItem","position":1,"name":"Home","item":"https:\/\/redfoxaffiliates.com\/cs\/domu\/"},{"@type":"ListItem","position":2,"name":"Dom\u016f"}]},{"@type":"WebSite","@id":"https:\/\/redfoxaffiliates.com\/#website","url":"https:\/\/redfoxaffiliates.com\/","name":"RedFoxLotto Affiliate Program","description":"The site for marketing partners of RedFoxLotto.com","potentialAction":[{"@type":"SearchAction","target":{"@type":"EntryPoint","urlTemplate":"https:\/\/redfoxaffiliates.com\/?s={search_term_string}"},"query-input":"required name=search_term_string"}],"inLanguage":"cs"}]}},"_links":{"self":[{"href":"https:\/\/redfoxaffiliates.com\/cs\/wp-json\/wp\/v2\/pages\/168","targetHints":{"allow":["GET"]}}],"collection":[{"href":"https:\/\/redfoxaffiliates.com\/cs\/wp-json\/wp\/v2\/pages"}],"about":[{"href":"https:\/\/redfoxaffiliates.com\/cs\/wp-json\/wp\/v2\/types\/page"}],"author":[{"embeddable":true,"href":"https:\/\/redfoxaffiliates.com\/cs\/wp-json\/wp\/v2\/users\/1"}],"replies":[{"embeddable":true,"href":"https:\/\/redfoxaffiliates.com\/cs\/wp-json\/wp\/v2\/comments?post=168"}],"version-history":[{"count":1,"href":"https:\/\/redfoxaffiliates.com\/cs\/wp-json\/wp\/v2\/pages\/168\/revisions"}],"predecessor-version":[{"id":169,"href":"https:\/\/redfoxaffiliates.com\/cs\/wp-json\/wp\/v2\/pages\/168\/revisions\/169"}],"wp:attachment":[{"href":"https:\/\/redfoxaffiliates.com\/cs\/wp-json\/wp\/v2\/media?parent=168"}],"curies":[{"name":"wp","href":"https:\/\/api.w.org\/{rel}","templated":true}]}}